{"id":8025,"date":"2024-11-28T12:36:05","date_gmt":"2024-11-28T12:36:05","guid":{"rendered":"https:\/\/whitelip.com\/apres-appletini-extra-strong\/"},"modified":"2026-04-13T17:48:08","modified_gmt":"2026-04-13T17:48:08","slug":"apres-appletini-extra-strong","status":"publish","type":"product","link":"https:\/\/whitelip.com\/it\/apres\/apres-appletini-extra-strong\/","title":{"rendered":"APR\u00c8S Appletini Extra Strong"},"content":{"rendered":"<h2><b>APR\u00c8S Appletini Extra Strong<\/b><\/h2>\n<p><span style=\"font-weight: 400;\">Le minibuste di nicotina APR\u00c8S Appletini Extra Strong offrono un vibrante sapore di mela ispirato al classico cocktail Appletini, offrendo un'esperienza di gusto fruttata e tonificante. Ogni minibusta sottile e bianca contiene 8,3 mg di nicotina, fornendo una sensazione robusta adatta agli utenti esperti. Le minibuste sono realizzate da fibre vegetali, caratterizzate da un esterno asciutto e un interno umido per prevenire le perdite garantendo al contempo un ricco rilascio del sapore. Il design discreto garantisce una vestibilit\u00e0 confortevole sotto il labbro, permettendo l'uso in qualsiasi momento senza macchiare i denti. Prodotte da APR\u00c8S Nicotine AB, queste minibuste senza tabacco esemplificano elevati standard di qualit\u00e0 e combinazioni di sapori innovativi.<\/span><\/p>\n<table>\n<tbody>\n<tr>\n<td><b>Attributo<\/b><\/td>\n<td><b>Dettagli<\/b><\/td>\n<\/tr>\n<tr>\n<td><b>Contenuto per barattolo<\/b><\/td>\n<td><span style=\"font-weight: 400;\">11g (20 minibuste)<\/span><\/td>\n<\/tr>\n<tr>\n<td><b>Contenuto di nicotina<\/b><\/td>\n<td><span style=\"font-weight: 400;\">15 mg\/g (8,3 mg per minibusta)<\/span><\/td>\n<\/tr>\n<tr>\n<td><b>Formato della busta<\/b><\/td>\n<td><span style=\"font-weight: 400;\">Magro<\/span><\/td>\n<\/tr>\n<tr>\n<td><b>Produttore<\/b><\/td>\n<td><span style=\"font-weight: 400;\">APR\u00c8S Nicotine AB<\/span><\/td>\n<\/tr>\n<tr>\n<td><b>Sapore<\/b><\/td>\n<td><span style=\"font-weight: 400;\">Mela<\/span><\/td>\n<\/tr>\n<tr>\n<td><b>Tipo<\/b><\/td>\n<td><span style=\"font-weight: 400;\">Astuccio tutto bianco<\/span><\/td>\n<\/tr>\n<\/tbody>\n<\/table>\n<p>\u00a0<\/p>","protected":false},"excerpt":{"rendered":"<p>Vibrante <strong data-start=\"8\" data-end=\"38\">mela<\/strong>\u00a0per un gusto fruttato e tonificante. Il <strong data-start=\"77\" data-end=\"96\">sottile, <\/strong>Le bustine completamente bianche si posizionano in modo discreto e confortevole sotto il labbro per un uso pulito e in qualsiasi momento. Ogni sacchetto contiene <strong data-start=\"194\" data-end=\"213\">8,3 mg di nicotina<\/strong>, offrendo un calcio extra-forte e costante. Realizzato con fibre vegetali caratterizzate da un esterno asciutto e un interno umido per ridurre la perdita mentre si migliora il rilascio del sapore, da APR\u00c8S Nicotine AB.<\/p>","protected":false},"featured_media":8026,"comment_status":"open","ping_status":"closed","template":"","format":[206],"meta":{"_acf_changed":false},"product_brand":[],"product_cat":[41],"product_tag":[16553],"flavours":[196],"nicotine":[212,232],"class_list":{"0":"post-8025","1":"product","2":"type-product","3":"status-publish","4":"has-post-thumbnail","6":"product_cat-apres","7":"product_tag-8-3-mg-pouch","8":"pa_quantity-1-pack","9":"pa_quantity-10-pack","10":"pa_quantity-3-pack","11":"pa_quantity-30-pack","12":"pa_quantity-5-pack","13":"pa_quantity-60-pack","14":"flavours-fruits-berries","15":"format-slim","16":"nicotine-15-mg-g","17":"nicotine-extra-strong","19":"first","20":"outofstock","21":"taxable","22":"shipping-taxable","23":"purchasable","24":"product-type-variable"},"acf":[],"_links":{"self":[{"href":"https:\/\/whitelip.com\/it\/wp-json\/wp\/v2\/product\/8025","targetHints":{"allow":["GET"]}}],"collection":[{"href":"https:\/\/whitelip.com\/it\/wp-json\/wp\/v2\/product"}],"about":[{"href":"https:\/\/whitelip.com\/it\/wp-json\/wp\/v2\/types\/product"}],"replies":[{"embeddable":true,"href":"https:\/\/whitelip.com\/it\/wp-json\/wp\/v2\/comments?post=8025"}],"wp:featuredmedia":[{"embeddable":true,"href":"https:\/\/whitelip.com\/it\/wp-json\/wp\/v2\/media\/8026"}],"wp:attachment":[{"href":"https:\/\/whitelip.com\/it\/wp-json\/wp\/v2\/media?parent=8025"}],"wp:term":[{"taxonomy":"product_brand","embeddable":true,"href":"https:\/\/whitelip.com\/it\/wp-json\/wp\/v2\/product_brand?post=8025"},{"taxonomy":"product_cat","embeddable":true,"href":"https:\/\/whitelip.com\/it\/wp-json\/wp\/v2\/product_cat?post=8025"},{"taxonomy":"product_tag","embeddable":true,"href":"https:\/\/whitelip.com\/it\/wp-json\/wp\/v2\/product_tag?post=8025"},{"taxonomy":"flavours","embeddable":true,"href":"https:\/\/whitelip.com\/it\/wp-json\/wp\/v2\/flavours?post=8025"},{"taxonomy":"format","embeddable":true,"href":"https:\/\/whitelip.com\/it\/wp-json\/wp\/v2\/format?post=8025"},{"taxonomy":"nicotine","embeddable":true,"href":"https:\/\/whitelip.com\/it\/wp-json\/wp\/v2\/nicotine?post=8025"}],"curies":[{"name":"wp","href":"https:\/\/api.w.org\/{rel}","templated":true}]}}