{"id":7985,"date":"2024-12-20T19:39:09","date_gmt":"2024-12-20T19:39:09","guid":{"rendered":"https:\/\/whitelip.com\/xqs-fizzy-cola-light\/"},"modified":"2026-04-13T17:36:45","modified_gmt":"2026-04-13T17:36:45","slug":"xqs-fizzy-cola-light","status":"publish","type":"product","link":"https:\/\/whitelip.com\/it\/xqs\/xqs-fizzy-cola-light\/","title":{"rendered":"XQS Cola frizzante light"},"content":{"rendered":"<h2><b>XQS Cola frizzante light<\/b><\/h2>\n<p><span style=\"font-weight: 400;\">XQS Fizzy Cola Light offre una <\/span><b>gusto cola dolce e piccante<\/b><span style=\"font-weight: 400;\"> con una sottile sensazione di frizzantezza, offrendo un'esperienza di nicotina divertente e rinfrescante. Questo gusto leggero e nostalgico \u00e8 perfetto per gli utenti che cercano un'opzione a nicotina leggera con un tocco giocoso. Ogni bustina sottile e completamente bianca contiene <\/span><b>4 mg di nicotina<\/b><span style=\"font-weight: 400;\">, che garantisce un rilascio delicato e costante per un uso piacevole e quotidiano.<\/span><\/p>\n<p><span style=\"font-weight: 400;\">Il formato sottile assicura una vestibilit\u00e0 discreta e confortevole sotto le labbra, consentendo un uso pulito e senza macchie ovunque ci si trovi. Completamente priva di tabacco e realizzata con materiali vegetali di alta qualit\u00e0, XQS Fizzy Cola Light \u00e8 una moderna alternativa alla nicotina per chi ama il gusto morbido della cola con un'intensit\u00e0 di nicotina pi\u00f9 leggera.<\/span><\/p>\n<table>\n<tbody>\n<tr>\n<td><b>Attributo<\/b><\/td>\n<td><b>Dettagli<\/b><\/td>\n<\/tr>\n<tr>\n<td><b>Marchio<\/b><\/td>\n<td><span style=\"font-weight: 400;\">XQS<\/span><\/td>\n<\/tr>\n<tr>\n<td><b>Tipo di prodotto<\/b><\/td>\n<td><span style=\"font-weight: 400;\">Tutti i sacchetti di nicotina bianchi<\/span><\/td>\n<\/tr>\n<tr>\n<td><b>Formato<\/b><\/td>\n<td><span style=\"font-weight: 400;\">Magro<\/span><\/td>\n<\/tr>\n<tr>\n<td><b>Sapore<\/b><\/td>\n<td><span style=\"font-weight: 400;\">Cola frizzante<\/span><\/td>\n<\/tr>\n<tr>\n<td><b>Forza della nicotina<\/b><\/td>\n<td><span style=\"font-weight: 400;\">4 mg per bustina (5 mg\/g)<\/span><\/td>\n<\/tr>\n<tr>\n<td><b>Peso della porzione<\/b><\/td>\n<td><span style=\"font-weight: 400;\">0,75 grammi<\/span><\/td>\n<\/tr>\n<tr>\n<td><b>Numero di porzioni<\/b><\/td>\n<td><span style=\"font-weight: 400;\">20 per barattolo<\/span><\/td>\n<\/tr>\n<tr>\n<td><b>Peso totale della lattina<\/b><\/td>\n<td><span style=\"font-weight: 400;\">15 grammi<\/span><\/td>\n<\/tr>\n<tr>\n<td><b>Produttore<\/b><\/td>\n<td><span style=\"font-weight: 400;\">XQS Internazionale<\/span><\/td>\n<\/tr>\n<tr>\n<td><b>Caratteristiche di rilievo<\/b><\/td>\n<td><span style=\"font-weight: 400;\">Senza tabacco, formato slim, sapore di cola dolce e aspro con torsione frizzante<\/span><\/td>\n<\/tr>\n<\/tbody>\n<\/table>","protected":false},"excerpt":{"rendered":"<p>XQS <strong data-start=\"4\" data-end=\"18\">Cola frizzante<\/strong> <strong data-start=\"19\" data-end=\"28\">Luce<\/strong> offre una cola dolce e piccante con una sottile sensazione di frizzantezza per un profilo divertente e rinfrescante. Il <strong data-start=\"120\" data-end=\"128\">magro<\/strong>, Le buste completamente bianche sono discrete e confortevoli. Ogni sacchetto contiene <strong>4 mg di nicotina<\/strong> per un rilascio delicato e costante adatto all'uso quotidiano.<\/p>","protected":false},"featured_media":7986,"comment_status":"open","ping_status":"closed","template":"","format":[206],"meta":{"_acf_changed":false},"product_brand":[],"product_cat":[27],"product_tag":[16585],"flavours":[193],"nicotine":[230,236],"class_list":{"0":"post-7985","1":"product","2":"type-product","3":"status-publish","4":"has-post-thumbnail","6":"product_cat-xqs","7":"product_tag-4-mg-pouch","8":"pa_quantity-1-pack","9":"pa_quantity-10-pack","10":"pa_quantity-5-pack","11":"flavours-cola","12":"format-slim","13":"nicotine-8-mg-g","14":"nicotine-strong","16":"first","17":"outofstock","18":"taxable","19":"shipping-taxable","20":"purchasable","21":"product-type-variable"},"acf":[],"_links":{"self":[{"href":"https:\/\/whitelip.com\/it\/wp-json\/wp\/v2\/product\/7985","targetHints":{"allow":["GET"]}}],"collection":[{"href":"https:\/\/whitelip.com\/it\/wp-json\/wp\/v2\/product"}],"about":[{"href":"https:\/\/whitelip.com\/it\/wp-json\/wp\/v2\/types\/product"}],"replies":[{"embeddable":true,"href":"https:\/\/whitelip.com\/it\/wp-json\/wp\/v2\/comments?post=7985"}],"wp:featuredmedia":[{"embeddable":true,"href":"https:\/\/whitelip.com\/it\/wp-json\/wp\/v2\/media\/7986"}],"wp:attachment":[{"href":"https:\/\/whitelip.com\/it\/wp-json\/wp\/v2\/media?parent=7985"}],"wp:term":[{"taxonomy":"product_brand","embeddable":true,"href":"https:\/\/whitelip.com\/it\/wp-json\/wp\/v2\/product_brand?post=7985"},{"taxonomy":"product_cat","embeddable":true,"href":"https:\/\/whitelip.com\/it\/wp-json\/wp\/v2\/product_cat?post=7985"},{"taxonomy":"product_tag","embeddable":true,"href":"https:\/\/whitelip.com\/it\/wp-json\/wp\/v2\/product_tag?post=7985"},{"taxonomy":"flavours","embeddable":true,"href":"https:\/\/whitelip.com\/it\/wp-json\/wp\/v2\/flavours?post=7985"},{"taxonomy":"format","embeddable":true,"href":"https:\/\/whitelip.com\/it\/wp-json\/wp\/v2\/format?post=7985"},{"taxonomy":"nicotine","embeddable":true,"href":"https:\/\/whitelip.com\/it\/wp-json\/wp\/v2\/nicotine?post=7985"}],"curies":[{"name":"wp","href":"https:\/\/api.w.org\/{rel}","templated":true}]}}