{"id":65235,"date":"2026-02-02T10:46:27","date_gmt":"2026-02-02T10:46:27","guid":{"rendered":"https:\/\/whitelip.com\/?post_type=product&#038;p=65235"},"modified":"2026-05-08T10:11:44","modified_gmt":"2026-05-08T10:11:44","slug":"nois-blueberry-ice-4mg","status":"publish","type":"product","link":"https:\/\/whitelip.com\/it\/nois\/nois-blueberry-ice-4mg\/","title":{"rendered":"NOIS Mirtillo Ghiacciato 4mg"},"content":{"rendered":"<h2>NOIS Mirtillo Ghiacciato 4mg<\/h2>\n<p data-start=\"283\" data-end=\"577\">NOIS Blueberry Ice 4MG \u00e8 un sacchetto di nicotina con aroma di mirtillo e menta in formato slim. L'aroma si manifesta velocemente e combina note nitide di mirtillo con mentolo rinfrescante, risultando in una finitura fresca. Il prodotto \u00e8 senza tabacco ed \u00e8 stato progettato con un contenuto di nicotina pi\u00f9 basso per sacchetto.<\/p>\n<p data-start=\"579\" data-end=\"829\">Ogni sacchetto contiene 4 mg di nicotina. I sacchetti sono prodotti in formato slim pensato per un posizionamento confortevole e discreto sotto il labbro superiore. La composizione \u00e8 progettata per evitare la decolorazione dei denti associata ai prodotti contenenti tabacco.<\/p>\n<p data-start=\"831\" data-end=\"959\">I sacchetti di nicotina NOIS sono prodotti da HRJ Production O\u00dc in Estonia. La produzione segue rigorosi standard di controllo qualit\u00e0.<\/p>\n<table>\n<tbody>\n<tr>\n<td><b>Attributo<\/b><\/td>\n<td><b>Dettagli<\/b><\/td>\n<\/tr>\n<tr>\n<td><b>Marchio<\/b><\/td>\n<td><span style=\"font-weight: 400;\">NOIS<\/span><\/td>\n<\/tr>\n<tr>\n<td><b>Tipo di prodotto<\/b><\/td>\n<td><span style=\"font-weight: 400;\">Tutti i sacchetti di nicotina bianchi<\/span><\/td>\n<\/tr>\n<tr>\n<td><b>Formato<\/b><\/td>\n<td><span style=\"font-weight: 400;\">Magro<\/span><\/td>\n<\/tr>\n<tr>\n<td><b>Sapore<\/b><\/td>\n<td><span style=\"font-weight: 400;\">Mirtillo, menta<\/span><\/td>\n<\/tr>\n<tr>\n<td><b>Forza della nicotina<\/b><\/td>\n<td><span style=\"font-weight: 400;\">4 mg per sacchetto\u00a0<\/span><\/td>\n<\/tr>\n<tr>\n<td><b>Peso della porzione<\/b><\/td>\n<td><span style=\"font-weight: 400;\">0,5 grammi<\/span><\/td>\n<\/tr>\n<tr>\n<td><b>Numero di porzioni<\/b><\/td>\n<td><span style=\"font-weight: 400;\">30 per lattina<\/span><\/td>\n<\/tr>\n<tr>\n<td><b>Peso totale della lattina<\/b><\/td>\n<td><span style=\"font-weight: 400;\">15 grammi<\/span><\/td>\n<\/tr>\n<tr>\n<td><b>Produttore<\/b><\/td>\n<td><span style=\"font-weight: 400;\">HRJ Production O\u00dc<\/span><\/td>\n<\/tr>\n<tr>\n<td><b>Caratteristiche di rilievo<\/b><\/td>\n<td><span style=\"font-weight: 400;\">Senza tabacco, formato slim<\/span><\/td>\n<\/tr>\n<\/tbody>\n<\/table>","protected":false},"excerpt":{"rendered":"<p data-start=\"991\" data-end=\"1124\">Sacchetti di nicotina NOIS Blueberry Ice 4MG con <strong data-start=\"1036\" data-end=\"1058\">Mirtillo e Menta<\/strong> sapore in <strong data-start=\"1069\" data-end=\"1077\">Magro<\/strong> formato. Ogni busta contiene <strong data-start=\"1106\" data-end=\"1123\">4 mg di nicotina<\/strong>.<\/p>","protected":false},"featured_media":65263,"comment_status":"open","ping_status":"closed","template":"","format":[206],"meta":{"_acf_changed":false},"product_brand":[],"product_cat":[127],"product_tag":[16585],"flavours":[196,199],"nicotine":[230,236],"class_list":{"0":"post-65235","1":"product","2":"type-product","3":"status-publish","4":"has-post-thumbnail","6":"product_cat-nois","7":"product_tag-4-mg-pouch","8":"pa_quantity-1-pack","9":"pa_quantity-10-pack","10":"pa_quantity-2-pack","11":"pa_quantity-3-pack","12":"pa_quantity-30-pack","13":"pa_quantity-5-pack","14":"pa_quantity-60-pack","15":"flavours-fruits-berries","16":"flavours-mint","17":"format-slim","18":"nicotine-8-mg-g","19":"nicotine-strong","21":"first","22":"instock","23":"taxable","24":"shipping-taxable","25":"purchasable","26":"product-type-variable","27":"has-default-attributes"},"acf":[],"_links":{"self":[{"href":"https:\/\/whitelip.com\/it\/wp-json\/wp\/v2\/product\/65235","targetHints":{"allow":["GET"]}}],"collection":[{"href":"https:\/\/whitelip.com\/it\/wp-json\/wp\/v2\/product"}],"about":[{"href":"https:\/\/whitelip.com\/it\/wp-json\/wp\/v2\/types\/product"}],"replies":[{"embeddable":true,"href":"https:\/\/whitelip.com\/it\/wp-json\/wp\/v2\/comments?post=65235"}],"wp:featuredmedia":[{"embeddable":true,"href":"https:\/\/whitelip.com\/it\/wp-json\/wp\/v2\/media\/65263"}],"wp:attachment":[{"href":"https:\/\/whitelip.com\/it\/wp-json\/wp\/v2\/media?parent=65235"}],"wp:term":[{"taxonomy":"product_brand","embeddable":true,"href":"https:\/\/whitelip.com\/it\/wp-json\/wp\/v2\/product_brand?post=65235"},{"taxonomy":"product_cat","embeddable":true,"href":"https:\/\/whitelip.com\/it\/wp-json\/wp\/v2\/product_cat?post=65235"},{"taxonomy":"product_tag","embeddable":true,"href":"https:\/\/whitelip.com\/it\/wp-json\/wp\/v2\/product_tag?post=65235"},{"taxonomy":"flavours","embeddable":true,"href":"https:\/\/whitelip.com\/it\/wp-json\/wp\/v2\/flavours?post=65235"},{"taxonomy":"format","embeddable":true,"href":"https:\/\/whitelip.com\/it\/wp-json\/wp\/v2\/format?post=65235"},{"taxonomy":"nicotine","embeddable":true,"href":"https:\/\/whitelip.com\/it\/wp-json\/wp\/v2\/nicotine?post=65235"}],"curies":[{"name":"wp","href":"https:\/\/api.w.org\/{rel}","templated":true}]}}