{"id":64180,"date":"2026-01-26T13:14:29","date_gmt":"2026-01-26T13:14:29","guid":{"rendered":"https:\/\/whitelip.com\/?post_type=product&#038;p=64180"},"modified":"2026-04-29T10:11:27","modified_gmt":"2026-04-29T10:11:27","slug":"killa-flash-original","status":"publish","type":"product","link":"https:\/\/whitelip.com\/it\/killa\/killa-flash-original\/","title":{"rendered":"KILLA Flash Originale"},"content":{"rendered":"<h2>KILLA Flash Originale<\/h2>\n<p data-start=\"270\" data-end=\"499\">KILLA Original sono bustine di nicotina con un profilo aromatico alla menta. Il sapore si manifesta presto e ha un carattere di menta e diretto. Il prodotto \u00e8 senza tabacco ed \u00e8 prodotto da N.G.P Tobacco ApS in Danimarca. Le bustine sono prodotte come bustine di nicotina bianche. Il contenuto di nicotina \u00e8 specificato come 5 mg di nicotina per grammo. Il peso netto totale per lattina \u00e8 di 24 grammi. Il prodotto \u00e8 formulato utilizzando acqua, cellulosa, regolatori di acidit\u00e0, umettanti, aromi naturali, nicotina e conservanti. KILLA Original fa parte della gamma KILLA di bustine di nicotina senza tabacco ed \u00e8 prodotta con un contenuto di nicotina inferiore per grammo.<\/p>\n<table>\n<tbody>\n<tr>\n<td><b>Attributo<\/b><\/td>\n<td><b>Dettagli<\/b><\/td>\n<\/tr>\n<tr>\n<td><span style=\"font-weight: 400;\">Contenuto per barattolo<\/span><\/td>\n<td><span style=\"font-weight: 400;\">24g (20 buste)<\/span><\/td>\n<\/tr>\n<tr>\n<td><span style=\"font-weight: 400;\">Contenuto di nicotina<\/span><\/td>\n<td><span style=\"font-weight: 400;\">5 mg\/g (4 mg per sacchetto)<\/span><\/td>\n<\/tr>\n<tr>\n<td><span style=\"font-weight: 400;\">Formato della busta<\/span><\/td>\n<td><span style=\"font-weight: 400;\">Magro<\/span><\/td>\n<\/tr>\n<tr>\n<td><span style=\"font-weight: 400;\">Produttore<\/span><\/td>\n<td><span style=\"font-weight: 400;\">Impero N.G.P.<\/span><\/td>\n<\/tr>\n<tr>\n<td><span style=\"font-weight: 400;\">Sapore<\/span><\/td>\n<td><span style=\"font-weight: 400;\">Menta<\/span><\/td>\n<\/tr>\n<tr>\n<td><span style=\"font-weight: 400;\">Tipo<\/span><\/td>\n<td><span style=\"font-weight: 400;\">Astuccio completamente bianco, senza tabacco<\/span><\/td>\n<\/tr>\n<\/tbody>\n<\/table>","protected":false},"excerpt":{"rendered":"<p>KILLA bustine di nicotina originali con <b>menta <\/b>aroma. Il contenuto di nicotina \u00e8 <strong data-start=\"1038\" data-end=\"1055\">5 mg per grammo<\/strong>.<\/p>","protected":false},"featured_media":64228,"comment_status":"open","ping_status":"closed","template":"","format":[206],"meta":{"_acf_changed":false},"product_brand":[],"product_cat":[64],"product_tag":[16585],"flavours":[199],"nicotine":[224,234],"class_list":{"0":"post-64180","1":"product","2":"type-product","3":"status-publish","4":"has-post-thumbnail","6":"product_cat-killa","7":"product_tag-4-mg-pouch","8":"pa_quantity-1-pack","9":"pa_quantity-10-pack","10":"pa_quantity-3-pack","11":"pa_quantity-30-pack","12":"pa_quantity-5-pack","13":"pa_quantity-60-pack","14":"flavours-mint","15":"format-slim","16":"nicotine-4-mg-g","17":"nicotine-mild","19":"first","20":"instock","21":"taxable","22":"shipping-taxable","23":"purchasable","24":"product-type-variable"},"acf":[],"_links":{"self":[{"href":"https:\/\/whitelip.com\/it\/wp-json\/wp\/v2\/product\/64180","targetHints":{"allow":["GET"]}}],"collection":[{"href":"https:\/\/whitelip.com\/it\/wp-json\/wp\/v2\/product"}],"about":[{"href":"https:\/\/whitelip.com\/it\/wp-json\/wp\/v2\/types\/product"}],"replies":[{"embeddable":true,"href":"https:\/\/whitelip.com\/it\/wp-json\/wp\/v2\/comments?post=64180"}],"wp:featuredmedia":[{"embeddable":true,"href":"https:\/\/whitelip.com\/it\/wp-json\/wp\/v2\/media\/64228"}],"wp:attachment":[{"href":"https:\/\/whitelip.com\/it\/wp-json\/wp\/v2\/media?parent=64180"}],"wp:term":[{"taxonomy":"product_brand","embeddable":true,"href":"https:\/\/whitelip.com\/it\/wp-json\/wp\/v2\/product_brand?post=64180"},{"taxonomy":"product_cat","embeddable":true,"href":"https:\/\/whitelip.com\/it\/wp-json\/wp\/v2\/product_cat?post=64180"},{"taxonomy":"product_tag","embeddable":true,"href":"https:\/\/whitelip.com\/it\/wp-json\/wp\/v2\/product_tag?post=64180"},{"taxonomy":"flavours","embeddable":true,"href":"https:\/\/whitelip.com\/it\/wp-json\/wp\/v2\/flavours?post=64180"},{"taxonomy":"format","embeddable":true,"href":"https:\/\/whitelip.com\/it\/wp-json\/wp\/v2\/format?post=64180"},{"taxonomy":"nicotine","embeddable":true,"href":"https:\/\/whitelip.com\/it\/wp-json\/wp\/v2\/nicotine?post=64180"}],"curies":[{"name":"wp","href":"https:\/\/api.w.org\/{rel}","templated":true}]}}