{"id":64104,"date":"2026-01-26T12:58:44","date_gmt":"2026-01-26T12:58:44","guid":{"rendered":"https:\/\/whitelip.com\/?post_type=product&#038;p=64104"},"modified":"2026-04-21T10:11:44","modified_gmt":"2026-04-21T10:11:44","slug":"killa-flash-melon","status":"publish","type":"product","link":"https:\/\/whitelip.com\/it\/killa\/killa-flash-melon\/","title":{"rendered":"KILLA Melone Flash"},"content":{"rendered":"<h2>KILLA Melone Flash<\/h2>\n<p data-start=\"263\" data-end=\"483\">KILLA Melon \u00e8 una busta di nicotina al gusto di melone. L'aroma viene introdotto precocemente e ha un chiaro carattere di melone con una leggera dolcezza. Il prodotto \u00e8 privo di tabacco ed \u00e8 prodotto da N.G.P Tobacco ApS in Danimarca. Le buste sono prodotte come buste bianche con nicotina. Il contenuto di nicotina \u00e8 specificato in 5 mg di nicotina per grammo. Il peso netto totale per barattolo \u00e8 di 24 grammi. Il prodotto \u00e8 formulato con acqua, cellulosa, regolatori di acidit\u00e0, umettanti, aromi naturali, nicotina e conservanti. KILLA Melon fa parte della gamma KILLA di buste con nicotina senza tabacco ed \u00e8 prodotto con un contenuto inferiore di nicotina per grammo.<\/p>\n<table>\n<tbody>\n<tr>\n<td><b>Attributo<\/b><\/td>\n<td><b>Dettagli<\/b><\/td>\n<\/tr>\n<tr>\n<td><span style=\"font-weight: 400;\">Contenuto per barattolo<\/span><\/td>\n<td><span style=\"font-weight: 400;\">24g (20 buste)<\/span><\/td>\n<\/tr>\n<tr>\n<td><span style=\"font-weight: 400;\">Contenuto di nicotina<\/span><\/td>\n<td><span style=\"font-weight: 400;\">5 mg\/g (4 mg per sacchetto)<\/span><\/td>\n<\/tr>\n<tr>\n<td><span style=\"font-weight: 400;\">Formato della busta<\/span><\/td>\n<td><span style=\"font-weight: 400;\">Magro<\/span><\/td>\n<\/tr>\n<tr>\n<td><span style=\"font-weight: 400;\">Produttore<\/span><\/td>\n<td><span style=\"font-weight: 400;\">Impero N.G.P.<\/span><\/td>\n<\/tr>\n<tr>\n<td><span style=\"font-weight: 400;\">Sapore<\/span><\/td>\n<td><span style=\"font-weight: 400;\">Melone<\/span><\/td>\n<\/tr>\n<tr>\n<td><span style=\"font-weight: 400;\">Tipo<\/span><\/td>\n<td><span style=\"font-weight: 400;\">Astuccio completamente bianco, senza tabacco<\/span><\/td>\n<\/tr>\n<\/tbody>\n<\/table>","protected":false},"excerpt":{"rendered":"<p>Sacchetti di nicotina KILLA Melon con <strong data-start=\"975\" data-end=\"984\">Melone<\/strong> aroma. Il contenuto di nicotina \u00e8 <strong data-start=\"1013\" data-end=\"1030\">5 mg per grammo<\/strong>.<\/p>","protected":false},"featured_media":64128,"comment_status":"open","ping_status":"closed","template":"","format":[206],"meta":{"_acf_changed":false},"product_brand":[],"product_cat":[64],"product_tag":[16585],"flavours":[196],"nicotine":[224,234],"class_list":{"0":"post-64104","1":"product","2":"type-product","3":"status-publish","4":"has-post-thumbnail","6":"product_cat-killa","7":"product_tag-4-mg-pouch","8":"pa_quantity-1-pack","9":"pa_quantity-10-pack","10":"pa_quantity-3-pack","11":"pa_quantity-30-pack","12":"pa_quantity-5-pack","13":"pa_quantity-60-pack","14":"flavours-fruits-berries","15":"format-slim","16":"nicotine-4-mg-g","17":"nicotine-mild","19":"first","20":"outofstock","21":"taxable","22":"shipping-taxable","23":"purchasable","24":"product-type-variable"},"acf":[],"_links":{"self":[{"href":"https:\/\/whitelip.com\/it\/wp-json\/wp\/v2\/product\/64104","targetHints":{"allow":["GET"]}}],"collection":[{"href":"https:\/\/whitelip.com\/it\/wp-json\/wp\/v2\/product"}],"about":[{"href":"https:\/\/whitelip.com\/it\/wp-json\/wp\/v2\/types\/product"}],"replies":[{"embeddable":true,"href":"https:\/\/whitelip.com\/it\/wp-json\/wp\/v2\/comments?post=64104"}],"wp:featuredmedia":[{"embeddable":true,"href":"https:\/\/whitelip.com\/it\/wp-json\/wp\/v2\/media\/64128"}],"wp:attachment":[{"href":"https:\/\/whitelip.com\/it\/wp-json\/wp\/v2\/media?parent=64104"}],"wp:term":[{"taxonomy":"product_brand","embeddable":true,"href":"https:\/\/whitelip.com\/it\/wp-json\/wp\/v2\/product_brand?post=64104"},{"taxonomy":"product_cat","embeddable":true,"href":"https:\/\/whitelip.com\/it\/wp-json\/wp\/v2\/product_cat?post=64104"},{"taxonomy":"product_tag","embeddable":true,"href":"https:\/\/whitelip.com\/it\/wp-json\/wp\/v2\/product_tag?post=64104"},{"taxonomy":"flavours","embeddable":true,"href":"https:\/\/whitelip.com\/it\/wp-json\/wp\/v2\/flavours?post=64104"},{"taxonomy":"format","embeddable":true,"href":"https:\/\/whitelip.com\/it\/wp-json\/wp\/v2\/format?post=64104"},{"taxonomy":"nicotine","embeddable":true,"href":"https:\/\/whitelip.com\/it\/wp-json\/wp\/v2\/nicotine?post=64104"}],"curies":[{"name":"wp","href":"https:\/\/api.w.org\/{rel}","templated":true}]}}