{"id":63846,"date":"2026-01-26T09:55:57","date_gmt":"2026-01-26T09:55:57","guid":{"rendered":"https:\/\/whitelip.com\/?post_type=product&#038;p=63846"},"modified":"2026-05-06T10:11:31","modified_gmt":"2026-05-06T10:11:31","slug":"fumi-spearmint-ultra-strong","status":"publish","type":"product","link":"https:\/\/whitelip.com\/it\/fumi\/fumi-spearmint-ultra-strong\/","title":{"rendered":"FUMi Menta speziata ultra forte"},"content":{"rendered":"<h2>FUMi Menta speziata ultra forte<\/h2>\n<p data-start=\"237\" data-end=\"479\">FUMi Spearmint Ultra Strong \u00e8 una busta di nicotina al gusto di menta in formato slim. L'aroma \u00e8 stato introdotto in anticipo e ha un chiaro carattere di menta. Il prodotto \u00e8 privo di tabacco ed \u00e8 prodotto da Helix Sweden con il marchio FUMi. Le bustine sono fornite in formato slim con un design stretto. Ogni barattolo contiene 20 bustine di nicotina. Il contenuto di nicotina \u00e8 di 15 mg per busta e 21,4 mg di nicotina per grammo. Il prodotto \u00e8 classificato come ultra forte in base al suo contenuto di nicotina per busta. FUMi Spearmint Ultra Strong fa parte della gamma di buste di nicotina senza tabacco FUMi.<\/p>\n<table>\n<tbody>\n<tr>\n<td><b>Attributo<\/b><\/td>\n<td><b>Dettagli<\/b><\/td>\n<\/tr>\n<tr>\n<td><span style=\"font-weight: 400;\">Contenuto per barattolo<\/span><\/td>\n<td><span style=\"font-weight: 400;\">14g (20 bustine)<\/span><\/td>\n<\/tr>\n<tr>\n<td><span style=\"font-weight: 400;\">Contenuto di nicotina<\/span><\/td>\n<td><span style=\"font-weight: 400;\">15 mg per bustina<\/span><\/td>\n<\/tr>\n<tr>\n<td><span style=\"font-weight: 400;\">Formato della busta<\/span><\/td>\n<td><span style=\"font-weight: 400;\">Magro<\/span><\/td>\n<\/tr>\n<tr>\n<td><span style=\"font-weight: 400;\">Produttore<\/span><\/td>\n<td><span style=\"font-weight: 400;\">FUMI<\/span><\/td>\n<\/tr>\n<tr>\n<td><span style=\"font-weight: 400;\">Sapore<\/span><\/td>\n<td><span style=\"font-weight: 400;\">Menta speziata<\/span><\/td>\n<\/tr>\n<tr>\n<td><span style=\"font-weight: 400;\">Tipo<\/span><\/td>\n<td><span style=\"font-weight: 400;\">Astuccio completamente bianco, senza tabacco<\/span><\/td>\n<\/tr>\n<\/tbody>\n<\/table>","protected":false},"excerpt":{"rendered":"<p data-start=\"901\" data-end=\"1023\">FUMi Spearmint Ultra Strong sacchetti di nicotina con <strong data-start=\"913\" data-end=\"926\">Menta speziata<\/strong> sapore in <strong data-start=\"937\" data-end=\"945\">Magro<\/strong> formato. Ogni busta contiene <strong data-start=\"974\" data-end=\"992\">15 mg di nicotina<\/strong>.<\/p>","protected":false},"featured_media":64593,"comment_status":"open","ping_status":"closed","template":"","format":[206],"meta":{"_acf_changed":false},"product_brand":[],"product_cat":[245],"product_tag":[16571],"flavours":[199],"nicotine":[218,232],"class_list":{"0":"post-63846","1":"product","2":"type-product","3":"status-publish","4":"has-post-thumbnail","6":"product_cat-fumi","7":"product_tag-15-mg-pouch","8":"pa_quantity-1-pack","9":"pa_quantity-10-pack","10":"pa_quantity-3-pack","11":"pa_quantity-30-pack","12":"pa_quantity-5-pack","13":"pa_quantity-60-pack","14":"flavours-mint","15":"format-slim","16":"nicotine-20-mg-g","17":"nicotine-extra-strong","19":"first","20":"instock","21":"taxable","22":"shipping-taxable","23":"purchasable","24":"product-type-variable"},"acf":[],"_links":{"self":[{"href":"https:\/\/whitelip.com\/it\/wp-json\/wp\/v2\/product\/63846","targetHints":{"allow":["GET"]}}],"collection":[{"href":"https:\/\/whitelip.com\/it\/wp-json\/wp\/v2\/product"}],"about":[{"href":"https:\/\/whitelip.com\/it\/wp-json\/wp\/v2\/types\/product"}],"replies":[{"embeddable":true,"href":"https:\/\/whitelip.com\/it\/wp-json\/wp\/v2\/comments?post=63846"}],"wp:featuredmedia":[{"embeddable":true,"href":"https:\/\/whitelip.com\/it\/wp-json\/wp\/v2\/media\/64593"}],"wp:attachment":[{"href":"https:\/\/whitelip.com\/it\/wp-json\/wp\/v2\/media?parent=63846"}],"wp:term":[{"taxonomy":"product_brand","embeddable":true,"href":"https:\/\/whitelip.com\/it\/wp-json\/wp\/v2\/product_brand?post=63846"},{"taxonomy":"product_cat","embeddable":true,"href":"https:\/\/whitelip.com\/it\/wp-json\/wp\/v2\/product_cat?post=63846"},{"taxonomy":"product_tag","embeddable":true,"href":"https:\/\/whitelip.com\/it\/wp-json\/wp\/v2\/product_tag?post=63846"},{"taxonomy":"flavours","embeddable":true,"href":"https:\/\/whitelip.com\/it\/wp-json\/wp\/v2\/flavours?post=63846"},{"taxonomy":"format","embeddable":true,"href":"https:\/\/whitelip.com\/it\/wp-json\/wp\/v2\/format?post=63846"},{"taxonomy":"nicotine","embeddable":true,"href":"https:\/\/whitelip.com\/it\/wp-json\/wp\/v2\/nicotine?post=63846"}],"curies":[{"name":"wp","href":"https:\/\/api.w.org\/{rel}","templated":true}]}}