{"id":62415,"date":"2026-01-19T13:17:49","date_gmt":"2026-01-19T13:17:49","guid":{"rendered":"https:\/\/whitelip.com\/?post_type=product&#038;p=62415"},"modified":"2026-04-22T10:11:49","modified_gmt":"2026-04-22T10:11:49","slug":"juice-head-watermelon-strawberry-9mg","status":"publish","type":"product","link":"https:\/\/whitelip.com\/it\/juice-head\/juice-head-watermelon-strawberry-9mg\/","title":{"rendered":"Succo di testa anguria fragola 9mg"},"content":{"rendered":"<h1 data-start=\"2075\" data-end=\"2113\">Succo di testa anguria fragola 9mg<\/h1>\n<p data-start=\"2144\" data-end=\"2448\">Juice Head Watermelon Strawberry 9mg \u00e8 una busta di nicotina al gusto di anguria e fragola in formato slim. Il gusto \u00e8 stato introdotto in anticipo e combina il fruttato dell'anguria con chiare note di fragola. Il prodotto \u00e8 privo di tabacco ed \u00e8 prodotto da Streamline Group Inc con il marchio Juice Head. Le buste sono consegnate in formato slim e sono costituite da buste strette. Il contenuto di nicotina \u00e8 di 9 mg per busta e di 13 mg di nicotina per grammo. Il prodotto \u00e8 classificato come forte in base al suo contenuto di nicotina per busta. Juice Head Watermelon Strawberry 9mg fa parte della gamma Juice Head di buste di nicotina senza tabacco.<\/p>\n<table>\n<tbody>\n<tr>\n<td><b>Attributo<\/b><\/td>\n<td><b>Dettagli<\/b><\/td>\n<\/tr>\n<tr>\n<td><b>Contenuto per barattolo<\/b><\/td>\n<td><span style=\"font-weight: 400;\">20 buste<\/span><\/td>\n<\/tr>\n<tr>\n<td><b>Contenuto di nicotina<\/b><\/td>\n<td><span style=\"font-weight: 400;\">13 mg\/g (9 mg per sacchetto)<\/span><\/td>\n<\/tr>\n<tr>\n<td><b>Formato della busta<\/b><\/td>\n<td><span style=\"font-weight: 400;\">Magro<\/span><\/td>\n<\/tr>\n<tr>\n<td><b>Produttore<\/b><\/td>\n<td>Gruppo Streamline Inc<\/td>\n<\/tr>\n<tr>\n<td><b>Sapore<\/b><\/td>\n<td><span style=\"font-weight: 400;\">Anguria e fragola<\/span><\/td>\n<\/tr>\n<tr>\n<td><b>Tipo<\/b><\/td>\n<td><span style=\"font-weight: 400;\">Astuccio tutto bianco<\/span><\/td>\n<\/tr>\n<\/tbody>\n<\/table>","protected":false},"excerpt":{"rendered":"<p><strong>Versione europea<\/strong><\/p>\n<p>&nbsp;<\/p>\n<p>Juice Head Watermelon Strawberry 9mg buste di nicotina con <strong data-start=\"2870\" data-end=\"2899\">Anguria e fragola<\/strong> sapore in <strong data-start=\"2910\" data-end=\"2918\">Magro<\/strong> formato. Ogni busta contiene <strong data-start=\"2947\" data-end=\"2964\">9 mg di nicotina<\/strong>.<\/p>","protected":false},"featured_media":62984,"comment_status":"open","ping_status":"closed","template":"","format":[206],"meta":{"_acf_changed":false},"product_brand":[],"product_cat":[13598],"product_tag":[16563],"flavours":[196],"nicotine":[210,236],"class_list":{"0":"post-62415","1":"product","2":"type-product","3":"status-publish","4":"has-post-thumbnail","6":"product_cat-juice-head","7":"product_tag-9-mg-pouch","8":"pa_quantity-1-pack","9":"pa_quantity-10-pack","10":"pa_quantity-3-pack","11":"pa_quantity-30-pack","12":"pa_quantity-5-pack","13":"pa_quantity-60-pack","14":"flavours-fruits-berries","15":"format-slim","16":"nicotine-13-mg-g","17":"nicotine-strong","19":"first","20":"outofstock","21":"taxable","22":"shipping-taxable","23":"purchasable","24":"product-type-variable"},"acf":[],"_links":{"self":[{"href":"https:\/\/whitelip.com\/it\/wp-json\/wp\/v2\/product\/62415","targetHints":{"allow":["GET"]}}],"collection":[{"href":"https:\/\/whitelip.com\/it\/wp-json\/wp\/v2\/product"}],"about":[{"href":"https:\/\/whitelip.com\/it\/wp-json\/wp\/v2\/types\/product"}],"replies":[{"embeddable":true,"href":"https:\/\/whitelip.com\/it\/wp-json\/wp\/v2\/comments?post=62415"}],"wp:featuredmedia":[{"embeddable":true,"href":"https:\/\/whitelip.com\/it\/wp-json\/wp\/v2\/media\/62984"}],"wp:attachment":[{"href":"https:\/\/whitelip.com\/it\/wp-json\/wp\/v2\/media?parent=62415"}],"wp:term":[{"taxonomy":"product_brand","embeddable":true,"href":"https:\/\/whitelip.com\/it\/wp-json\/wp\/v2\/product_brand?post=62415"},{"taxonomy":"product_cat","embeddable":true,"href":"https:\/\/whitelip.com\/it\/wp-json\/wp\/v2\/product_cat?post=62415"},{"taxonomy":"product_tag","embeddable":true,"href":"https:\/\/whitelip.com\/it\/wp-json\/wp\/v2\/product_tag?post=62415"},{"taxonomy":"flavours","embeddable":true,"href":"https:\/\/whitelip.com\/it\/wp-json\/wp\/v2\/flavours?post=62415"},{"taxonomy":"format","embeddable":true,"href":"https:\/\/whitelip.com\/it\/wp-json\/wp\/v2\/format?post=62415"},{"taxonomy":"nicotine","embeddable":true,"href":"https:\/\/whitelip.com\/it\/wp-json\/wp\/v2\/nicotine?post=62415"}],"curies":[{"name":"wp","href":"https:\/\/api.w.org\/{rel}","templated":true}]}}