{"id":61841,"date":"2026-01-19T12:43:16","date_gmt":"2026-01-19T12:43:16","guid":{"rendered":"https:\/\/whitelip.com\/?post_type=product&#038;p=61841"},"modified":"2026-04-22T10:11:49","modified_gmt":"2026-04-22T10:11:49","slug":"juice-head-spicy-pineapple-14mg","status":"publish","type":"product","link":"https:\/\/whitelip.com\/it\/juice-head\/juice-head-spicy-pineapple-14mg\/","title":{"rendered":"Succo d'Ananas Piccante Juice Head 14mg"},"content":{"rendered":"<h1 data-start=\"253\" data-end=\"286\">Succo d'Ananas Piccante Juice Head 14mg<\/h1>\n<p data-start=\"1249\" data-end=\"1528\">Juice Head Spicy Pineapple 14mg \u00e8 una busta di nicotina al gusto di ananas in formato slim. Il sapore \u00e8 stato introdotto in anticipo e ha un chiaro carattere fruttato con un'attenzione particolare all'ananas. Il prodotto \u00e8 privo di tabacco ed \u00e8 prodotto da Streamline Group Inc con il marchio Juice Head. Le buste sono consegnate in formato slim e sono costituite da buste strette. Il contenuto di nicotina \u00e8 di 14 mg per busta e 20 mg di nicotina per grammo. Il prodotto \u00e8 classificato come ultra forte in base al suo contenuto di nicotina per busta. Juice Head Spicy Pineapple 14mg fa parte della gamma Juice Head di buste di nicotina senza tabacco e contiene nicotina sintetica senza l'uso di foglie di tabacco.<\/p>\n<table>\n<tbody>\n<tr>\n<td><b>Attributo<\/b><\/td>\n<td><b>Dettagli<\/b><\/td>\n<\/tr>\n<tr>\n<td><b>Contenuto per barattolo<\/b><\/td>\n<td><span style=\"font-weight: 400;\">20 buste<\/span><\/td>\n<\/tr>\n<tr>\n<td><b>Contenuto di nicotina<\/b><\/td>\n<td><span style=\"font-weight: 400;\">20 mg\/g (14 mg per busta)<\/span><\/td>\n<\/tr>\n<tr>\n<td><b>Formato della busta<\/b><\/td>\n<td><span style=\"font-weight: 400;\">Magro<\/span><\/td>\n<\/tr>\n<tr>\n<td><b>Produttore<\/b><\/td>\n<td>Gruppo Streamline Inc<\/td>\n<\/tr>\n<tr>\n<td><b>Sapore<\/b><\/td>\n<td><span style=\"font-weight: 400;\">Ananas<\/span><\/td>\n<\/tr>\n<tr>\n<td><b>Tipo<\/b><\/td>\n<td><span style=\"font-weight: 400;\">Astuccio tutto bianco<\/span><\/td>\n<\/tr>\n<\/tbody>\n<\/table>","protected":false},"excerpt":{"rendered":"<p><strong>Versione europea<\/strong><\/p>\n<p>&nbsp;<\/p>\n<p>Juice Head Ananas piccante 14mg buste di nicotina con <strong data-start=\"2004\" data-end=\"2017\">Ananas<\/strong> sapore in <strong data-start=\"2028\" data-end=\"2036\">Magro<\/strong> formato. Ogni busta contiene <strong data-start=\"2065\" data-end=\"2083\">14 mg di nicotina<\/strong>.<\/p>","protected":false},"featured_media":62974,"comment_status":"open","ping_status":"closed","template":"","format":[206],"meta":{"_acf_changed":false},"product_brand":[],"product_cat":[13598],"product_tag":[16581],"flavours":[196],"nicotine":[218,232],"class_list":{"0":"post-61841","1":"product","2":"type-product","3":"status-publish","4":"has-post-thumbnail","6":"product_cat-juice-head","7":"product_tag-14-mg-pouch","8":"pa_quantity-1-pack","9":"pa_quantity-10-pack","10":"pa_quantity-3-pack","11":"pa_quantity-30-pack","12":"pa_quantity-5-pack","13":"pa_quantity-60-pack","14":"flavours-fruits-berries","15":"format-slim","16":"nicotine-20-mg-g","17":"nicotine-extra-strong","19":"first","20":"instock","21":"taxable","22":"shipping-taxable","23":"purchasable","24":"product-type-variable"},"acf":[],"_links":{"self":[{"href":"https:\/\/whitelip.com\/it\/wp-json\/wp\/v2\/product\/61841","targetHints":{"allow":["GET"]}}],"collection":[{"href":"https:\/\/whitelip.com\/it\/wp-json\/wp\/v2\/product"}],"about":[{"href":"https:\/\/whitelip.com\/it\/wp-json\/wp\/v2\/types\/product"}],"replies":[{"embeddable":true,"href":"https:\/\/whitelip.com\/it\/wp-json\/wp\/v2\/comments?post=61841"}],"wp:featuredmedia":[{"embeddable":true,"href":"https:\/\/whitelip.com\/it\/wp-json\/wp\/v2\/media\/62974"}],"wp:attachment":[{"href":"https:\/\/whitelip.com\/it\/wp-json\/wp\/v2\/media?parent=61841"}],"wp:term":[{"taxonomy":"product_brand","embeddable":true,"href":"https:\/\/whitelip.com\/it\/wp-json\/wp\/v2\/product_brand?post=61841"},{"taxonomy":"product_cat","embeddable":true,"href":"https:\/\/whitelip.com\/it\/wp-json\/wp\/v2\/product_cat?post=61841"},{"taxonomy":"product_tag","embeddable":true,"href":"https:\/\/whitelip.com\/it\/wp-json\/wp\/v2\/product_tag?post=61841"},{"taxonomy":"flavours","embeddable":true,"href":"https:\/\/whitelip.com\/it\/wp-json\/wp\/v2\/flavours?post=61841"},{"taxonomy":"format","embeddable":true,"href":"https:\/\/whitelip.com\/it\/wp-json\/wp\/v2\/format?post=61841"},{"taxonomy":"nicotine","embeddable":true,"href":"https:\/\/whitelip.com\/it\/wp-json\/wp\/v2\/nicotine?post=61841"}],"curies":[{"name":"wp","href":"https:\/\/api.w.org\/{rel}","templated":true}]}}