{"id":61519,"date":"2026-01-19T10:25:21","date_gmt":"2026-01-19T10:25:21","guid":{"rendered":"https:\/\/whitelip.com\/?post_type=product&#038;p=61519"},"modified":"2026-04-15T11:34:20","modified_gmt":"2026-04-15T11:34:20","slug":"apres-mochaccino","status":"publish","type":"product","link":"https:\/\/whitelip.com\/it\/apres\/apres-mochaccino\/","title":{"rendered":"APR\u00c8S Mocaccino"},"content":{"rendered":"<h2>APR\u00c8S Mocaccino<\/h2>\n<p data-start=\"206\" data-end=\"415\">APR\u00c8S Mochaccino \u00e8 un prodotto in bustina senza tabacco al gusto di caff\u00e8 in formato slim. L'aroma \u00e8 stato introdotto in anticipo e ha un chiaro carattere di caff\u00e8. Il prodotto \u00e8 realizzato da Apr\u00e8s Nicotine AB. Le bustine sono prodotte in un formato sottile per essere posizionate in modo discreto sotto il labbro superiore. Ogni barattolo contiene 20 bustine di nicotina. Il contenuto di nicotina \u00e8 di 4,4 mg per busta, corrispondente a 8 mg di nicotina per grammo. Il prodotto \u00e8 classificato come forza normale in base al suo contenuto di nicotina per busta. APR\u00c8S Mochaccino fa parte della gamma APR\u00c8S di buste di nicotina senza tabacco ed \u00e8 prodotto senza l'uso di foglie di tabacco.<\/p>\n<table>\n<tbody>\n<tr>\n<td><b>Attributo<\/b><\/td>\n<td><b>Dettagli<\/b><\/td>\n<\/tr>\n<tr>\n<td><b>Contenuto per barattolo<\/b><\/td>\n<td><span style=\"font-weight: 400;\">11g (20 minibuste)<\/span><\/td>\n<\/tr>\n<tr>\n<td><b>Contenuto di nicotina<\/b><\/td>\n<td><span style=\"font-weight: 400;\">8 mg\/g (4,4 mg per sacchetto)<\/span><\/td>\n<\/tr>\n<tr>\n<td><b>Formato della busta<\/b><\/td>\n<td><span style=\"font-weight: 400;\">Magro<\/span><\/td>\n<\/tr>\n<tr>\n<td><b>Produttore<\/b><\/td>\n<td><span style=\"font-weight: 400;\">APR\u00c8S Nicotine AB<\/span><\/td>\n<\/tr>\n<tr>\n<td><b>Sapore<\/b><\/td>\n<td><span style=\"font-weight: 400;\">Caff\u00e8<\/span><\/td>\n<\/tr>\n<tr>\n<td><b>Tipo<\/b><\/td>\n<td><span style=\"font-weight: 400;\">Astuccio tutto bianco<\/span><\/td>\n<\/tr>\n<\/tbody>\n<\/table>","protected":false},"excerpt":{"rendered":"<p>APR\u00c8S Mochaccino sacchetti di nicotina con <strong data-start=\"917\" data-end=\"927\">Caff\u00e8<\/strong> sapore in <strong data-start=\"938\" data-end=\"946\">Magro<\/strong> formato. Ogni busta contiene <strong data-start=\"975\" data-end=\"994\">4,4 mg di nicotina<\/strong>.<\/p>","protected":false},"featured_media":61453,"comment_status":"open","ping_status":"closed","template":"","format":[206],"meta":{"_acf_changed":false},"product_brand":[],"product_cat":[41],"product_tag":[16549],"flavours":[192],"nicotine":[230,235],"class_list":{"0":"post-61519","1":"product","2":"type-product","3":"status-publish","4":"has-post-thumbnail","6":"product_cat-apres","7":"product_tag-4-4-mg-pouch","8":"pa_quantity-1-pack","9":"pa_quantity-10-pack","10":"pa_quantity-3-pack","11":"pa_quantity-30-pack","12":"pa_quantity-5-pack","13":"pa_quantity-60-pack","14":"flavours-coffee","15":"format-slim","16":"nicotine-8-mg-g","17":"nicotine-normal","19":"first","20":"instock","21":"taxable","22":"shipping-taxable","23":"purchasable","24":"product-type-variable"},"acf":[],"_links":{"self":[{"href":"https:\/\/whitelip.com\/it\/wp-json\/wp\/v2\/product\/61519","targetHints":{"allow":["GET"]}}],"collection":[{"href":"https:\/\/whitelip.com\/it\/wp-json\/wp\/v2\/product"}],"about":[{"href":"https:\/\/whitelip.com\/it\/wp-json\/wp\/v2\/types\/product"}],"replies":[{"embeddable":true,"href":"https:\/\/whitelip.com\/it\/wp-json\/wp\/v2\/comments?post=61519"}],"wp:featuredmedia":[{"embeddable":true,"href":"https:\/\/whitelip.com\/it\/wp-json\/wp\/v2\/media\/61453"}],"wp:attachment":[{"href":"https:\/\/whitelip.com\/it\/wp-json\/wp\/v2\/media?parent=61519"}],"wp:term":[{"taxonomy":"product_brand","embeddable":true,"href":"https:\/\/whitelip.com\/it\/wp-json\/wp\/v2\/product_brand?post=61519"},{"taxonomy":"product_cat","embeddable":true,"href":"https:\/\/whitelip.com\/it\/wp-json\/wp\/v2\/product_cat?post=61519"},{"taxonomy":"product_tag","embeddable":true,"href":"https:\/\/whitelip.com\/it\/wp-json\/wp\/v2\/product_tag?post=61519"},{"taxonomy":"flavours","embeddable":true,"href":"https:\/\/whitelip.com\/it\/wp-json\/wp\/v2\/flavours?post=61519"},{"taxonomy":"format","embeddable":true,"href":"https:\/\/whitelip.com\/it\/wp-json\/wp\/v2\/format?post=61519"},{"taxonomy":"nicotine","embeddable":true,"href":"https:\/\/whitelip.com\/it\/wp-json\/wp\/v2\/nicotine?post=61519"}],"curies":[{"name":"wp","href":"https:\/\/api.w.org\/{rel}","templated":true}]}}