{"id":61399,"date":"2026-01-19T10:16:37","date_gmt":"2026-01-19T10:16:37","guid":{"rendered":"https:\/\/whitelip.com\/?post_type=product&#038;p=61399"},"modified":"2026-04-15T20:10:18","modified_gmt":"2026-04-15T20:10:18","slug":"apres-mochaccino-mini","status":"publish","type":"product","link":"https:\/\/whitelip.com\/it\/apres\/apres-mochaccino-mini\/","title":{"rendered":"APR\u00c8S Mochaccino Mini"},"content":{"rendered":"<h2>APR\u00c8S Mochaccino Mini<\/h2>\n<p data-start=\"217\" data-end=\"431\">APR\u00c8S Mochaccino Mini \u00e8 un prodotto in busta senza tabacco e nicotina al gusto di caff\u00e8 in formato mini. L'aroma \u00e8 stato introdotto in anticipo e ha un chiaro carattere di caff\u00e8. Il prodotto \u00e8 realizzato da Apr\u00e8s Nicotine AB. Le buste sono prodotte in formato mini con porzioni pi\u00f9 piccole. Ogni barattolo contiene 20 buste di nicotina. Il contenuto di nicotina \u00e8 di 3,2 mg per busta, corrispondente a 8 mg di nicotina per grammo. Il prodotto \u00e8 classificato come forza normale in base al suo contenuto di nicotina per busta. APR\u00c8S Mochaccino Mini fa parte della gamma APR\u00c8S di buste di nicotina senza tabacco ed \u00e8 prodotto senza l'uso di foglie di tabacco.<\/p>\n<table>\n<tbody>\n<tr>\n<td><b>Attributo<\/b><\/td>\n<td><b>Dettagli<\/b><\/td>\n<\/tr>\n<tr>\n<td><b>Contenuto per barattolo<\/b><\/td>\n<td><span style=\"font-weight: 400;\">11g (20 minibuste)<\/span><\/td>\n<\/tr>\n<tr>\n<td><b>Contenuto di nicotina<\/b><\/td>\n<td><span style=\"font-weight: 400;\">8 mg\/g (3,2 mg per sacchetto)<\/span><\/td>\n<\/tr>\n<tr>\n<td><b>Formato della busta<\/b><\/td>\n<td><span style=\"font-weight: 400;\">Mini<\/span><\/td>\n<\/tr>\n<tr>\n<td><b>Produttore<\/b><\/td>\n<td><span style=\"font-weight: 400;\">APR\u00c8S Nicotine AB<\/span><\/td>\n<\/tr>\n<tr>\n<td><b>Sapore<\/b><\/td>\n<td><span style=\"font-weight: 400;\">Caff\u00e8<\/span><\/td>\n<\/tr>\n<tr>\n<td><b>Tipo<\/b><\/td>\n<td><span style=\"font-weight: 400;\">Astuccio tutto bianco<\/span><\/td>\n<\/tr>\n<\/tbody>\n<\/table>","protected":false},"excerpt":{"rendered":"<p><span style=\"font-weight: 400;\">APR\u00c8S Mochaccino Mini buste di nicotina con <strong data-start=\"913\" data-end=\"923\">Caff\u00e8<\/strong> sapore in <strong data-start=\"934\" data-end=\"942\">Mini<\/strong> formato. Ogni busta contiene <strong data-start=\"971\" data-end=\"990\">3,2 mg di nicotina<\/strong>.<\/span><\/p>","protected":false},"featured_media":61457,"comment_status":"open","ping_status":"closed","template":"","format":[205],"meta":{"_acf_changed":false},"product_brand":[],"product_cat":[41],"product_tag":[16555],"flavours":[192],"nicotine":[230,235],"class_list":{"0":"post-61399","1":"product","2":"type-product","3":"status-publish","4":"has-post-thumbnail","6":"product_cat-apres","7":"product_tag-3-2-mg-pouch","8":"pa_quantity-1-pack","9":"pa_quantity-10-pack","10":"pa_quantity-3-pack","11":"pa_quantity-30-pack","12":"pa_quantity-5-pack","13":"pa_quantity-60-pack","14":"flavours-coffee","15":"format-mini","16":"nicotine-8-mg-g","17":"nicotine-normal","19":"first","20":"instock","21":"taxable","22":"shipping-taxable","23":"purchasable","24":"product-type-variable"},"acf":[],"_links":{"self":[{"href":"https:\/\/whitelip.com\/it\/wp-json\/wp\/v2\/product\/61399","targetHints":{"allow":["GET"]}}],"collection":[{"href":"https:\/\/whitelip.com\/it\/wp-json\/wp\/v2\/product"}],"about":[{"href":"https:\/\/whitelip.com\/it\/wp-json\/wp\/v2\/types\/product"}],"replies":[{"embeddable":true,"href":"https:\/\/whitelip.com\/it\/wp-json\/wp\/v2\/comments?post=61399"}],"wp:featuredmedia":[{"embeddable":true,"href":"https:\/\/whitelip.com\/it\/wp-json\/wp\/v2\/media\/61457"}],"wp:attachment":[{"href":"https:\/\/whitelip.com\/it\/wp-json\/wp\/v2\/media?parent=61399"}],"wp:term":[{"taxonomy":"product_brand","embeddable":true,"href":"https:\/\/whitelip.com\/it\/wp-json\/wp\/v2\/product_brand?post=61399"},{"taxonomy":"product_cat","embeddable":true,"href":"https:\/\/whitelip.com\/it\/wp-json\/wp\/v2\/product_cat?post=61399"},{"taxonomy":"product_tag","embeddable":true,"href":"https:\/\/whitelip.com\/it\/wp-json\/wp\/v2\/product_tag?post=61399"},{"taxonomy":"flavours","embeddable":true,"href":"https:\/\/whitelip.com\/it\/wp-json\/wp\/v2\/flavours?post=61399"},{"taxonomy":"format","embeddable":true,"href":"https:\/\/whitelip.com\/it\/wp-json\/wp\/v2\/format?post=61399"},{"taxonomy":"nicotine","embeddable":true,"href":"https:\/\/whitelip.com\/it\/wp-json\/wp\/v2\/nicotine?post=61399"}],"curies":[{"name":"wp","href":"https:\/\/api.w.org\/{rel}","templated":true}]}}