{"id":60594,"date":"2026-01-13T11:57:29","date_gmt":"2026-01-13T11:57:29","guid":{"rendered":"https:\/\/whitelip.com\/?post_type=product&#038;p=60594"},"modified":"2026-03-23T08:43:45","modified_gmt":"2026-03-23T08:43:45","slug":"pablo-exclusive-strawberry-kiwi","status":"publish","type":"product","link":"https:\/\/whitelip.com\/it\/pablo\/pablo-exclusive-strawberry-kiwi\/","title":{"rendered":"PABLO Esclusivo Fragola Kiwi"},"content":{"rendered":"<p data-start=\"109\" data-end=\"413\">PABLO Exclusive Strawberry Kiwi \u00e8 un prodotto in bustina senza tabacco con un profilo aromatico combinato di fragola e kiwi. Il sapore \u00e8 introdotto direttamente e consiste in note fruttate di fragola e kiwi. Il prodotto \u00e8 realizzato da NGP e appartiene alla serie di prodotti PABLO Exclusive. Le bustine di nicotina sono prodotte in un formato sottile, progettato per essere posizionato discretamente sotto il labbro superiore. Ogni barattolo contiene 20 buste di nicotina. Il contenuto di nicotina \u00e8 di 30 mg per busta, corrispondente a 50 mg di nicotina per grammo. Ogni bustina pesa 0,6 grammi e il contenuto totale per barattolo \u00e8 di 12 grammi.<\/p>\n<p data-start=\"714\" data-end=\"879\">PABLO Exclusive Strawberry Kiwi \u00e8 classificato come un prodotto in busta a nicotina estremamente forte in base al suo contenuto di nicotina per busta. Il prodotto non contiene tabacco.<\/p>\n<table>\n<tbody>\n<tr>\n<td><b>Attributo<\/b><\/td>\n<td><b>Dettagli<\/b><\/td>\n<\/tr>\n<tr>\n<td><b>Contenuto per barattolo<\/b><\/td>\n<td><span style=\"font-weight: 400;\">12g (20 sacchetti)<\/span><\/td>\n<\/tr>\n<tr>\n<td><b>Contenuto di nicotina<\/b><\/td>\n<td><span style=\"font-weight: 400;\">50 mg\/g (30 mg per busta)<\/span><\/td>\n<\/tr>\n<tr>\n<td><b>Formato della busta<\/b><\/td>\n<td><span style=\"font-weight: 400;\">Magro<\/span><\/td>\n<\/tr>\n<tr>\n<td><b>Produttore<\/b><\/td>\n<td><span style=\"font-weight: 400;\">Impero N.G.P.<\/span><\/td>\n<\/tr>\n<tr>\n<td><b>Sapore<\/b><\/td>\n<td>Fragola, Kiwi<\/td>\n<\/tr>\n<tr>\n<td><b>Tipo<\/b><\/td>\n<td><span style=\"font-weight: 400;\">Astuccio completamente bianco, senza tabacco<\/span><\/td>\n<\/tr>\n<\/tbody>\n<\/table>","protected":false},"excerpt":{"rendered":"<p data-start=\"956\" data-end=\"1104\">PABLO Esclusiva Fragola Kiwi buste di nicotina con <strong data-start=\"965\" data-end=\"984\">Fragola Kiwi<\/strong> sapore in <strong data-start=\"995\" data-end=\"1003\">Magro<\/strong> formato. Ogni busta contiene <strong data-start=\"1032\" data-end=\"1050\">30 mg di nicotina<\/strong>.<\/p>","protected":false},"featured_media":60771,"comment_status":"open","ping_status":"closed","template":"","format":[206],"meta":{"_acf_changed":false},"product_brand":[],"product_cat":[44],"product_tag":[16605],"flavours":[196],"nicotine":[233,226],"class_list":{"0":"post-60594","1":"product","2":"type-product","3":"status-publish","4":"has-post-thumbnail","6":"product_cat-pablo","7":"product_tag-30-mg-pouch","8":"pa_quantity-1-pack","9":"pa_quantity-10-pack","10":"pa_quantity-3-pack","11":"pa_quantity-30-pack","12":"pa_quantity-5-pack","13":"pa_quantity-60-pack","14":"flavours-fruits-berries","15":"format-slim","16":"nicotine-extreme","17":"nicotine-50-mg-g","19":"first","20":"outofstock","21":"taxable","22":"shipping-taxable","23":"purchasable","24":"product-type-variable"},"acf":[],"_links":{"self":[{"href":"https:\/\/whitelip.com\/it\/wp-json\/wp\/v2\/product\/60594","targetHints":{"allow":["GET"]}}],"collection":[{"href":"https:\/\/whitelip.com\/it\/wp-json\/wp\/v2\/product"}],"about":[{"href":"https:\/\/whitelip.com\/it\/wp-json\/wp\/v2\/types\/product"}],"replies":[{"embeddable":true,"href":"https:\/\/whitelip.com\/it\/wp-json\/wp\/v2\/comments?post=60594"}],"wp:featuredmedia":[{"embeddable":true,"href":"https:\/\/whitelip.com\/it\/wp-json\/wp\/v2\/media\/60771"}],"wp:attachment":[{"href":"https:\/\/whitelip.com\/it\/wp-json\/wp\/v2\/media?parent=60594"}],"wp:term":[{"taxonomy":"product_brand","embeddable":true,"href":"https:\/\/whitelip.com\/it\/wp-json\/wp\/v2\/product_brand?post=60594"},{"taxonomy":"product_cat","embeddable":true,"href":"https:\/\/whitelip.com\/it\/wp-json\/wp\/v2\/product_cat?post=60594"},{"taxonomy":"product_tag","embeddable":true,"href":"https:\/\/whitelip.com\/it\/wp-json\/wp\/v2\/product_tag?post=60594"},{"taxonomy":"flavours","embeddable":true,"href":"https:\/\/whitelip.com\/it\/wp-json\/wp\/v2\/flavours?post=60594"},{"taxonomy":"format","embeddable":true,"href":"https:\/\/whitelip.com\/it\/wp-json\/wp\/v2\/format?post=60594"},{"taxonomy":"nicotine","embeddable":true,"href":"https:\/\/whitelip.com\/it\/wp-json\/wp\/v2\/nicotine?post=60594"}],"curies":[{"name":"wp","href":"https:\/\/api.w.org\/{rel}","templated":true}]}}