{"id":60377,"date":"2026-01-13T10:11:45","date_gmt":"2026-01-13T10:11:45","guid":{"rendered":"https:\/\/whitelip.com\/?post_type=product&#038;p=60377"},"modified":"2026-04-14T00:34:29","modified_gmt":"2026-04-14T00:34:29","slug":"garant-ice-peach","status":"publish","type":"product","link":"https:\/\/whitelip.com\/it\/garant\/garant-ice-peach\/","title":{"rendered":"Garant Pesca Ice 20mg"},"content":{"rendered":"<h2>Garant Pesca Ice 20mg<\/h2>\n<p data-start=\"109\" data-end=\"382\">Garant Ice Peach 20mg \u00e8 un prodotto di bustina di nicotina senza tabacco con sapore di pesca e un carattere rinfrescante. Il sapore \u00e8 presentato all'inizio ed \u00e8 seguito da una lieve nota gelida. Il prodotto \u00e8 fabbricato da KORDULA e appartiene alla gamma GARANT di bustine di nicotina. Le bustine sono prodotte in formato slim, progettate per adattarsi discretamente sotto il labbro superiore. Ogni lattina contiene 27 bustine di nicotina. Il contenuto di nicotina \u00e8 10 mg per bustina, che corrisponde a 20 mg di nicotina per grammo. Il contenuto totale per lattina \u00e8 14 grammi, con un peso della bustina di 0,5 grammi.<\/p>\n<p data-start=\"675\" data-end=\"909\">Garant Ice Peach 20mg \u00e8 classificato come un prodotto di dosaggio medio in base al suo livello di nicotina per bustina. Il prodotto non contiene tabacco e utilizza un materiale di bustina bianca destinato a fornire nicotina e sapore senza contenuto di tabacco.<\/p>\n<table>\n<tbody>\n<tr>\n<td><b>Attributo<\/b><\/td>\n<td><b>Dettagli<\/b><\/td>\n<\/tr>\n<tr>\n<td><span style=\"font-weight: 400;\">Contenuto per barattolo<\/span><\/td>\n<td>27 bustine<\/td>\n<\/tr>\n<tr>\n<td><span style=\"font-weight: 400;\">Contenuto di nicotina<\/span><\/td>\n<td><span style=\"font-weight: 400;\">20 mg\/g (10 mg per bustina)<\/span><\/td>\n<\/tr>\n<tr>\n<td><span style=\"font-weight: 400;\">Formato della busta<\/span><\/td>\n<td><span style=\"font-weight: 400;\">Magro<\/span><\/td>\n<\/tr>\n<tr>\n<td><span style=\"font-weight: 400;\">Produttore<\/span><\/td>\n<td><span style=\"font-weight: 400;\">Kordula<\/span><\/td>\n<\/tr>\n<tr>\n<td><span style=\"font-weight: 400;\">Sapore<\/span><\/td>\n<td>Pesca<\/td>\n<\/tr>\n<tr>\n<td><span style=\"font-weight: 400;\">Tipo<\/span><\/td>\n<td><span style=\"font-weight: 400;\">Astuccio completamente bianco, senza tabacco<\/span><\/td>\n<\/tr>\n<\/tbody>\n<\/table>","protected":false},"excerpt":{"rendered":"<article class=\"text-token-text-primary w-full focus:outline-none [--shadow-height:45px] has-data-writing-block:pointer-events-none has-data-writing-block:-mt-(--shadow-height) has-data-writing-block:pt-(--shadow-height) [&amp;:has([data-writing-block])&gt;*]:pointer-events-auto [content-visibility:auto] supports-[content-visibility:auto]:[contain-intrinsic-size:auto_100lvh] scroll-mt-[calc(var(--header-height)+min(200px,max(70px,20svh)))]\" dir=\"auto\" tabindex=\"-1\" data-turn-id=\"be83f372-4334-4c21-a68f-8aaf33185c7d\" data-testid=\"conversation-turn-30\" data-scroll-anchor=\"true\" data-turn=\"assistant\">\n<div class=\"text-base my-auto mx-auto pb-10 [--thread-content-margin:--spacing(4)] thread-sm:[--thread-content-margin:--spacing(6)] thread-lg:[--thread-content-margin:--spacing(16)] px-(--thread-content-margin)\">\n<div class=\"[--thread-content-max-width:40rem] thread-lg:[--thread-content-max-width:48rem] mx-auto max-w-(--thread-content-max-width) flex-1 group\/turn-messages focus-visible:outline-hidden relative flex w-full min-w-0 flex-col agent-turn\" tabindex=\"-1\">\n<div class=\"flex max-w-full flex-col grow\">\n<div class=\"min-h-8 text-message relative flex w-full flex-col items-end gap-2 text-start break-words whitespace-normal [.text-message+&amp;]:mt-1\" dir=\"auto\" data-message-author-role=\"assistant\" data-message-id=\"0bc46c84-d247-4d92-a4bb-b7091bf3fe36\" data-message-model-slug=\"gpt-5-thinking\">\n<div class=\"flex w-full flex-col gap-1 empty:hidden first:pt-[1px]\">\n<div class=\"markdown prose dark:prose-invert w-full break-words dark markdown-new-styling\">\n<p data-start=\"0\" data-end=\"264\" data-is-last-node=\"\" data-is-only-node=\"\">Garant Ice Peach 20mg nicotine pouches with <strong data-start=\"987\" data-end=\"996\">Peach<\/strong> flavor in <strong data-start=\"1007\" data-end=\"1015\">Slim<\/strong> format. Each pouch contains <strong data-start=\"1044\" data-end=\"1062\">10 mg nicotine<\/strong>.<\/p>\n<\/div>\n<\/div>\n<\/div>\n<\/div>\n<div class=\"z-0 flex min-h-[46px] justify-start\"><\/div>\n<div class=\"mt-3 w-full empty:hidden\">\n<div class=\"text-center\"><\/div>\n<\/div>\n<\/div>\n<\/div>\n<\/article>\n<div class=\"pointer-events-none h-px w-px\" aria-hidden=\"true\" data-edge=\"true\"><\/div>\n","protected":false},"featured_media":84818,"comment_status":"open","ping_status":"closed","template":"","format":[],"meta":{"_acf_changed":false},"product_brand":[],"product_cat":[102],"product_tag":[16587,16510],"flavours":[],"nicotine":[],"class_list":{"0":"post-60377","1":"product","2":"type-product","3":"status-publish","4":"has-post-thumbnail","6":"product_cat-garant","7":"product_tag-10-mg-pouch","8":"product_tag-12-off","9":"pa_quantity-1-pack","10":"pa_quantity-10-pack","11":"pa_quantity-3-pack","12":"pa_quantity-30-pack","13":"pa_quantity-5-pack","14":"pa_quantity-60-pack","16":"first","17":"instock","18":"sale","19":"taxable","20":"shipping-taxable","21":"purchasable","22":"product-type-variable","23":"has-default-attributes"},"acf":[],"_links":{"self":[{"href":"https:\/\/whitelip.com\/it\/wp-json\/wp\/v2\/product\/60377","targetHints":{"allow":["GET"]}}],"collection":[{"href":"https:\/\/whitelip.com\/it\/wp-json\/wp\/v2\/product"}],"about":[{"href":"https:\/\/whitelip.com\/it\/wp-json\/wp\/v2\/types\/product"}],"replies":[{"embeddable":true,"href":"https:\/\/whitelip.com\/it\/wp-json\/wp\/v2\/comments?post=60377"}],"wp:featuredmedia":[{"embeddable":true,"href":"https:\/\/whitelip.com\/it\/wp-json\/wp\/v2\/media\/84818"}],"wp:attachment":[{"href":"https:\/\/whitelip.com\/it\/wp-json\/wp\/v2\/media?parent=60377"}],"wp:term":[{"taxonomy":"product_brand","embeddable":true,"href":"https:\/\/whitelip.com\/it\/wp-json\/wp\/v2\/product_brand?post=60377"},{"taxonomy":"product_cat","embeddable":true,"href":"https:\/\/whitelip.com\/it\/wp-json\/wp\/v2\/product_cat?post=60377"},{"taxonomy":"product_tag","embeddable":true,"href":"https:\/\/whitelip.com\/it\/wp-json\/wp\/v2\/product_tag?post=60377"},{"taxonomy":"flavours","embeddable":true,"href":"https:\/\/whitelip.com\/it\/wp-json\/wp\/v2\/flavours?post=60377"},{"taxonomy":"format","embeddable":true,"href":"https:\/\/whitelip.com\/it\/wp-json\/wp\/v2\/format?post=60377"},{"taxonomy":"nicotine","embeddable":true,"href":"https:\/\/whitelip.com\/it\/wp-json\/wp\/v2\/nicotine?post=60377"}],"curies":[{"name":"wp","href":"https:\/\/api.w.org\/{rel}","templated":true}]}}