{"id":34867,"date":"2025-11-21T11:53:10","date_gmt":"2025-11-21T11:53:10","guid":{"rendered":"https:\/\/whitelip.com\/?post_type=product&#038;p=34867"},"modified":"2026-05-16T18:28:39","modified_gmt":"2026-05-16T18:28:39","slug":"zyn-black-cherry-prime-6mg","status":"publish","type":"product","link":"https:\/\/whitelip.com\/it\/zyn\/zyn-black-cherry-prime-6mg\/","title":{"rendered":"ZYN Ciliegia Nera Prime 6mg"},"content":{"rendered":"<p data-start=\"262\" data-end=\"597\">ZYN Black Cherry Prime 6mg offre un'esperienza di nicotina pi\u00f9 ricca e pronunciata, pur mantenendo il profilo morbido e fruttato che definisce la linea Black Cherry Prime. Il sapore combina le succose ciliegie nere con una dolcezza naturale e una leggera nota aspra, creando un gusto equilibrato e soddisfacente che si adatta all'uso quotidiano.<\/p>\n<p data-start=\"599\" data-end=\"913\">Ogni mini busta contiene 6 mg di nicotina, offrendo un'intensit\u00e0 moderata adatta agli utenti che desiderano un effetto pi\u00f9 evidente rispetto alle varianti pi\u00f9 leggere, ma che preferiscono comunque un rilascio controllato e regolare. Il formato completamente bianco, privo di tabacco, garantisce un'esperienza pulita senza macchie o odori persistenti.<\/p>\n<table>\n<tbody>\n<tr>\n<td><b>Attributo<\/b><\/td>\n<td><b>Dettagli<\/b><\/td>\n<\/tr>\n<tr>\n<td><b>Marchio<\/b><\/td>\n<td><span style=\"font-weight: 400;\">ZYN<\/span><\/td>\n<\/tr>\n<tr>\n<td><b>Tipo di prodotto<\/b><\/td>\n<td><span style=\"font-weight: 400;\">Tutti i sacchetti di nicotina bianchi<\/span><\/td>\n<\/tr>\n<tr>\n<td><b>Formato<\/b><\/td>\n<td>Mini<\/td>\n<\/tr>\n<tr>\n<td><b>Sapore<\/b><\/td>\n<td><span style=\"font-weight: 400;\">Ciliegia nera<\/span><\/td>\n<\/tr>\n<tr>\n<td><b>Forza della nicotina<\/b><\/td>\n<td><span style=\"font-weight: 400;\">6 mg per bustina (15 mg\/g)<\/span><\/td>\n<\/tr>\n<tr>\n<td><b>Peso della porzione<\/b><\/td>\n<td><span style=\"font-weight: 400;\">0,4 grammi<\/span><\/td>\n<\/tr>\n<tr>\n<td><b>Numero di porzioni<\/b><\/td>\n<td><span style=\"font-weight: 400;\">15 per lattina<\/span><\/td>\n<\/tr>\n<tr>\n<td><b>Peso totale della lattina<\/b><\/td>\n<td><span style=\"font-weight: 400;\">6 grammi<\/span><\/td>\n<\/tr>\n<tr>\n<td><b>Produttore<\/b><\/td>\n<td><span style=\"font-weight: 400;\">Swedish Match<\/span><\/td>\n<\/tr>\n<tr>\n<td><b>Caratteristiche di rilievo<\/b><\/td>\n<td><span style=\"font-weight: 400;\">Senza tabacco, formato slim, aroma dolce e piccante di ciliegia nera<\/span><\/td>\n<\/tr>\n<\/tbody>\n<\/table>","protected":false},"excerpt":{"rendered":"<p data-start=\"1386\" data-end=\"1459\">Sapore di amarena in un <strong data-start=\"1474\" data-end=\"1482\">mini<\/strong> sacchetto con <strong data-start=\"1494\" data-end=\"1513\">6 mg di nicotina<\/strong> per sacchetto.<\/p>","protected":false},"featured_media":34871,"comment_status":"open","ping_status":"closed","template":"","format":[205],"meta":{"_acf_changed":false},"product_brand":[],"product_cat":[37],"product_tag":[16559],"flavours":[196],"nicotine":[212,232],"class_list":{"0":"post-34867","1":"product","2":"type-product","3":"status-publish","4":"has-post-thumbnail","6":"product_cat-zyn","7":"product_tag-6-mg-pouch","8":"pa_quantity-1-pack","9":"pa_quantity-10-pack","10":"pa_quantity-3-pack","11":"pa_quantity-30-pack","12":"pa_quantity-5-pack","13":"pa_quantity-60-pack","14":"flavours-fruits-berries","15":"format-mini","16":"nicotine-15-mg-g","17":"nicotine-extra-strong","19":"first","20":"instock","21":"taxable","22":"shipping-taxable","23":"purchasable","24":"product-type-variable"},"acf":[],"_links":{"self":[{"href":"https:\/\/whitelip.com\/it\/wp-json\/wp\/v2\/product\/34867","targetHints":{"allow":["GET"]}}],"collection":[{"href":"https:\/\/whitelip.com\/it\/wp-json\/wp\/v2\/product"}],"about":[{"href":"https:\/\/whitelip.com\/it\/wp-json\/wp\/v2\/types\/product"}],"replies":[{"embeddable":true,"href":"https:\/\/whitelip.com\/it\/wp-json\/wp\/v2\/comments?post=34867"}],"wp:featuredmedia":[{"embeddable":true,"href":"https:\/\/whitelip.com\/it\/wp-json\/wp\/v2\/media\/34871"}],"wp:attachment":[{"href":"https:\/\/whitelip.com\/it\/wp-json\/wp\/v2\/media?parent=34867"}],"wp:term":[{"taxonomy":"product_brand","embeddable":true,"href":"https:\/\/whitelip.com\/it\/wp-json\/wp\/v2\/product_brand?post=34867"},{"taxonomy":"product_cat","embeddable":true,"href":"https:\/\/whitelip.com\/it\/wp-json\/wp\/v2\/product_cat?post=34867"},{"taxonomy":"product_tag","embeddable":true,"href":"https:\/\/whitelip.com\/it\/wp-json\/wp\/v2\/product_tag?post=34867"},{"taxonomy":"flavours","embeddable":true,"href":"https:\/\/whitelip.com\/it\/wp-json\/wp\/v2\/flavours?post=34867"},{"taxonomy":"format","embeddable":true,"href":"https:\/\/whitelip.com\/it\/wp-json\/wp\/v2\/format?post=34867"},{"taxonomy":"nicotine","embeddable":true,"href":"https:\/\/whitelip.com\/it\/wp-json\/wp\/v2\/nicotine?post=34867"}],"curies":[{"name":"wp","href":"https:\/\/api.w.org\/{rel}","templated":true}]}}