{"id":28022,"date":"2025-09-23T15:58:46","date_gmt":"2025-09-23T15:58:46","guid":{"rendered":"https:\/\/whitelip.com\/?post_type=product&#038;p=28022"},"modified":"2026-04-11T01:23:17","modified_gmt":"2026-04-11T01:23:17","slug":"x-booster-energy-drink-caffeine","status":"publish","type":"product","link":"https:\/\/whitelip.com\/it\/x-booster\/x-booster-energy-drink-caffeine\/","title":{"rendered":"Bevanda energetica X-BOOSTER Caffeina"},"content":{"rendered":"<h2>Bevanda energetica X-BOOSTER Caffeina<\/h2>\n<p class=\"\" data-start=\"76\" data-end=\"609\">Le buste di X-BOOSTER Energy Drink Caffeine offrono un sapore morbido ed equilibrato di energy drink. Ogni busta sottile e bianca contiene 80 mg di caffeina e offre un'energia adatta a tutti coloro che amano un sapore equilibrato e un'intensit\u00e0 costante. Discreta, comoda e senza macchie, X-BOOSTER Cool Mint Caffeine \u00e8 prodotta da 77 Group per garantire un'elevata qualit\u00e0, un gusto deciso e un'esperienza priva di nicotina.<\/p>\n<table>\n<tbody>\n<tr>\n<td><b>Attributo<\/b><\/td>\n<td><b>Dettagli<\/b><\/td>\n<\/tr>\n<tr>\n<td><b>Contenuto per barattolo<\/b><\/td>\n<td><span style=\"font-weight: 400;\">13g (20 bustine)<\/span><\/td>\n<\/tr>\n<tr>\n<td><b>Contenuto di nicotina<\/b><\/td>\n<td><span style=\"font-weight: 400;\">80 mg\/bustina<\/span><\/td>\n<\/tr>\n<tr>\n<td><b>Formato della busta<\/b><\/td>\n<td><span style=\"font-weight: 400;\">Magro<\/span><\/td>\n<\/tr>\n<tr>\n<td><b>Produttore<\/b><\/td>\n<td><span style=\"font-weight: 400;\">77 Group<\/span><\/td>\n<\/tr>\n<tr>\n<td><b>Sapore<\/b><\/td>\n<td><span style=\"font-weight: 400;\">Bevanda energetica<\/span><\/td>\n<\/tr>\n<tr>\n<td><b>Tipo<\/b><\/td>\n<td><span style=\"font-weight: 400;\">Astuccio tutto bianco<\/span><\/td>\n<\/tr>\n<\/tbody>\n<\/table>","protected":false},"excerpt":{"rendered":"<p>X-BOOSTER <strong data-start=\"10\" data-end=\"26\">Bevanda energetica<\/strong> offre un gusto morbido ed equilibrato di bevanda energetica. Il <strong data-start=\"79\" data-end=\"87\">magro<\/strong>, Le buste bianche sono discrete, comode e non macchiano. Ogni busta contiene <strong data-start=\"166\" data-end=\"184\">80 mg di caffeina<\/strong> per un'intensit\u00e0 costante. Prodotta dal Gruppo 77 per un'esperienza di alta qualit\u00e0, dal gusto deciso, senza tabacco e senza nicotina.<\/p>","protected":false},"featured_media":28026,"comment_status":"open","ping_status":"closed","template":"","format":[206],"meta":{"_acf_changed":false},"product_brand":[],"product_cat":[241],"product_tag":[],"flavours":[194],"nicotine":[242,243],"class_list":{"0":"post-28022","1":"product","2":"type-product","3":"status-publish","4":"has-post-thumbnail","6":"product_cat-x-booster","7":"pa_quantity-1-pack","8":"pa_quantity-10-pack","9":"pa_quantity-5-pack","10":"flavours-energy-drink","11":"format-slim","12":"nicotine-0-mg-g","13":"nicotine-caffeine","15":"first","16":"instock","17":"taxable","18":"shipping-taxable","19":"purchasable","20":"product-type-variable"},"acf":[],"_links":{"self":[{"href":"https:\/\/whitelip.com\/it\/wp-json\/wp\/v2\/product\/28022","targetHints":{"allow":["GET"]}}],"collection":[{"href":"https:\/\/whitelip.com\/it\/wp-json\/wp\/v2\/product"}],"about":[{"href":"https:\/\/whitelip.com\/it\/wp-json\/wp\/v2\/types\/product"}],"replies":[{"embeddable":true,"href":"https:\/\/whitelip.com\/it\/wp-json\/wp\/v2\/comments?post=28022"}],"wp:featuredmedia":[{"embeddable":true,"href":"https:\/\/whitelip.com\/it\/wp-json\/wp\/v2\/media\/28026"}],"wp:attachment":[{"href":"https:\/\/whitelip.com\/it\/wp-json\/wp\/v2\/media?parent=28022"}],"wp:term":[{"taxonomy":"product_brand","embeddable":true,"href":"https:\/\/whitelip.com\/it\/wp-json\/wp\/v2\/product_brand?post=28022"},{"taxonomy":"product_cat","embeddable":true,"href":"https:\/\/whitelip.com\/it\/wp-json\/wp\/v2\/product_cat?post=28022"},{"taxonomy":"product_tag","embeddable":true,"href":"https:\/\/whitelip.com\/it\/wp-json\/wp\/v2\/product_tag?post=28022"},{"taxonomy":"flavours","embeddable":true,"href":"https:\/\/whitelip.com\/it\/wp-json\/wp\/v2\/flavours?post=28022"},{"taxonomy":"format","embeddable":true,"href":"https:\/\/whitelip.com\/it\/wp-json\/wp\/v2\/format?post=28022"},{"taxonomy":"nicotine","embeddable":true,"href":"https:\/\/whitelip.com\/it\/wp-json\/wp\/v2\/nicotine?post=28022"}],"curies":[{"name":"wp","href":"https:\/\/api.w.org\/{rel}","templated":true}]}}