{"id":28017,"date":"2025-09-23T15:58:46","date_gmt":"2025-09-23T15:58:46","guid":{"rendered":"https:\/\/whitelip.com\/?post_type=product&#038;p=28017"},"modified":"2026-05-09T10:11:14","modified_gmt":"2026-05-09T10:11:14","slug":"x-booster-coffee-caramel-caffeine","status":"publish","type":"product","link":"https:\/\/whitelip.com\/it\/x-booster\/x-booster-coffee-caramel-caffeine\/","title":{"rendered":"X-BOOSTER Caff\u00e8 e Caramello Caffeina"},"content":{"rendered":"<h2 class=\"translation-block\">X-BOOSTER Caffeine Caff\u00e8 &amp;amp; Caramello<\/h2>\n<p class=\"\" data-start=\"76\" data-end=\"609\">Le buste di caffeina X-BOOSTER Coffee &amp; Caramel offrono un gusto morbido ed equilibrato di caff\u00e8 e caramello. Ogni busta sottile e bianca contiene 80 mg di caffeina e offre una carica adatta a tutti coloro che amano un sapore equilibrato e un'intensit\u00e0 costante. Discreta, comoda e senza macchie, X-BOOSTER Cool Mint Caffeine \u00e8 prodotta da 77 Group per garantire un'alta qualit\u00e0, un gusto deciso e un'esperienza senza nicotina.<\/p>\n<table>\n<tbody>\n<tr>\n<td><b>Attributo<\/b><\/td>\n<td><b>Dettagli<\/b><\/td>\n<\/tr>\n<tr>\n<td><b>Contenuto per barattolo<\/b><\/td>\n<td><span style=\"font-weight: 400;\">13g (20 bustine)<\/span><\/td>\n<\/tr>\n<tr>\n<td><b>Contenuto di nicotina<\/b><\/td>\n<td><span style=\"font-weight: 400;\">80 mg\/bustina<\/span><\/td>\n<\/tr>\n<tr>\n<td><b>Formato della busta<\/b><\/td>\n<td><span style=\"font-weight: 400;\">Magro<\/span><\/td>\n<\/tr>\n<tr>\n<td><b>Produttore<\/b><\/td>\n<td><span style=\"font-weight: 400;\">77 Group<\/span><\/td>\n<\/tr>\n<tr>\n<td><b>Sapore<\/b><\/td>\n<td><span style=\"font-weight: 400;\">Caff\u00e8 e caramello<\/span><\/td>\n<\/tr>\n<tr>\n<td><b>Tipo<\/b><\/td>\n<td><span style=\"font-weight: 400;\">Astuccio tutto bianco<\/span><\/td>\n<\/tr>\n<\/tbody>\n<\/table>","protected":false},"excerpt":{"rendered":"<p class=\"translation-block\">X-BOOSTER Coffee &amp;amp; Caramel offre un blend equilibrato e morbido di caff\u00e8 e caramello. I sottili sacchetti bianchi sono discreti, confortevoli e non macchiano. Ogni sacchetto contiene 80 mg di caffeina per un'intensit\u00e0 costante e affidabile. Realizzato da 77 Group per un'alta qualit\u00e0, un sapore audace e un'esperienza senza nicotina.<\/p>","protected":false},"featured_media":28021,"comment_status":"open","ping_status":"closed","template":"","format":[206],"meta":{"_acf_changed":false},"product_brand":[],"product_cat":[241],"product_tag":[],"flavours":[192,185],"nicotine":[242,243],"class_list":{"0":"post-28017","1":"product","2":"type-product","3":"status-publish","4":"has-post-thumbnail","6":"product_cat-x-booster","7":"pa_quantity-1-pack","8":"pa_quantity-10-pack","9":"pa_quantity-5-pack","10":"flavours-coffee","11":"flavours-candy","12":"format-slim","13":"nicotine-0-mg-g","14":"nicotine-caffeine","16":"first","17":"outofstock","18":"taxable","19":"shipping-taxable","20":"purchasable","21":"product-type-variable"},"acf":[],"_links":{"self":[{"href":"https:\/\/whitelip.com\/it\/wp-json\/wp\/v2\/product\/28017","targetHints":{"allow":["GET"]}}],"collection":[{"href":"https:\/\/whitelip.com\/it\/wp-json\/wp\/v2\/product"}],"about":[{"href":"https:\/\/whitelip.com\/it\/wp-json\/wp\/v2\/types\/product"}],"replies":[{"embeddable":true,"href":"https:\/\/whitelip.com\/it\/wp-json\/wp\/v2\/comments?post=28017"}],"wp:featuredmedia":[{"embeddable":true,"href":"https:\/\/whitelip.com\/it\/wp-json\/wp\/v2\/media\/28021"}],"wp:attachment":[{"href":"https:\/\/whitelip.com\/it\/wp-json\/wp\/v2\/media?parent=28017"}],"wp:term":[{"taxonomy":"product_brand","embeddable":true,"href":"https:\/\/whitelip.com\/it\/wp-json\/wp\/v2\/product_brand?post=28017"},{"taxonomy":"product_cat","embeddable":true,"href":"https:\/\/whitelip.com\/it\/wp-json\/wp\/v2\/product_cat?post=28017"},{"taxonomy":"product_tag","embeddable":true,"href":"https:\/\/whitelip.com\/it\/wp-json\/wp\/v2\/product_tag?post=28017"},{"taxonomy":"flavours","embeddable":true,"href":"https:\/\/whitelip.com\/it\/wp-json\/wp\/v2\/flavours?post=28017"},{"taxonomy":"format","embeddable":true,"href":"https:\/\/whitelip.com\/it\/wp-json\/wp\/v2\/format?post=28017"},{"taxonomy":"nicotine","embeddable":true,"href":"https:\/\/whitelip.com\/it\/wp-json\/wp\/v2\/nicotine?post=28017"}],"curies":[{"name":"wp","href":"https:\/\/api.w.org\/{rel}","templated":true}]}}