{"id":27987,"date":"2025-09-23T13:50:12","date_gmt":"2025-09-23T13:50:12","guid":{"rendered":"https:\/\/whitelip.com\/?post_type=product&#038;p=27987"},"modified":"2026-05-06T14:32:28","modified_gmt":"2026-05-06T14:32:28","slug":"maverick-sicilian-sunset","status":"publish","type":"product","link":"https:\/\/whitelip.com\/it\/maverick\/maverick-sicilian-sunset\/","title":{"rendered":"MAVERICK Tramonto Siciliano"},"content":{"rendered":"<h2>MAVERICK Tramonto Siciliano<\/h2>\n<p class=\"\" data-start=\"76\" data-end=\"609\">I sacchetti di nicotina MAVERICK Sicilian Sunset offrono un sapore di agrumi liscio e succoso arricchito da un effetto rinfrescante gelido. Questa combinazione crea un profilo di sapore rinfrescante e fruttato che \u00e8 sia dolce che tonificante. Ogni sacchetto sottile verde di nicotina contiene 12,5 mg di nicotina, offrendo un calcio di alta resistenza ben adatto agli utenti esperti che apprezzano un sapore equilibrato e un'intensit\u00e0 costante. A differenza della maggior parte dei sacchetti di nicotina, MAVERICK \u00e8 realizzato con menta naturale, dando a ogni sapore una spinta di mentosit\u00e0. Discreto, confortevole e senza macchie, MAVERICK Sicilian Sunset \u00e8 creato da 77 Group per garantire alta qualit\u00e0, sapore audace e un'esperienza priva di tabacco.<\/p>\n<table>\n<tbody>\n<tr>\n<td><b>Attributo<\/b><\/td>\n<td><b>Dettagli<\/b><\/td>\n<\/tr>\n<tr>\n<td><b>Contenuto per barattolo<\/b><\/td>\n<td><span style=\"font-weight: 400;\">12,5g (20 sacchetti)<\/span><\/td>\n<\/tr>\n<tr>\n<td><b>Contenuto di nicotina<\/b><\/td>\n<td><span style=\"font-weight: 400;\">25 mg\/g (12,5 mg per sacchetto)<\/span><\/td>\n<\/tr>\n<tr>\n<td><b>Formato della busta<\/b><\/td>\n<td><span style=\"font-weight: 400;\">Magro<\/span><\/td>\n<\/tr>\n<tr>\n<td><b>Produttore<\/b><\/td>\n<td><span style=\"font-weight: 400;\">77 Group<\/span><\/td>\n<\/tr>\n<tr>\n<td><b>Sapore<\/b><\/td>\n<td><span style=\"font-weight: 400;\">Agrumi e menta<\/span><\/td>\n<\/tr>\n<tr>\n<td><b>Tipo<\/b><\/td>\n<td><span style=\"font-weight: 400;\">Astuccio tutto bianco<\/span><\/td>\n<\/tr>\n<\/tbody>\n<\/table>","protected":false},"excerpt":{"rendered":"<article class=\"text-token-text-primary w-full focus:outline-none [--shadow-height:45px] has-data-writing-block:pointer-events-none has-data-writing-block:-mt-(--shadow-height) has-data-writing-block:pt-(--shadow-height) [&amp;:has([data-writing-block])&gt;*]:pointer-events-auto [content-visibility:auto] supports-[content-visibility:auto]:[contain-intrinsic-size:auto_100lvh] scroll-mt-[calc(var(--header-height)+min(200px,max(70px,20svh)))]\" dir=\"auto\" tabindex=\"-1\" data-turn-id=\"e9736cff-a4b7-4926-8d12-8523afb5bca5\" data-testid=\"conversation-turn-14\" data-scroll-anchor=\"true\" data-turn=\"assistant\">\n<div class=\"text-base my-auto mx-auto pb-10 [--thread-content-margin:--spacing(4)] thread-sm:[--thread-content-margin:--spacing(6)] thread-lg:[--thread-content-margin:--spacing(16)] px-(--thread-content-margin)\">\n<div class=\"[--thread-content-max-width:40rem] thread-lg:[--thread-content-max-width:48rem] mx-auto max-w-(--thread-content-max-width) flex-1 group\/turn-messages focus-visible:outline-hidden relative flex w-full min-w-0 flex-col agent-turn\" tabindex=\"-1\">\n<div class=\"flex max-w-full flex-col grow\">\n<div class=\"min-h-8 text-message relative flex w-full flex-col items-end gap-2 text-start break-words whitespace-normal [.text-message+&amp;]:mt-1\" dir=\"auto\" data-message-author-role=\"assistant\" data-message-id=\"c31fe376-8158-4598-8daa-f180e22e4360\" data-message-model-slug=\"gpt-5-thinking\">\n<div class=\"flex w-full flex-col gap-1 empty:hidden first:pt-[1px]\">\n<div class=\"markdown prose dark:prose-invert w-full break-words dark markdown-new-styling\">\n<p data-start=\"0\" data-end=\"312\" data-is-last-node=\"\" data-is-only-node=\"\">MAVERICK Sicilian Sunset nicotine pouches deliver a smooth, juicy <strong data-start=\"66\" data-end=\"83\">Citrus &amp; Mint<\/strong> flavor with an icy cooling effect. <strong data-start=\"119\" data-end=\"127\">Slim<\/strong>, green format for discreet, stain-free use. Each pouch contains <strong data-start=\"192\" data-end=\"212\">12.5 mg nicotine<\/strong>. Made with natural mint for extra freshness and crafted by 77 Group for bold, tobacco-free quality.<\/p>\n<\/div>\n<\/div>\n<\/div>\n<\/div>\n<\/div>\n<\/div>\n<\/article>\n","protected":false},"featured_media":27991,"comment_status":"open","ping_status":"closed","template":"","format":[206],"meta":{"_acf_changed":false},"product_brand":[],"product_cat":[240],"product_tag":[16775],"flavours":[190,199],"nicotine":[219,232],"class_list":{"0":"post-27987","1":"product","2":"type-product","3":"status-publish","4":"has-post-thumbnail","6":"product_cat-maverick","7":"product_tag-12-5-mg-pouch","8":"pa_quantity-1-pack","9":"pa_quantity-10-pack","10":"pa_quantity-3-pack","11":"pa_quantity-30-pack","12":"pa_quantity-5-pack","13":"pa_quantity-60-pack","14":"flavours-citrus","15":"flavours-mint","16":"format-slim","17":"nicotine-25-mg-g","18":"nicotine-extra-strong","20":"first","21":"instock","22":"taxable","23":"shipping-taxable","24":"purchasable","25":"product-type-variable","26":"has-default-attributes"},"acf":[],"_links":{"self":[{"href":"https:\/\/whitelip.com\/it\/wp-json\/wp\/v2\/product\/27987","targetHints":{"allow":["GET"]}}],"collection":[{"href":"https:\/\/whitelip.com\/it\/wp-json\/wp\/v2\/product"}],"about":[{"href":"https:\/\/whitelip.com\/it\/wp-json\/wp\/v2\/types\/product"}],"replies":[{"embeddable":true,"href":"https:\/\/whitelip.com\/it\/wp-json\/wp\/v2\/comments?post=27987"}],"wp:featuredmedia":[{"embeddable":true,"href":"https:\/\/whitelip.com\/it\/wp-json\/wp\/v2\/media\/27991"}],"wp:attachment":[{"href":"https:\/\/whitelip.com\/it\/wp-json\/wp\/v2\/media?parent=27987"}],"wp:term":[{"taxonomy":"product_brand","embeddable":true,"href":"https:\/\/whitelip.com\/it\/wp-json\/wp\/v2\/product_brand?post=27987"},{"taxonomy":"product_cat","embeddable":true,"href":"https:\/\/whitelip.com\/it\/wp-json\/wp\/v2\/product_cat?post=27987"},{"taxonomy":"product_tag","embeddable":true,"href":"https:\/\/whitelip.com\/it\/wp-json\/wp\/v2\/product_tag?post=27987"},{"taxonomy":"flavours","embeddable":true,"href":"https:\/\/whitelip.com\/it\/wp-json\/wp\/v2\/flavours?post=27987"},{"taxonomy":"format","embeddable":true,"href":"https:\/\/whitelip.com\/it\/wp-json\/wp\/v2\/format?post=27987"},{"taxonomy":"nicotine","embeddable":true,"href":"https:\/\/whitelip.com\/it\/wp-json\/wp\/v2\/nicotine?post=27987"}],"curies":[{"name":"wp","href":"https:\/\/api.w.org\/{rel}","templated":true}]}}