{"id":27961,"date":"2025-09-23T12:50:07","date_gmt":"2025-09-23T12:50:07","guid":{"rendered":"https:\/\/whitelip.com\/?post_type=product&#038;p=27961"},"modified":"2026-05-12T10:11:46","modified_gmt":"2026-05-12T10:11:46","slug":"bjorn-ice-berry-licorice","status":"publish","type":"product","link":"https:\/\/whitelip.com\/it\/bjorn\/bjorn-ice-berry-licorice\/","title":{"rendered":"BJ\u00d6RN Ice Berry Liquirizia"},"content":{"rendered":"<h2><strong>BJ\u00d6RN Ice Berry Liquirizia<\/strong><\/h2>\n<p class=\"\" data-start=\"76\" data-end=\"609\">Le buste di nicotina BJ\u00d6RN Ice Berry Licorice offrono una miscela audace e distintiva di bacche dolci e succose e della profondit\u00e0 ricca e salata della liquirizia nordica, rifinita con un effetto rinfrescante. Questo complesso profilo aromatico combina dolcezza fruttata, note salate e freschezza ghiacciata per un'esperienza davvero unica. Ogni busta sottile, completamente bianca, contiene 19,5 mg di nicotina, per un'azione ad alta intensit\u00e0, pensata per i consumatori esperti che cercano intensit\u00e0 e originalit\u00e0. Discreta, comoda e senza macchie, BJ\u00d6RN Ice Berry Licorice \u00e8 prodotta da 77 Group per garantire una qualit\u00e0 superiore, un gusto deciso e un'alternativa senza tabacco.<\/p>\n<table>\n<tbody>\n<tr>\n<td><b>Attributo<\/b><\/td>\n<td><b>Dettagli<\/b><\/td>\n<\/tr>\n<tr>\n<td><b>Contenuto per barattolo<\/b><\/td>\n<td><span style=\"font-weight: 400;\">13g (20 bustine)<\/span><\/td>\n<\/tr>\n<tr>\n<td><b>Contenuto di nicotina<\/b><\/td>\n<td><span style=\"font-weight: 400;\">30 mg\/g (19,5 mg per pouch)<\/span><\/td>\n<\/tr>\n<tr>\n<td><b>Formato della busta<\/b><\/td>\n<td><span style=\"font-weight: 400;\">Magro<\/span><\/td>\n<\/tr>\n<tr>\n<td><b>Produttore<\/b><\/td>\n<td><span style=\"font-weight: 400;\">77 Group<\/span><\/td>\n<\/tr>\n<tr>\n<td><b>Sapore<\/b><\/td>\n<td><span style=\"font-weight: 400;\">Bacche, Liquirizia &amp; Effetto Rinfrescante (Bacche Ghiacciate con Liquirizia)<\/span><\/td>\n<\/tr>\n<tr>\n<td><b>Tipo<\/b><\/td>\n<td><span style=\"font-weight: 400;\">Astuccio tutto bianco<\/span><\/td>\n<\/tr>\n<\/tbody>\n<\/table>","protected":false},"excerpt":{"rendered":"<p>In grassetto <strong data-start=\"5\" data-end=\"34\">bacche e nordico<\/strong> <strong>liquirizia<\/strong> con un finale pulito e rinfrescante per un gusto dolce-salato e caratteristico. Il <strong data-start=\"107\" data-end=\"126\">sottile, <\/strong>Le bustine completamente bianche si posizionano in modo discreto e confortevole sotto il labbro per un uso pulito e in qualsiasi momento. Ogni sacchetto contiene <strong data-start=\"224\" data-end=\"244\">19,5 mg di nicotina<\/strong>, che offre una spinta decisiva ad alta intensit\u00e0 per i consumatori esperti, realizzata dal Gruppo 77 in un formato privo di tabacco.<\/p>","protected":false},"featured_media":27965,"comment_status":"open","ping_status":"closed","template":"","format":[206],"meta":{"_acf_changed":false},"product_brand":[],"product_cat":[239],"product_tag":[16557],"flavours":[196,198],"nicotine":[221,233],"class_list":{"0":"post-27961","1":"product","2":"type-product","3":"status-publish","4":"has-post-thumbnail","6":"product_cat-bjorn","7":"product_tag-19-5-mg-pouch","8":"pa_quantity-1-pack","9":"pa_quantity-10-pack","10":"pa_quantity-3-pack","11":"pa_quantity-30-pack","12":"pa_quantity-5-pack","13":"pa_quantity-60-pack","14":"flavours-fruits-berries","15":"flavours-licorice","16":"format-slim","17":"nicotine-30-mg-g","18":"nicotine-extreme","20":"first","21":"instock","22":"taxable","23":"shipping-taxable","24":"purchasable","25":"product-type-variable","26":"has-default-attributes"},"acf":[],"_links":{"self":[{"href":"https:\/\/whitelip.com\/it\/wp-json\/wp\/v2\/product\/27961","targetHints":{"allow":["GET"]}}],"collection":[{"href":"https:\/\/whitelip.com\/it\/wp-json\/wp\/v2\/product"}],"about":[{"href":"https:\/\/whitelip.com\/it\/wp-json\/wp\/v2\/types\/product"}],"replies":[{"embeddable":true,"href":"https:\/\/whitelip.com\/it\/wp-json\/wp\/v2\/comments?post=27961"}],"wp:featuredmedia":[{"embeddable":true,"href":"https:\/\/whitelip.com\/it\/wp-json\/wp\/v2\/media\/27965"}],"wp:attachment":[{"href":"https:\/\/whitelip.com\/it\/wp-json\/wp\/v2\/media?parent=27961"}],"wp:term":[{"taxonomy":"product_brand","embeddable":true,"href":"https:\/\/whitelip.com\/it\/wp-json\/wp\/v2\/product_brand?post=27961"},{"taxonomy":"product_cat","embeddable":true,"href":"https:\/\/whitelip.com\/it\/wp-json\/wp\/v2\/product_cat?post=27961"},{"taxonomy":"product_tag","embeddable":true,"href":"https:\/\/whitelip.com\/it\/wp-json\/wp\/v2\/product_tag?post=27961"},{"taxonomy":"flavours","embeddable":true,"href":"https:\/\/whitelip.com\/it\/wp-json\/wp\/v2\/flavours?post=27961"},{"taxonomy":"format","embeddable":true,"href":"https:\/\/whitelip.com\/it\/wp-json\/wp\/v2\/format?post=27961"},{"taxonomy":"nicotine","embeddable":true,"href":"https:\/\/whitelip.com\/it\/wp-json\/wp\/v2\/nicotine?post=27961"}],"curies":[{"name":"wp","href":"https:\/\/api.w.org\/{rel}","templated":true}]}}