{"id":27956,"date":"2025-09-23T12:50:07","date_gmt":"2025-09-23T12:50:07","guid":{"rendered":"https:\/\/whitelip.com\/?post_type=product&#038;p=27956"},"modified":"2026-04-21T10:11:46","modified_gmt":"2026-04-21T10:11:46","slug":"bjorn-frozen-mint","status":"publish","type":"product","link":"https:\/\/whitelip.com\/it\/bjorn\/bjorn-frozen-mint\/","title":{"rendered":"BJ\u00d6RN Menta congelata"},"content":{"rendered":"<h2><strong>BJ\u00d6RN Menta congelata<\/strong><\/h2>\n<p class=\"\" data-start=\"76\" data-end=\"609\">Le buste di nicotina BJ\u00d6RN Frozen Mint offrono un'esplosione ghiacciata di puro sapore di menta, offrendo un'intensa sensazione di freschezza e raffreddamento ad ogni utilizzo. Il profilo frizzante della menta \u00e8 audace e rinvigorente, il che la rende una scelta eccellente per coloro che amano un'esperienza di svapo nitida e gelida. Ogni bustina sottile, completamente bianca, contiene 19,5 mg di nicotina, fornendo un'azione ad alta intensit\u00e0 adatta ai consumatori esperti. Discreta, confortevole e priva di macchie, BJ\u00d6RN Frozen Mint \u00e8 prodotta da 77 Group per garantire una qualit\u00e0 superiore, un gusto potente e un'alternativa senza tabacco.<\/p>\n<table>\n<tbody>\n<tr>\n<td><b>Attributo<\/b><\/td>\n<td><b>Dettagli<\/b><\/td>\n<\/tr>\n<tr>\n<td><b>Contenuto per barattolo<\/b><\/td>\n<td><span style=\"font-weight: 400;\">13g (20 bustine)<\/span><\/td>\n<\/tr>\n<tr>\n<td><b>Contenuto di nicotina<\/b><\/td>\n<td><span style=\"font-weight: 400;\">30 mg\/g (19,5 mg per pouch)<\/span><\/td>\n<\/tr>\n<tr>\n<td><b>Formato della busta<\/b><\/td>\n<td><span style=\"font-weight: 400;\">Magro<\/span><\/td>\n<\/tr>\n<tr>\n<td><b>Produttore<\/b><\/td>\n<td><span style=\"font-weight: 400;\">77 Group<\/span><\/td>\n<\/tr>\n<tr>\n<td><b>Sapore<\/b><\/td>\n<td><span style=\"font-weight: 400;\">Menta &amp; Effetto Rinfrescante (Menta Ghiacciata)<\/span><\/td>\n<\/tr>\n<tr>\n<td><b>Tipo<\/b><\/td>\n<td><span style=\"font-weight: 400;\">Astuccio tutto bianco<\/span><\/td>\n<\/tr>\n<\/tbody>\n<\/table>","protected":false},"excerpt":{"rendered":"<p>Gelido, puro <strong data-start=\"10\" data-end=\"18\">menta<\/strong> con un'intensa azione rinfrescante e ghiacciata. Il <strong data-start=\"63\" data-end=\"82\">sottile, <\/strong>Le bustine completamente bianche si posizionano in modo discreto e confortevole sotto il labbro per un uso pulito e in qualsiasi momento. Ogni sacchetto contiene <strong data-start=\"180\" data-end=\"200\">19,5 mg di nicotina<\/strong>, che offre un colpo decisivo ad alta resistenza per i consumatori esperti, realizzato dal Gruppo 77 in un formato privo di tabacco.<\/p>","protected":false},"featured_media":27960,"comment_status":"open","ping_status":"closed","template":"","format":[206],"meta":{"_acf_changed":false},"product_brand":[],"product_cat":[239],"product_tag":[16557],"flavours":[199],"nicotine":[221,233],"class_list":{"0":"post-27956","1":"product","2":"type-product","3":"status-publish","4":"has-post-thumbnail","6":"product_cat-bjorn","7":"product_tag-19-5-mg-pouch","8":"pa_quantity-1-pack","9":"pa_quantity-10-pack","10":"pa_quantity-3-pack","11":"pa_quantity-30-pack","12":"pa_quantity-5-pack","13":"pa_quantity-60-pack","14":"flavours-mint","15":"format-slim","16":"nicotine-30-mg-g","17":"nicotine-extreme","19":"first","20":"instock","21":"taxable","22":"shipping-taxable","23":"purchasable","24":"product-type-variable","25":"has-default-attributes"},"acf":[],"_links":{"self":[{"href":"https:\/\/whitelip.com\/it\/wp-json\/wp\/v2\/product\/27956","targetHints":{"allow":["GET"]}}],"collection":[{"href":"https:\/\/whitelip.com\/it\/wp-json\/wp\/v2\/product"}],"about":[{"href":"https:\/\/whitelip.com\/it\/wp-json\/wp\/v2\/types\/product"}],"replies":[{"embeddable":true,"href":"https:\/\/whitelip.com\/it\/wp-json\/wp\/v2\/comments?post=27956"}],"wp:featuredmedia":[{"embeddable":true,"href":"https:\/\/whitelip.com\/it\/wp-json\/wp\/v2\/media\/27960"}],"wp:attachment":[{"href":"https:\/\/whitelip.com\/it\/wp-json\/wp\/v2\/media?parent=27956"}],"wp:term":[{"taxonomy":"product_brand","embeddable":true,"href":"https:\/\/whitelip.com\/it\/wp-json\/wp\/v2\/product_brand?post=27956"},{"taxonomy":"product_cat","embeddable":true,"href":"https:\/\/whitelip.com\/it\/wp-json\/wp\/v2\/product_cat?post=27956"},{"taxonomy":"product_tag","embeddable":true,"href":"https:\/\/whitelip.com\/it\/wp-json\/wp\/v2\/product_tag?post=27956"},{"taxonomy":"flavours","embeddable":true,"href":"https:\/\/whitelip.com\/it\/wp-json\/wp\/v2\/flavours?post=27956"},{"taxonomy":"format","embeddable":true,"href":"https:\/\/whitelip.com\/it\/wp-json\/wp\/v2\/format?post=27956"},{"taxonomy":"nicotine","embeddable":true,"href":"https:\/\/whitelip.com\/it\/wp-json\/wp\/v2\/nicotine?post=27956"}],"curies":[{"name":"wp","href":"https:\/\/api.w.org\/{rel}","templated":true}]}}