{"id":27946,"date":"2025-09-23T12:50:07","date_gmt":"2025-09-23T12:50:07","guid":{"rendered":"https:\/\/whitelip.com\/?post_type=product&#038;p=27946"},"modified":"2026-05-11T10:36:56","modified_gmt":"2026-05-11T10:36:56","slug":"bjorn-rhub-elder-punch","status":"publish","type":"product","link":"https:\/\/whitelip.com\/it\/bjorn\/bjorn-rhub-elder-punch\/","title":{"rendered":"BJ\u00d6RN Punch Rabarbaro e Sambuco"},"content":{"rendered":"<h2><strong>BJ\u00d6RN Punch Rabarbaro e Sambuco<\/strong><\/h2>\n<p class=\"\" data-start=\"76\" data-end=\"609\">Le buste di nicotina BJ\u00d6RN Rhub-elder Punch offrono una fusione audace e rinfrescante di rabarbaro aspro e fiori di sambuco dolci, creando un sapore unico ispirato al punch. Il gusto \u00e8 fruttato, acidulo e leggermente floreale, offrendo un'esperienza distintiva per chi ama i profili complessi e vibranti. Ogni bustina, sottile e completamente bianca, contiene 19,5 mg di nicotina, fornendo un'azione ad alta intensit\u00e0 pensata per i consumatori esperti che preferiscono intensit\u00e0 e originalit\u00e0. Discreto, confortevole e senza macchie, BJ\u00d6RN Rhub-elder Punch \u00e8 prodotto da 77 Group per offrire un carattere forte, una qualit\u00e0 superiore e un'alternativa senza tabacco.<\/p>\n<table>\n<tbody>\n<tr>\n<td><b>Attributo<\/b><\/td>\n<td><b>Dettagli<\/b><\/td>\n<\/tr>\n<tr>\n<td><b>Contenuto per barattolo<\/b><\/td>\n<td><span style=\"font-weight: 400;\">13g (20 bustine)<\/span><\/td>\n<\/tr>\n<tr>\n<td><b>Contenuto di nicotina<\/b><\/td>\n<td><span style=\"font-weight: 400;\">30 mg\/g (19,5 mg per pouch)<\/span><\/td>\n<\/tr>\n<tr>\n<td><b>Formato della busta<\/b><\/td>\n<td><span style=\"font-weight: 400;\">Magro<\/span><\/td>\n<\/tr>\n<tr>\n<td><b>Produttore<\/b><\/td>\n<td><span style=\"font-weight: 400;\">77 Group<\/span><\/td>\n<\/tr>\n<tr>\n<td><b>Sapore<\/b><\/td>\n<td><span style=\"font-weight: 400;\">Rabarbaro &amp; Sambuco (Punch Rabarbaro-Sambuco)<\/span><\/td>\n<\/tr>\n<tr>\n<td><b>Tipo<\/b><\/td>\n<td><span style=\"font-weight: 400;\">Astuccio tutto bianco<\/span><\/td>\n<\/tr>\n<\/tbody>\n<\/table>","protected":false},"excerpt":{"rendered":"<p>Audace, rinfrescante <strong data-start=\"17\" data-end=\"44\">rabarbaro e fiori di sambuco<\/strong> con una nota fruttata, acidula e leggermente floreale. Il <strong data-start=\"93\" data-end=\"112\">sottile, <\/strong>Le bustine completamente bianche si posizionano in modo discreto e confortevole sotto il labbro per un uso pulito e in qualsiasi momento. Ogni sacchetto contiene <strong data-start=\"210\" data-end=\"230\">19,5 mg di nicotina<\/strong>, che offre un calcio ad alta intensit\u00e0 per i consumatori esperti, realizzato dal Gruppo 77 in un formato privo di tabacco.<\/p>","protected":false},"featured_media":27950,"comment_status":"open","ping_status":"closed","template":"","format":[206],"meta":{"_acf_changed":false},"product_brand":[],"product_cat":[239],"product_tag":[16557],"flavours":[196],"nicotine":[221,232],"class_list":{"0":"post-27946","1":"product","2":"type-product","3":"status-publish","4":"has-post-thumbnail","6":"product_cat-bjorn","7":"product_tag-19-5-mg-pouch","8":"pa_quantity-1-pack","9":"pa_quantity-10-pack","10":"pa_quantity-3-pack","11":"pa_quantity-30-pack","12":"pa_quantity-5-pack","13":"pa_quantity-60-pack","14":"flavours-fruits-berries","15":"format-slim","16":"nicotine-30-mg-g","17":"nicotine-extra-strong","19":"first","20":"instock","21":"taxable","22":"shipping-taxable","23":"purchasable","24":"product-type-variable","25":"has-default-attributes"},"acf":[],"_links":{"self":[{"href":"https:\/\/whitelip.com\/it\/wp-json\/wp\/v2\/product\/27946","targetHints":{"allow":["GET"]}}],"collection":[{"href":"https:\/\/whitelip.com\/it\/wp-json\/wp\/v2\/product"}],"about":[{"href":"https:\/\/whitelip.com\/it\/wp-json\/wp\/v2\/types\/product"}],"replies":[{"embeddable":true,"href":"https:\/\/whitelip.com\/it\/wp-json\/wp\/v2\/comments?post=27946"}],"wp:featuredmedia":[{"embeddable":true,"href":"https:\/\/whitelip.com\/it\/wp-json\/wp\/v2\/media\/27950"}],"wp:attachment":[{"href":"https:\/\/whitelip.com\/it\/wp-json\/wp\/v2\/media?parent=27946"}],"wp:term":[{"taxonomy":"product_brand","embeddable":true,"href":"https:\/\/whitelip.com\/it\/wp-json\/wp\/v2\/product_brand?post=27946"},{"taxonomy":"product_cat","embeddable":true,"href":"https:\/\/whitelip.com\/it\/wp-json\/wp\/v2\/product_cat?post=27946"},{"taxonomy":"product_tag","embeddable":true,"href":"https:\/\/whitelip.com\/it\/wp-json\/wp\/v2\/product_tag?post=27946"},{"taxonomy":"flavours","embeddable":true,"href":"https:\/\/whitelip.com\/it\/wp-json\/wp\/v2\/flavours?post=27946"},{"taxonomy":"format","embeddable":true,"href":"https:\/\/whitelip.com\/it\/wp-json\/wp\/v2\/format?post=27946"},{"taxonomy":"nicotine","embeddable":true,"href":"https:\/\/whitelip.com\/it\/wp-json\/wp\/v2\/nicotine?post=27946"}],"curies":[{"name":"wp","href":"https:\/\/api.w.org\/{rel}","templated":true}]}}