{"id":10795,"date":"2025-06-26T13:46:10","date_gmt":"2025-06-26T13:46:10","guid":{"rendered":"https:\/\/whitelip.com\/77-bubbly-fizz-medium\/"},"modified":"2026-04-29T10:11:20","modified_gmt":"2026-04-29T10:11:20","slug":"77-bubbly-fizz-medium","status":"publish","type":"product","link":"https:\/\/whitelip.com\/it\/77\/77-bubbly-fizz-medium\/","title":{"rendered":"77 Bollicine medie"},"content":{"rendered":"<h2><strong>77 Bollicine medie<\/strong><\/h2>\n<p class=\"\" data-start=\"76\" data-end=\"609\">77 Bubbly Fizz Medium offre un sapore vibrante ed effervescente ispirato alla soda dolce e frizzante. Con note che ricordano la limonata frizzante o lo champagne, questa busta offre un'esperienza di gusto divertente e rinfrescante. Ogni bustina, sottile e completamente bianca, contiene 10,4 mg di nicotina, fornendo un'azione di media intensit\u00e0, perfetta per i consumatori abituali che cercano un equilibrio tra sapore e intensit\u00e0. Discreta, comoda e senza macchie, 77 Bubbly Fizz Medium \u00e8 realizzata dal Gruppo 77 per soddisfare elevati standard di gusto e qualit\u00e0 in un formato senza tabacco.<\/p>\n<table>\n<tbody>\n<tr>\n<td><b>Attributo<\/b><\/td>\n<td><b>Dettagli<\/b><\/td>\n<\/tr>\n<tr>\n<td><b>Contenuto per barattolo<\/b><\/td>\n<td><span style=\"font-weight: 400;\">13g (20 bustine)<\/span><\/td>\n<\/tr>\n<tr>\n<td><b>Contenuto di nicotina<\/b><\/td>\n<td><span style=\"font-weight: 400;\">16 mg\/g (10,4 mg per bustina)<\/span><\/td>\n<\/tr>\n<tr>\n<td><b>Formato della busta<\/b><\/td>\n<td><span style=\"font-weight: 400;\">Magro<\/span><\/td>\n<\/tr>\n<tr>\n<td><b>Produttore<\/b><\/td>\n<td><span style=\"font-weight: 400;\">77 Group<\/span><\/td>\n<\/tr>\n<tr>\n<td><b>Sapore<\/b><\/td>\n<td><span style=\"font-weight: 400;\">Agrumi frizzanti (Fizz Effervescente)<\/span><\/td>\n<\/tr>\n<tr>\n<td><b>Tipo<\/b><\/td>\n<td><span style=\"font-weight: 400;\">Astuccio tutto bianco<\/span><\/td>\n<\/tr>\n<\/tbody>\n<\/table>","protected":false},"excerpt":{"rendered":"<p>Vivace, <strong>ispirato alla soda<\/strong> con note frizzanti che ricordano la limonata o lo champagne. <strong>Magro<\/strong>, Le buste, completamente bianche, si posizionano in modo discreto e confortevole sotto il labbro. Ogni busta fornisce <strong data-start=\"230\" data-end=\"250\">10,4 mg di nicotina<\/strong>, che d\u00e0 una spinta equilibrata e di media intensit\u00e0, senza tabacco o macchie.<\/p>","protected":false},"featured_media":10796,"comment_status":"open","ping_status":"closed","template":"","format":[206],"meta":{"_acf_changed":false},"product_brand":[],"product_cat":[23],"product_tag":[16543],"flavours":[185],"nicotine":[218,232],"class_list":{"0":"post-10795","1":"product","2":"type-product","3":"status-publish","4":"has-post-thumbnail","6":"product_cat-23","7":"product_tag-10-4-mg-pouch","8":"pa_quantity-1-pack","9":"pa_quantity-10-pack","10":"pa_quantity-3-pack","11":"pa_quantity-30-pack","12":"pa_quantity-5-pack","13":"pa_quantity-60-pack","14":"flavours-candy","15":"format-slim","16":"nicotine-20-mg-g","17":"nicotine-extra-strong","19":"first","20":"instock","21":"taxable","22":"shipping-taxable","23":"purchasable","24":"product-type-variable","25":"has-default-attributes"},"acf":[],"_links":{"self":[{"href":"https:\/\/whitelip.com\/it\/wp-json\/wp\/v2\/product\/10795","targetHints":{"allow":["GET"]}}],"collection":[{"href":"https:\/\/whitelip.com\/it\/wp-json\/wp\/v2\/product"}],"about":[{"href":"https:\/\/whitelip.com\/it\/wp-json\/wp\/v2\/types\/product"}],"replies":[{"embeddable":true,"href":"https:\/\/whitelip.com\/it\/wp-json\/wp\/v2\/comments?post=10795"}],"wp:featuredmedia":[{"embeddable":true,"href":"https:\/\/whitelip.com\/it\/wp-json\/wp\/v2\/media\/10796"}],"wp:attachment":[{"href":"https:\/\/whitelip.com\/it\/wp-json\/wp\/v2\/media?parent=10795"}],"wp:term":[{"taxonomy":"product_brand","embeddable":true,"href":"https:\/\/whitelip.com\/it\/wp-json\/wp\/v2\/product_brand?post=10795"},{"taxonomy":"product_cat","embeddable":true,"href":"https:\/\/whitelip.com\/it\/wp-json\/wp\/v2\/product_cat?post=10795"},{"taxonomy":"product_tag","embeddable":true,"href":"https:\/\/whitelip.com\/it\/wp-json\/wp\/v2\/product_tag?post=10795"},{"taxonomy":"flavours","embeddable":true,"href":"https:\/\/whitelip.com\/it\/wp-json\/wp\/v2\/flavours?post=10795"},{"taxonomy":"format","embeddable":true,"href":"https:\/\/whitelip.com\/it\/wp-json\/wp\/v2\/format?post=10795"},{"taxonomy":"nicotine","embeddable":true,"href":"https:\/\/whitelip.com\/it\/wp-json\/wp\/v2\/nicotine?post=10795"}],"curies":[{"name":"wp","href":"https:\/\/api.w.org\/{rel}","templated":true}]}}