{"id":10300,"date":"2025-04-08T11:24:32","date_gmt":"2025-04-08T11:24:32","guid":{"rendered":"https:\/\/whitelip.com\/apres-cola-hyper-strong\/"},"modified":"2026-04-21T21:37:02","modified_gmt":"2026-04-21T21:37:02","slug":"apres-cola-hyper-strong","status":"publish","type":"product","link":"https:\/\/whitelip.com\/it\/apres\/apres-cola-hyper-strong\/","title":{"rendered":"APR\u00c8S Cola Hyp\u00e8r Forte"},"content":{"rendered":"<h2><strong>APR\u00c8S Cola Hyp\u00e8r Forte<\/strong><\/h2>\n<p><span style=\"font-weight: 400;\">Le buste di nicotina APR\u00c8S Cola Hyp\u00e8r Strong offrono un nostalgico sapore di cola in un formato sottile e completamente bianco. Ogni busta contiene 11 mg di nicotina, fornendo una sensazione di robustezza adatta agli utenti esperti. Il design discreto assicura una comoda sistemazione sotto le labbra, consentendo l'uso in qualsiasi momento senza macchiare i denti. Prodotte da APR\u00c8S Nicotine AB, queste buste senza tabacco sono un esempio di standard di alta qualit\u00e0 e di combinazioni di sapori innovativi.<\/span><\/p>\n<table>\n<tbody>\n<tr>\n<td><b>Attributo<\/b><\/td>\n<td><b>Dettagli<\/b><\/td>\n<\/tr>\n<tr>\n<td><b>Contenuto per barattolo<\/b><\/td>\n<td><span style=\"font-weight: 400;\">11g (20 minibuste)<\/span><\/td>\n<\/tr>\n<tr>\n<td><b>Contenuto di nicotina<\/b><\/td>\n<td><span style=\"font-weight: 400;\">20 mg\/g (11 mg per minibusta)<\/span><\/td>\n<\/tr>\n<tr>\n<td><b>Formato della busta<\/b><\/td>\n<td><span style=\"font-weight: 400;\">Magro<\/span><\/td>\n<\/tr>\n<tr>\n<td><b>Produttore<\/b><\/td>\n<td><span style=\"font-weight: 400;\">APR\u00c8S Nicotine AB<\/span><\/td>\n<\/tr>\n<tr>\n<td><b>Sapore<\/b><\/td>\n<td><span style=\"font-weight: 400;\">Coca-Cola<\/span><\/td>\n<\/tr>\n<tr>\n<td><b>Tipo<\/b><\/td>\n<td><span style=\"font-weight: 400;\">Astuccio tutto bianco<\/span><\/td>\n<\/tr>\n<\/tbody>\n<\/table>\n<p>\u00a0<\/p>","protected":false},"excerpt":{"rendered":"<p>Nostalgico <strong data-start=\"10\" data-end=\"18\">cola<\/strong> con un gusto pulito e rinfrescante. Il <strong data-start=\"62\" data-end=\"81\">sottile, <\/strong>Le bustine completamente bianche si posizionano in modo discreto e confortevole sotto il labbro, per un uso senza macchie e in qualsiasi momento. Ogni sacchetto contiene <strong data-start=\"184\" data-end=\"202\">11 mg di nicotina<\/strong>, che offre una robusta sensazione di Hyp\u00e8r Strong di APR\u00c8S Nicotine AB.<\/p>","protected":false},"featured_media":10301,"comment_status":"open","ping_status":"closed","template":"","format":[206],"meta":{"_acf_changed":false},"product_brand":[],"product_cat":[41],"product_tag":[16551],"flavours":[193],"nicotine":[218,232],"class_list":{"0":"post-10300","1":"product","2":"type-product","3":"status-publish","4":"has-post-thumbnail","6":"product_cat-apres","7":"product_tag-11-mg-pouch","8":"pa_quantity-1-pack","9":"pa_quantity-10-pack","10":"pa_quantity-3-pack","11":"pa_quantity-30-pack","12":"pa_quantity-5-pack","13":"pa_quantity-60-pack","14":"flavours-cola","15":"format-slim","16":"nicotine-20-mg-g","17":"nicotine-extra-strong","19":"first","20":"instock","21":"taxable","22":"shipping-taxable","23":"purchasable","24":"product-type-variable"},"acf":[],"_links":{"self":[{"href":"https:\/\/whitelip.com\/it\/wp-json\/wp\/v2\/product\/10300","targetHints":{"allow":["GET"]}}],"collection":[{"href":"https:\/\/whitelip.com\/it\/wp-json\/wp\/v2\/product"}],"about":[{"href":"https:\/\/whitelip.com\/it\/wp-json\/wp\/v2\/types\/product"}],"replies":[{"embeddable":true,"href":"https:\/\/whitelip.com\/it\/wp-json\/wp\/v2\/comments?post=10300"}],"wp:featuredmedia":[{"embeddable":true,"href":"https:\/\/whitelip.com\/it\/wp-json\/wp\/v2\/media\/10301"}],"wp:attachment":[{"href":"https:\/\/whitelip.com\/it\/wp-json\/wp\/v2\/media?parent=10300"}],"wp:term":[{"taxonomy":"product_brand","embeddable":true,"href":"https:\/\/whitelip.com\/it\/wp-json\/wp\/v2\/product_brand?post=10300"},{"taxonomy":"product_cat","embeddable":true,"href":"https:\/\/whitelip.com\/it\/wp-json\/wp\/v2\/product_cat?post=10300"},{"taxonomy":"product_tag","embeddable":true,"href":"https:\/\/whitelip.com\/it\/wp-json\/wp\/v2\/product_tag?post=10300"},{"taxonomy":"flavours","embeddable":true,"href":"https:\/\/whitelip.com\/it\/wp-json\/wp\/v2\/flavours?post=10300"},{"taxonomy":"format","embeddable":true,"href":"https:\/\/whitelip.com\/it\/wp-json\/wp\/v2\/format?post=10300"},{"taxonomy":"nicotine","embeddable":true,"href":"https:\/\/whitelip.com\/it\/wp-json\/wp\/v2\/nicotine?post=10300"}],"curies":[{"name":"wp","href":"https:\/\/api.w.org\/{rel}","templated":true}]}}