{"id":7543,"date":"2024-11-29T19:48:43","date_gmt":"2024-11-29T19:48:43","guid":{"rendered":"https:\/\/whitelip.com\/privacy\/"},"modified":"2026-01-19T12:35:58","modified_gmt":"2026-01-19T12:35:58","slug":"privacy","status":"publish","type":"page","link":"https:\/\/whitelip.com\/it\/privacy\/","title":{"rendered":"La privacy"},"content":{"rendered":"<div class=\"wp-block-group container\"><div class=\"wp-block-group__inner-container is-layout-constrained wp-block-group-is-layout-constrained\"><section class=\"block--text\">\n    <div class=\"inner_blocks\">\n        \n\n<h1 class=\"wp-block-heading\">PRIVACY<\/h1>\n\n\n\n<p>La presente informativa sulla privacy descrive il modo in cui Whitelip AB (\u201cil sito web\u201d, \u201cwhitelip.com\u201d o \u201cnoi\u201d) raccoglie e utilizza i vostri dati personali quando visitate o effettuate un acquisto dal sito web.<\/p>\n\n\n\n<p><strong>Raccolta di dati personali<\/strong><\/p>\n\n\n\n<p>Quando visitate il sito web, raccogliamo alcune informazioni sul vostro dispositivo, sulla vostra interazione con il sito web e le informazioni necessarie per elaborare i vostri acquisti. Possiamo anche raccogliere ulteriori informazioni se ci contattate per l'assistenza clienti. Nella presente Informativa sulla privacy, tutte le informazioni che possono identificare in modo univoco un individuo (comprese le informazioni riportate di seguito) vengono definite \u201cInformazioni personali\u201d. Per ulteriori informazioni su quali dati personali raccogliamo e perch\u00e9, consultare l'elenco seguente.<\/p>\n\n\n\n<p><strong>Titolare del trattamento dei dati<\/strong><\/p>\n\n\n\n<p>Whitelip AB \u00e8 il titolare del trattamento dei dati che avviene nell'ambito delle attivit\u00e0 di Whitelip AB. (Whitelip AB, 559330-1087, L\u00e5ngedragsv\u00e4gen 20, 42671, V\u00e4stra Fr\u00f6lunda)<\/p>\n\n\n\n<p><strong>Informazioni sul dispositivo<\/strong><\/p>\n\n\n\n<ol class=\"wp-block-list\">\n<li>Esempi di dati personali raccolti: versione del browser, indirizzo IP, fuso orario, informazioni sui cookie, siti web o prodotti visualizzati, termini di ricerca e modalit\u00e0 di interazione con il sito web.<\/li>\n\n\n\n<li>Scopo della raccolta: caricare correttamente il sito web per l'utente ed eseguire analisi sull'utilizzo del sito web per ottimizzare il nostro sito.<\/li>\n\n\n\n<li>Fonte della raccolta: Raccolta automatica quando si accede al nostro sito web utilizzando cookie, file di log, web beacon, tag o pixel.<\/li>\n\n\n\n<li>Pubblicazione per scopi commerciali: condivisa con il nostro elaboratore WordPress e altri elaboratori di ordini.<\/li>\n<\/ol>\n\n\n\n<p><\/p>\n\n\n\n<p><strong>Informazioni per l'ordine<\/strong><\/p>\n\n\n\n<ol class=\"wp-block-list\">\n<li>Esempi di dati personali raccolti: nome, indirizzo, indirizzo di consegna, informazioni di pagamento (compreso il numero di carta di credito e il controllo del credito per l'adempimento della fattura), indirizzo e-mail e numero di telefono.<\/li>\n\n\n\n<li>Finalit\u00e0 di raccolta: fornire prodotti o servizi all'utente per adempiere al nostro accordo, elaborare le informazioni di pagamento, organizzare la spedizione e fornire fatture e\/o conferme d'ordine, comunicare con l'utente, esaminare i nostri ordini per verificare l'eventuale presenza di rischi o frodi e, in conformit\u00e0 con le preferenze condivise dall'utente, fornire informazioni o pubblicit\u00e0 sui nostri prodotti o servizi.<\/li>\n\n\n\n<li>Fonte della collezione: fonte da voi.<\/li>\n\n\n\n<li>Pubblicazione per scopi commerciali: condivisa con il nostro elaboratore WordPress e altri elaboratori di ordini.<\/li>\n<\/ol>\n\n\n\n<p><\/p>\n\n\n\n<p><strong>Informazioni sull'assistenza clienti<\/strong><\/p>\n\n\n\n<ol class=\"wp-block-list\">\n<li>Esempi di dati personali raccolti: nome, indirizzo, indirizzo di consegna, informazioni di pagamento (compreso il numero di carta di credito e il controllo del credito per l'adempimento della fattura), indirizzo e-mail e numero di telefono.<\/li>\n\n\n\n<li>Scopo della raccolta: fornire assistenza ai clienti.<\/li>\n\n\n\n<li>Fonte della collezione: fonte da voi.<\/li>\n\n\n\n<li>Pubblicazione per scopi commerciali: condivisa con il nostro elaboratore WordPress e altri elaboratori di ordini.<\/li>\n<\/ol>\n\n\n\n<p><\/p>\n\n\n\n<p><strong>Informazioni sulla newsletter<\/strong><\/p>\n\n\n\n<ol class=\"wp-block-list\">\n<li>Esempi di dati personali raccolti: nome, indirizzo, indirizzo e-mail e numero di telefono.<\/li>\n\n\n\n<li>Scopo della raccolta: fornire newsletter.<\/li>\n\n\n\n<li>Fonte della collezione: fonte da voi.<\/li>\n\n\n\n<li>Pubblicazione per scopi commerciali: condivisa con il nostro elaboratore WordPress e con Mailchimp per gli invii di posta elettronica.<\/li>\n<\/ol>\n\n\n\n<p><\/p>\n\n\n\n<p><strong>Minori<\/strong><\/p>\n\n\n\n<p>Il sito web non \u00e8 destinato a persone di et\u00e0 inferiore ai 18 anni. Non raccogliamo intenzionalmente dati personali da bambini. Se siete un genitore o un tutore e ritenete che vostro figlio ci abbia fornito dei dati personali, vi preghiamo di contattarci all'indirizzo sottostante per richiederne la cancellazione.<\/p>\n\n\n\n<p>support@whitelip.com<\/p>\n\n\n\n<p><strong>Condivisione di informazioni personali<\/strong><\/p>\n\n\n\n<p>Condividiamo i vostri dati personali con i fornitori di servizi per aiutarci a fornire i nostri servizi e ad adempiere ai nostri accordi con voi, come descritto sopra. ad esempio:<\/p>\n\n\n\n<ol class=\"wp-block-list\">\n<li>Utilizziamo WordPress per gestire il nostro negozio online. Per saperne di pi\u00f9 su come WordPress utilizza i vostri dati personali, cliccate qui:\u00a0<a href=\"https:\/\/ca.wordpress.org\/about\/privacy\/\" target=\"_blank\" rel=\"noreferrer noopener\">WordPress<\/a><\/li>\n\n\n\n<li>Possiamo condividere le informazioni personali dell'utente per ottemperare alle leggi e ai regolamenti vigenti, per rispondere a una citazione in giudizio, a un mandato di perquisizione o a un'altra richiesta legittima di informazioni che riceviamo, o per proteggere in altro modo i nostri diritti.<\/li>\n<\/ol>\n\n\n\n<p><\/p>\n\n\n\n<p><strong>Pubblicit\u00e0 mirata<\/strong><\/p>\n\n\n\n<p>Come descritto sopra, utilizziamo i vostri dati personali per fornirvi pubblicit\u00e0 mirata o comunicazioni di marketing che riteniamo possano essere di vostro interesse. ad esempio:<\/p>\n\n\n\n<ol class=\"wp-block-list\">\n<li>Utilizziamo Google Analytics per capire come i nostri clienti utilizzano il sito web. Per saperne di pi\u00f9 su come Google utilizza i vostri dati personali, consultate il sito:&nbsp;<a href=\"https:\/\/policies.google.com\/privacy?hl=en\" target=\"_blank\" rel=\"noreferrer noopener\">Google&nbsp;<\/a>Potete anche rinunciare a Google Analytics qui:&nbsp;<a href=\"https:\/\/tools.google.com\/dlpage\/gaoptout\" target=\"_blank\" rel=\"noreferrer noopener\">Rinuncia a Google Analytics<\/a><\/li>\n\n\n\n<li>Condividiamo con i nostri partner pubblicitari informazioni sull'utilizzo del sito web, sugli acquisti e sull'interazione con i nostri annunci su altri siti web. Raccogliamo e condividiamo alcune di queste informazioni direttamente con i nostri partner pubblicitari e, in alcuni casi, attraverso l'uso di cookie o altre tecnologie simili (a cui l'utente pu\u00f2 dare il proprio consenso, a seconda del luogo in cui si trova).<\/li>\n<\/ol>\n\n\n\n<p>Per ulteriori informazioni sul funzionamento della pubblicit\u00e0 mirata, potete visitare la pagina di formazione della Network Advertising Initiative (\u201cNAI\u201d) qui:&nbsp;<a href=\"https:\/\/www.networkadvertising.org\/understanding-online-advertising\/how-does-it-work\" target=\"_blank\" rel=\"noreferrer noopener\">NAI<\/a><\/p>\n\n\n\n<p>\u00c8 possibile rinunciare alla pubblicit\u00e0 mirata attraverso:&nbsp;<a href=\"https:\/\/www.facebook.com\/adpreferences\/ad_settings\/?entry_product=account_settings_menu\" target=\"_blank\" rel=\"noreferrer noopener\">FACEBOOK<\/a>&nbsp;<a href=\"https:\/\/adssettings.google.com\/authenticated?hl=sv\" target=\"_blank\" rel=\"noreferrer noopener\">GOOGLE<\/a>&nbsp;<a href=\"https:\/\/about.ads.microsoft.com\/en-us\/resources\/policies\/personalized-ads\" target=\"_blank\" rel=\"noreferrer noopener\">BING<\/a><\/p>\n\n\n\n<p>Inoltre, \u00e8 possibile rinunciare ad alcuni di questi servizi visitando il portale di opt-out della Digital Advertising Alliance all'indirizzo:&nbsp;<a href=\"https:\/\/optout.aboutads.info\/?c=2&amp;lang=EN\" target=\"_blank\" rel=\"noreferrer noopener\">DAA<\/a><\/p>\n\n\n\n<p><strong>Utilizzo delle informazioni personali<\/strong><\/p>\n\n\n\n<p>Utilizziamo i vostri dati personali per fornirvi i nostri servizi, che comprendono: l'offerta di prodotti in vendita, l'elaborazione dei pagamenti, la spedizione e l'evasione dell'ordine e l'aggiornamento su nuovi prodotti, servizi e offerte.<\/p>\n\n\n\n<p><strong>Base giuridica<\/strong><\/p>\n\n\n\n<p>Ai sensi del Regolamento generale sulla protezione dei dati (\u201cGDPR\u201d), se l'utente \u00e8 residente nello Spazio economico europeo (\u201cSEE\u201d), trattiamo i suoi dati personali sulle seguenti basi giuridiche:<\/p>\n\n\n\n<ol class=\"wp-block-list\">\n<li>Il vostro consenso;<\/li>\n\n\n\n<li>L'esecuzione del contratto tra l'utente e il sito web;<\/li>\n\n\n\n<li>Conformit\u00e0 ai nostri obblighi legali;<\/li>\n\n\n\n<li>Per proteggere i vostri interessi vitali;<\/li>\n\n\n\n<li>Per svolgere un compito di interesse pubblico.<\/li>\n\n\n\n<li>Per i nostri interessi legittimi, che non violano i vostri diritti e libert\u00e0 fondamentali.<\/li>\n<\/ol>\n\n\n\n<p><\/p>\n\n\n\n<p><strong>Immagazzinamento<\/strong><\/p>\n\n\n\n<p>Quando si effettua un ordine tramite il sito web, i dati personali dell'utente verranno conservati per i nostri archivi, a meno che e fino a quando l'utente non chieda la cancellazione di tali informazioni. Per ulteriori informazioni sul vostro diritto alla cancellazione, consultate la sezione \u201cI vostri diritti\u201d qui di seguito.<\/p>\n\n\n\n<p><strong>Automatico&nbsp;<u>processo decisionale<\/u><\/strong><\/p>\n\n\n\n<p>Se siete residenti nel SEE, avete il diritto di opporvi a un trattamento basato esclusivamente su un processo decisionale automatizzato (che include la profilazione), qualora tale processo decisionale abbia effetti legali su di voi o vi riguardi in altro modo in modo significativo.<\/p>\n\n\n\n<p>Ci impegniamo in un processo decisionale completamente automatizzato che ha un impatto legale o comunque significativo utilizzando i dati dei clienti.<\/p>\n\n\n\n<p>Il nostro elaboratore WordPress utilizza un processo decisionale automatizzato limitato per prevenire le frodi che non hanno un effetto legale o comunque significativo sull'utente.<\/p>\n\n\n\n<p>I servizi che contengono elementi di processo decisionale automatizzato includono:<\/p>\n\n\n\n<ol class=\"wp-block-list\">\n<li>Lista nera temporanea di indirizzi IP associati a transazioni ripetutamente fallite. Questa lista di negazione rimane per un numero limitato di ore.<\/li>\n\n\n\n<li>Negazione temporanea delle carte di credito associate agli indirizzi IP inseriti nella lista nera. Questa lista nera rimarr\u00e0 per un numero limitato di giorni.<\/li>\n<\/ol>\n\n\n\n<p><\/p>\n\n\n\n<p><strong>I vostri diritti<\/strong><\/p>\n\n\n\n<p>In qualit\u00e0 di soggetti interessati, avete una serie di diritti previsti dalla legislazione vigente. Avete il diritto di ricevere un estratto dei dati personali che abbiamo registrato su di voi. Pu\u00f2 richiedere la rettifica di dati inesatti e, in alcuni casi, la loro cancellazione.<\/p>\n\n\n\n<p>Esempi di dati personali raccolti: nome, indirizzo, indirizzo di consegna, informazioni di pagamento (compreso il numero di carta di credito e il controllo del credito per l'adempimento della fattura), indirizzo e-mail e numero di telefono.<\/p>\n\n\n\n<p>Contattateci se avete domande su come trattiamo i vostri dati personali.<\/p>\n\n\n\n<p>In caso di domande sulle modalit\u00e0 di trattamento dei dati personali, si prega di contattare Whitelip AB, responsabile delle questioni relative ai dati personali.<\/p>\n\n\n\n<p>Potremmo apportare modifiche alla nostra politica sulla privacy. La versione pi\u00f9 recente dell'informativa sulla privacy \u00e8 sempre disponibile qui sul sito web\/manuale del personale.<\/p>\n\n\n\n<p><strong>GDPR<\/strong><\/p>\n\n\n\n<p>Se siete residenti nel SEE, avete il diritto di accedere alle informazioni personali in nostro possesso, di trasferirle a un nuovo servizio e di chiedere che le vostre informazioni personali vengano corrette, aggiornate o cancellate. Se desiderate esercitare questi diritti, contattateci tramite le informazioni di contatto riportate di seguito.<\/p>\n\n\n\n<p>Per ulteriori informazioni su come i trasferimenti di dati sono conformi al GDPR, consultare il Whitepaper GDPR di WordPress:&nbsp;<a href=\"https:\/\/wordpress.com\/sv\/support\/din-webbplats-och-gdpr\/\" target=\"_blank\" rel=\"noreferrer noopener\">WordPress<\/a>&nbsp;GDPR.<\/p>\n\n\n\n<p><strong>Biscotti<\/strong><\/p>\n\n\n\n<p>Un cookie \u00e8 una piccola quantit\u00e0 di informazioni che viene scaricata sul vostro computer o dispositivo quando visitate il nostro sito web. Utilizziamo una serie di cookie diversi, tra cui cookie funzionali, di performance, pubblicitari e di social media o di contenuto. I cookie migliorano l'esperienza di navigazione consentendo al sito web di ricordare le azioni e le preferenze dell'utente (come il login e la selezione della regione). Ci\u00f2 significa che non \u00e8 necessario inserire queste informazioni ogni volta che si torna sul sito o si naviga da una pagina all'altra. I cookie forniscono inoltre informazioni sulle modalit\u00e0 di utilizzo del sito web, ad esempio se si tratta della prima visita o se si tratta di un visitatore abituale.<\/p>\n\n\n\n<p>La durata della permanenza di un cookie sul computer o sul dispositivo mobile dipende dal fatto che si tratti di un cookie \u201cpersistente\u201d o \u201cdi sessione\u201d. I cookie di sessione durano finch\u00e9 l'utente non interrompe la navigazione, mentre i cookie persistenti durano finch\u00e9 non scadono o vengono eliminati. La maggior parte dei cookie che utilizziamo sono persistenti e scadranno tra i 30 minuti e i due anni dalla data in cui sono stati scaricati sul vostro dispositivo.<\/p>\n\n\n\n<p>\u00c8 possibile controllare e gestire i cookie in diversi modi. Si prega di notare che l'eliminazione o il blocco dei cookie pu\u00f2 avere un impatto negativo sulla vostra esperienza utente e alcune parti del nostro sito web potrebbero non essere pi\u00f9 completamente disponibili.<\/p>\n\n\n\n<p>La maggior parte dei browser accetta automaticamente i cookie, ma \u00e8 possibile scegliere se accettarli o meno attraverso i controlli del browser, che spesso si trovano nel menu \u2018Strumenti\u2019 o \u2018Impostazioni\u2019 del browser. Ulteriori informazioni su come modificare le impostazioni del browser o su come bloccare, gestire o filtrare i cookie sono disponibili nel file di aiuto del browser o su siti web quali:&nbsp;<a href=\"https:\/\/www.allaboutcookies.org\/\" target=\"_blank\" rel=\"noreferrer noopener\">TUTTI I BISCOTTI<\/a><\/p>\n\n\n\n<p>Si noti inoltre che il blocco dei cookie potrebbe non impedirci completamente di condividere le informazioni con terze parti, come i nostri partner pubblicitari. Per esercitare i propri diritti o rinunciare a determinati utilizzi delle proprie informazioni da parte di tali soggetti, seguire le istruzioni riportate nella sezione \u201cPubblicit\u00e0 mirata\u201d di cui sopra.<\/p>\n\n\n\n<p><strong>Non tracciare<\/strong><\/p>\n\n\n\n<p>Poich\u00e9 non esiste una comprensione coerente del settore su come rispondere ai segnali Do Not Track, non modifichiamo le nostre pratiche di raccolta e utilizzo dei dati quando rileviamo un tale segnale dal vostro browser.<\/p>\n\n\n\n<p><strong>Modifiche all'informativa sulla privacy<\/strong><\/p>\n\n\n\n<p>Potremmo aggiornare periodicamente la presente informativa sulla privacy per riflettere, ad esempio, modifiche alle nostre pratiche o per altri motivi operativi, legali o normativi.<\/p>\n\n\n\n<p>Reti<\/p>\n\n\n\n<p>Per potervi offrire i metodi di pagamento di Nets, potremmo condividere con Nets i vostri dati personali sotto forma di dettagli di contatto e informazioni sugli ordini, affinch\u00e9 Nets possa valutare se potete scegliere i metodi di pagamento e personalizzarli per voi. I vostri dati personali condivisi sono trattati in base a quanto segue&nbsp;<a href=\"https:\/\/support.nets.eu\/document\/nets-privacy-notice\" target=\"_blank\" rel=\"noreferrer noopener\">Informazioni sulla protezione dei dati delle reti<\/a>.<\/p>\n\n\n\n<p><strong>Contattaci<\/strong><\/p>\n\n\n\n<p>Per ulteriori informazioni sulle nostre pratiche in materia di privacy, se avete domande o se volete presentare un reclamo, contattateci via e-mail all'indirizzo support@whitelip.com.<\/p>\n\n\n\n<p><em>Ultimo aggiornamento: 29-11-2024<\/em><\/p>\n\n\n\n<p>Se non siete soddisfatti della nostra risposta al vostro reclamo, avete il diritto di presentare il vostro reclamo all'autorit\u00e0 competente per la protezione dei dati. Potete contattare l'autorit\u00e0 locale per la protezione dei dati o la nostra autorit\u00e0 di vigilanza qui:&nbsp;<a href=\"https:\/\/www.konsumentverket.se\/\" target=\"_blank\" rel=\"noreferrer noopener\">Konsumentverket.se<\/a><\/p>\n\n\n    <\/div>\n<\/section>\n<\/div><\/div>","protected":false},"excerpt":{"rendered":"","protected":false},"author":8456,"featured_media":0,"parent":0,"menu_order":0,"comment_status":"open","ping_status":"open","template":"text.php","meta":{"_acf_changed":false,"footnotes":""},"class_list":["post-7543","page","type-page","status-publish","hentry"],"acf":[],"_links":{"self":[{"href":"https:\/\/whitelip.com\/it\/wp-json\/wp\/v2\/pages\/7543","targetHints":{"allow":["GET"]}}],"collection":[{"href":"https:\/\/whitelip.com\/it\/wp-json\/wp\/v2\/pages"}],"about":[{"href":"https:\/\/whitelip.com\/it\/wp-json\/wp\/v2\/types\/page"}],"author":[{"embeddable":true,"href":"https:\/\/whitelip.com\/it\/wp-json\/wp\/v2\/users\/8456"}],"replies":[{"embeddable":true,"href":"https:\/\/whitelip.com\/it\/wp-json\/wp\/v2\/comments?post=7543"}],"version-history":[{"count":0,"href":"https:\/\/whitelip.com\/it\/wp-json\/wp\/v2\/pages\/7543\/revisions"}],"wp:attachment":[{"href":"https:\/\/whitelip.com\/it\/wp-json\/wp\/v2\/media?parent=7543"}],"curies":[{"name":"wp","href":"https:\/\/api.w.org\/{rel}","templated":true}]}}