{"id":9957,"date":"2025-03-25T13:43:36","date_gmt":"2025-03-25T13:43:36","guid":{"rendered":"https:\/\/whitelip.com\/garant-extreme-edition-cherry-50-mg\/"},"modified":"2026-04-12T12:41:33","modified_gmt":"2026-04-12T12:41:33","slug":"garant-extreme-edition-cherry-50-mg","status":"publish","type":"product","link":"https:\/\/whitelip.com\/fr\/garant\/garant-extreme-edition-cherry-50-mg\/","title":{"rendered":"Garant Extreme Edition Cherry 50 mg"},"content":{"rendered":"<h2><strong>Garant Extreme Edition Cherry 50 mg\/g<\/strong><\/h2>\n<p>Les sachets de nicotine Garant Extreme Cherry apportent un go\u00fbt de cerise audacieuse et sucr\u00e9e qui offre une exp\u00e9rience fruit\u00e9e riche \u00e0 chaque utilisation. L'intense saveur de cerise est parfaitement \u00e9quilibr\u00e9e, offrant un coup de nicotine lisse et satisfaisant. Chaque sachet slim blanc contient 25 mg de nicotine, avec un total de 50 mg de nicotine par gramme, offrant un effet fort et durable pour les utilisateurs exp\u00e9riment\u00e9s. Con\u00e7us pour la discr\u00e9tion et le confort, ces sachets sans tabac s'adaptent facilement sous la l\u00e8vre, offrant un moyen pratique et agr\u00e9able de vivre une sensation de nicotine premium. Id\u00e9al pour ceux qui recherchent une saveur sucr\u00e9e et fruit\u00e9e avec un coup lisse mais puissant.<\/p>\n<table>\n<tbody>\n<tr>\n<td><b>Attribut<\/b><\/td>\n<td><b>D\u00e9tails<\/b><\/td>\n<\/tr>\n<tr>\n<td><span style=\"font-weight: 400;\">Contenu par bo\u00eete<\/span><\/td>\n<td><\/td>\n<\/tr>\n<tr>\n<td><span style=\"font-weight: 400;\">Teneur en nicotine<\/span><\/td>\n<td><span style=\"font-weight: 400;\">50 mg\/g (25 mg par sachet)<\/span><\/td>\n<\/tr>\n<tr>\n<td><span style=\"font-weight: 400;\">Format de la pochette<\/span><\/td>\n<td><span style=\"font-weight: 400;\">Mince<\/span><\/td>\n<\/tr>\n<tr>\n<td><span style=\"font-weight: 400;\">Producteur<\/span><\/td>\n<td><span style=\"font-weight: 400;\">Garant<\/span><\/td>\n<\/tr>\n<tr>\n<td><span style=\"font-weight: 400;\">Saveur<\/span><\/td>\n<td>Cerise<\/td>\n<\/tr>\n<tr>\n<td><span style=\"font-weight: 400;\">Taper<\/span><\/td>\n<td><span style=\"font-weight: 400;\">Pochette enti\u00e8rement blanche, sans tabac<\/span><\/td>\n<\/tr>\n<\/tbody>\n<\/table>","protected":false},"excerpt":{"rendered":"<p data-start=\"0\" data-end=\"286\">Audacieux, doux <strong>cerise<\/strong> avec un profil fruit\u00e9 riche et un coup satisfaisant et lisse. <strong>Mince<\/strong>, sachets slim, blancs, sans tabac s'adaptent discr\u00e8tement sous la l\u00e8vre pour une utilisation confortable et pratique. Chaque sachet contient <strong>25 mg de nicotine<\/strong> (50 mg\/g), offrant un effet fort et durable pour les utilisateurs exp\u00e9riment\u00e9s.<\/p>\n<p data-start=\"288\" data-end=\"394\" data-is-last-node=\"\" data-is-only-node=\"\">","protected":false},"featured_media":9958,"comment_status":"open","ping_status":"closed","template":"","format":[206],"meta":{"_acf_changed":false},"product_brand":[],"product_cat":[102],"product_tag":[16510,16589],"flavours":[196],"nicotine":[226,233],"class_list":{"0":"post-9957","1":"product","2":"type-product","3":"status-publish","4":"has-post-thumbnail","6":"product_cat-garant","7":"product_tag-12-off","8":"product_tag-25-mg-pouch","9":"pa_quantity-1-pack","10":"pa_quantity-10-pack","11":"pa_quantity-3-pack","12":"pa_quantity-30-pack","13":"pa_quantity-5-pack","14":"pa_quantity-60-pack","15":"flavours-fruits-berries","16":"format-slim","17":"nicotine-50-mg-g","18":"nicotine-extreme","20":"first","21":"instock","22":"sale","23":"taxable","24":"shipping-taxable","25":"purchasable","26":"product-type-variable"},"acf":[],"_links":{"self":[{"href":"https:\/\/whitelip.com\/fr\/wp-json\/wp\/v2\/product\/9957","targetHints":{"allow":["GET"]}}],"collection":[{"href":"https:\/\/whitelip.com\/fr\/wp-json\/wp\/v2\/product"}],"about":[{"href":"https:\/\/whitelip.com\/fr\/wp-json\/wp\/v2\/types\/product"}],"replies":[{"embeddable":true,"href":"https:\/\/whitelip.com\/fr\/wp-json\/wp\/v2\/comments?post=9957"}],"wp:featuredmedia":[{"embeddable":true,"href":"https:\/\/whitelip.com\/fr\/wp-json\/wp\/v2\/media\/9958"}],"wp:attachment":[{"href":"https:\/\/whitelip.com\/fr\/wp-json\/wp\/v2\/media?parent=9957"}],"wp:term":[{"taxonomy":"product_brand","embeddable":true,"href":"https:\/\/whitelip.com\/fr\/wp-json\/wp\/v2\/product_brand?post=9957"},{"taxonomy":"product_cat","embeddable":true,"href":"https:\/\/whitelip.com\/fr\/wp-json\/wp\/v2\/product_cat?post=9957"},{"taxonomy":"product_tag","embeddable":true,"href":"https:\/\/whitelip.com\/fr\/wp-json\/wp\/v2\/product_tag?post=9957"},{"taxonomy":"flavours","embeddable":true,"href":"https:\/\/whitelip.com\/fr\/wp-json\/wp\/v2\/flavours?post=9957"},{"taxonomy":"format","embeddable":true,"href":"https:\/\/whitelip.com\/fr\/wp-json\/wp\/v2\/format?post=9957"},{"taxonomy":"nicotine","embeddable":true,"href":"https:\/\/whitelip.com\/fr\/wp-json\/wp\/v2\/nicotine?post=9957"}],"curies":[{"name":"wp","href":"https:\/\/api.w.org\/{rel}","templated":true}]}}