{"id":9924,"date":"2025-02-25T11:38:43","date_gmt":"2025-02-25T11:38:43","guid":{"rendered":"https:\/\/whitelip.com\/zxs-icy-mint-jumbo-can\/"},"modified":"2026-04-27T10:10:33","modified_gmt":"2026-04-27T10:10:33","slug":"zxs-icy-mint-jumbo-can","status":"publish","type":"product","link":"https:\/\/whitelip.com\/fr\/jumbo-can\/zxs-icy-mint-jumbo-can\/","title":{"rendered":"Z!XS Icy Mint Jumbo Can"},"content":{"rendered":"<h2><strong>Z!XS Icy Mint Jumbo Can<\/strong><\/h2>\n<p><span style=\"font-weight: 400;\">Z!XS Icy Mint Jumbo Can d\u00e9livre une boisson \u00e0 base de menthe glac\u00e9e. <strong>saveur menthe glaciale<\/strong><\/span><span style=\"font-weight: 400;\"> combin\u00e9e \u00e0 une forte dose de nicotine, ce qui en fait un choix audacieux pour les utilisateurs exp\u00e9riment\u00e9s. La sensation de menthe vive et rafra\u00eechissante procure une exp\u00e9rience propre et revigorante, tandis que la teneur \u00e9lev\u00e9e en nicotine assure une sensation de fra\u00eecheur et de bien-\u00eatre. <\/span><b>lib\u00e9ration puissante et durable<\/b><span style=\"font-weight: 400;\">. Chaque sachet tout blanc contient <\/span><b>8 mg de nicotine<\/b><span style=\"font-weight: 400;\">, La gamme de produits de l'entreprise est tr\u00e8s large, offrant une option extra-forte pour ceux qui recherchent une force maximale.<\/span><\/p>\n<p><span style=\"font-weight: 400;\">Emball\u00e9 dans un emballage pratique <\/span><b>bo\u00eete jumbo<\/b><span style=\"font-weight: 400;\"> Avec plus de portions, ce produit est id\u00e9al pour les gros consommateurs ou ceux qui souhaitent une disponibilit\u00e9 prolong\u00e9e. Le format mince assure une tenue confortable et discr\u00e8te sous la l\u00e8vre, tandis que la composition sans tabac offre une alternative moderne et sans tache aux produits traditionnels. Z!XS Icy Mint combine une force extr\u00eame avec un effet rafra\u00eechissant pour une exp\u00e9rience nicotinique in\u00e9gal\u00e9e.<\/span><\/p>\n<table>\n<tbody>\n<tr>\n<td><b>Attribut<\/b><\/td>\n<td><b>D\u00e9tails<\/b><\/td>\n<\/tr>\n<tr>\n<td><b>Marque<\/b><\/td>\n<td><span style=\"font-weight: 400;\">Z!XS<\/span><\/td>\n<\/tr>\n<tr>\n<td><b>Type de produit<\/b><\/td>\n<td><span style=\"font-weight: 400;\">Tous les sachets de nicotine blancs<\/span><\/td>\n<\/tr>\n<tr>\n<td><b>Format<\/b><\/td>\n<td><span style=\"font-weight: 400;\">Mince<\/span><\/td>\n<\/tr>\n<tr>\n<td><b>Saveur<\/b><\/td>\n<td><span style=\"font-weight: 400;\">Menthe<\/span><\/td>\n<\/tr>\n<tr>\n<td><b>Intensit\u00e9 de la nicotine<\/b><\/td>\n<td><span style=\"font-weight: 400;\">8 mg par sachet<\/span><\/td>\n<\/tr>\n<tr>\n<td><b>Poids de la portion<\/b><\/td>\n<td><span style=\"font-weight: 400;\">0,7 grammes<\/span><\/td>\n<\/tr>\n<tr>\n<td><b>Nombre de portions<\/b><\/td>\n<td><span style=\"font-weight: 400;\">320 par canette (Bo\u00eete Jumbo)<\/span><\/td>\n<\/tr>\n<tr>\n<td><b>Poids total de la bo\u00eete<\/b><\/td>\n<td><span style=\"font-weight: 400;\">46,2 grammes<\/span><\/td>\n<\/tr>\n<tr>\n<td><b>Fabricant<\/b><\/td>\n<td><span style=\"font-weight: 400;\">Z!XS International<\/span><\/td>\n<\/tr>\n<tr>\n<td><b>Caract\u00e9ristiques notables<\/b><\/td>\n<td><span style=\"font-weight: 400;\">Sans tabac, format slim, saveur de menthe glac\u00e9e extra-forte, grande bo\u00eete avec 66 portions<\/span><\/td>\n<\/tr>\n<\/tbody>\n<\/table>","protected":false},"excerpt":{"rendered":"<p>Z!XS <strong data-start=\"5\" data-end=\"17\">Menthe glaciale<\/strong> <strong data-start=\"18\" data-end=\"34\">Extra fort<\/strong> offre une menthe piquante et rafra\u00eechissante pour un effet nettoyant et revigorant. Les <strong data-start=\"105\" data-end=\"118\">tout blanc<\/strong> sont discr\u00e8tes et confortables. Chaque pochette contient <strong data-start=\"177\" data-end=\"194\">8 mg de nicotine<\/strong>, La bo\u00eete jumbo contient de l'eau et de l'oxyg\u00e8ne, ce qui permet une lib\u00e9ration puissante et de longue dur\u00e9e. La bo\u00eete jumbo contient environ <strong>320 Slim<\/strong> Les bo\u00eetes de conserve peuvent \u00eatre utilis\u00e9es dans des sachets en plastique, ce qui permet d'obtenir un volume nettement sup\u00e9rieur \u00e0 celui des bo\u00eetes de conserve standard.<\/p>","protected":false},"featured_media":9925,"comment_status":"open","ping_status":"closed","template":"","format":[206],"meta":{"_acf_changed":false},"product_brand":[],"product_cat":[92,39],"product_tag":[16583],"flavours":[199],"nicotine":[230,236],"class_list":{"0":"post-9924","1":"product","2":"type-product","3":"status-publish","4":"has-post-thumbnail","6":"product_cat-jumbo-can","7":"product_cat-zxs","8":"product_tag-8-mg-pouch","9":"pa_quantity-1-pack","10":"pa_quantity-10-pack","11":"pa_quantity-2-pack","12":"pa_quantity-3-pack","13":"pa_quantity-30-pack","14":"pa_quantity-5-pack","15":"pa_quantity-60-pack","16":"flavours-mint","17":"format-slim","18":"nicotine-8-mg-g","19":"nicotine-strong","21":"first","22":"instock","23":"taxable","24":"shipping-taxable","25":"purchasable","26":"product-type-variable"},"acf":[],"_links":{"self":[{"href":"https:\/\/whitelip.com\/fr\/wp-json\/wp\/v2\/product\/9924","targetHints":{"allow":["GET"]}}],"collection":[{"href":"https:\/\/whitelip.com\/fr\/wp-json\/wp\/v2\/product"}],"about":[{"href":"https:\/\/whitelip.com\/fr\/wp-json\/wp\/v2\/types\/product"}],"replies":[{"embeddable":true,"href":"https:\/\/whitelip.com\/fr\/wp-json\/wp\/v2\/comments?post=9924"}],"wp:featuredmedia":[{"embeddable":true,"href":"https:\/\/whitelip.com\/fr\/wp-json\/wp\/v2\/media\/9925"}],"wp:attachment":[{"href":"https:\/\/whitelip.com\/fr\/wp-json\/wp\/v2\/media?parent=9924"}],"wp:term":[{"taxonomy":"product_brand","embeddable":true,"href":"https:\/\/whitelip.com\/fr\/wp-json\/wp\/v2\/product_brand?post=9924"},{"taxonomy":"product_cat","embeddable":true,"href":"https:\/\/whitelip.com\/fr\/wp-json\/wp\/v2\/product_cat?post=9924"},{"taxonomy":"product_tag","embeddable":true,"href":"https:\/\/whitelip.com\/fr\/wp-json\/wp\/v2\/product_tag?post=9924"},{"taxonomy":"flavours","embeddable":true,"href":"https:\/\/whitelip.com\/fr\/wp-json\/wp\/v2\/flavours?post=9924"},{"taxonomy":"format","embeddable":true,"href":"https:\/\/whitelip.com\/fr\/wp-json\/wp\/v2\/format?post=9924"},{"taxonomy":"nicotine","embeddable":true,"href":"https:\/\/whitelip.com\/fr\/wp-json\/wp\/v2\/nicotine?post=9924"}],"curies":[{"name":"wp","href":"https:\/\/api.w.org\/{rel}","templated":true}]}}