{"id":9916,"date":"2025-02-20T13:47:20","date_gmt":"2025-02-20T13:47:20","guid":{"rendered":"https:\/\/whitelip.com\/frokens-tropical-storm\/"},"modified":"2026-04-10T09:21:41","modified_gmt":"2026-04-10T09:21:41","slug":"frokens-tropical-storm","status":"publish","type":"product","link":"https:\/\/whitelip.com\/fr\/frokens\/frokens-tropical-storm\/","title":{"rendered":"FR\u00d6KENS Temp\u00eate tropicale Date d'expiration : 2024-12-04"},"content":{"rendered":"<h2><strong>FR\u00d6KENS Temp\u00eate tropicale<\/strong><\/h2>\n<p><strong>Produit p\u00e9rim\u00e9 - Date d'expiration : 2024-12-04<\/strong><\/p>\n<p><span style=\"font-weight: 400;\">Les sachets de nicotine Tropical Storm de FR\u00d6KENS offrent une saveur rafra\u00eechissante de fruits tropicaux avec une sensation de boosting, id\u00e9ale pour les amateurs de fruits \u00e0 la recherche d'un go\u00fbt tropical. Chaque sachet fin, enti\u00e8rement blanc, contient 14 mg de nicotine, offrant une force mod\u00e9r\u00e9e convenant aux utilisateurs exp\u00e9riment\u00e9s. Le design discret permet une utilisation \u00e0 tout moment, n'importe o\u00f9, sans tacher les dents. Fabriqu\u00e9s par Smitify Limited, ces sachets sans tabac garantissent une saveur satisfaisante de fruits tropicaux.<\/span><\/p>\n<p><b>Sp\u00e9cifications<\/b><\/p>\n<table>\n<tbody>\n<tr>\n<td><b>Attribut<\/b><\/td>\n<td><b>D\u00e9tails<\/b><\/td>\n<\/tr>\n<tr>\n<td><b>Contenu par bo\u00eete<\/b><\/td>\n<td><span style=\"font-weight: 400;\">11g (20 sachets)<\/span><\/td>\n<\/tr>\n<tr>\n<td><b>Teneur en nicotine<\/b><\/td>\n<td><span style=\"font-weight: 400;\">28 mg\/g (14 mg par sachet)<\/span><\/td>\n<\/tr>\n<tr>\n<td><b>Format de la pochette<\/b><\/td>\n<td><span style=\"font-weight: 400;\">Mince<\/span><\/td>\n<\/tr>\n<tr>\n<td><b>Producteur<\/b><\/td>\n<td><span style=\"font-weight: 400;\">Smitify Limited<\/span><\/td>\n<\/tr>\n<tr>\n<td><b>Saveur<\/b><\/td>\n<td><span style=\"font-weight: 400;\">Fruits<\/span><\/td>\n<\/tr>\n<tr>\n<td><b>Taper<\/b><\/td>\n<td><span style=\"font-weight: 400;\">Pochette toute blanche<\/span><\/td>\n<\/tr>\n<\/tbody>\n<\/table>","protected":false},"excerpt":{"rendered":"<p><strong>Produit p\u00e9rim\u00e9 - Date d'expiration : 2024-12-04<\/strong><\/p>\n<p><span style=\"font-weight: 400;\">Les sachets de nicotine Tropical Storm de FR\u00d6KENS offrent une saveur rafra\u00eechissante de fruits tropicaux avec une sensation de boosting, id\u00e9ale pour les amateurs de fruits \u00e0 la recherche d'un go\u00fbt tropical. Chaque sachet fin, enti\u00e8rement blanc, contient 14 mg de nicotine, offrant une force mod\u00e9r\u00e9e convenant aux utilisateurs exp\u00e9riment\u00e9s. Le design discret permet une utilisation \u00e0 tout moment, n'importe o\u00f9, sans tacher les dents. Fabriqu\u00e9s par Smitify Limited, ces sachets sans tabac garantissent une saveur satisfaisante de fruits tropicaux.<\/span><\/p>","protected":false},"featured_media":3286,"comment_status":"open","ping_status":"closed","template":"","format":[206],"meta":{"_acf_changed":false},"product_brand":[],"product_cat":[100],"product_tag":[16581],"flavours":[196],"nicotine":[220,232],"class_list":{"0":"post-9916","1":"product","2":"type-product","3":"status-publish","4":"has-post-thumbnail","6":"product_cat-frokens","7":"product_tag-14-mg-pouch","8":"pa_quantity-30-pack","9":"pa_quantity-60-pack","10":"flavours-fruits-berries","11":"format-slim","12":"nicotine-28-mg-g","13":"nicotine-extra-strong","15":"first","16":"instock","17":"taxable","18":"shipping-taxable","19":"purchasable","20":"product-type-variable"},"acf":[],"_links":{"self":[{"href":"https:\/\/whitelip.com\/fr\/wp-json\/wp\/v2\/product\/9916","targetHints":{"allow":["GET"]}}],"collection":[{"href":"https:\/\/whitelip.com\/fr\/wp-json\/wp\/v2\/product"}],"about":[{"href":"https:\/\/whitelip.com\/fr\/wp-json\/wp\/v2\/types\/product"}],"replies":[{"embeddable":true,"href":"https:\/\/whitelip.com\/fr\/wp-json\/wp\/v2\/comments?post=9916"}],"wp:featuredmedia":[{"embeddable":true,"href":"https:\/\/whitelip.com\/fr\/wp-json\/wp\/v2\/media\/3286"}],"wp:attachment":[{"href":"https:\/\/whitelip.com\/fr\/wp-json\/wp\/v2\/media?parent=9916"}],"wp:term":[{"taxonomy":"product_brand","embeddable":true,"href":"https:\/\/whitelip.com\/fr\/wp-json\/wp\/v2\/product_brand?post=9916"},{"taxonomy":"product_cat","embeddable":true,"href":"https:\/\/whitelip.com\/fr\/wp-json\/wp\/v2\/product_cat?post=9916"},{"taxonomy":"product_tag","embeddable":true,"href":"https:\/\/whitelip.com\/fr\/wp-json\/wp\/v2\/product_tag?post=9916"},{"taxonomy":"flavours","embeddable":true,"href":"https:\/\/whitelip.com\/fr\/wp-json\/wp\/v2\/flavours?post=9916"},{"taxonomy":"format","embeddable":true,"href":"https:\/\/whitelip.com\/fr\/wp-json\/wp\/v2\/format?post=9916"},{"taxonomy":"nicotine","embeddable":true,"href":"https:\/\/whitelip.com\/fr\/wp-json\/wp\/v2\/nicotine?post=9916"}],"curies":[{"name":"wp","href":"https:\/\/api.w.org\/{rel}","templated":true}]}}