{"id":9911,"date":"2025-02-20T13:47:21","date_gmt":"2025-02-20T13:47:21","guid":{"rendered":"https:\/\/whitelip.com\/frokens-energy\/"},"modified":"2026-04-09T22:33:34","modified_gmt":"2026-04-09T22:33:34","slug":"frokens-energy","status":"publish","type":"product","link":"https:\/\/whitelip.com\/fr\/frokens\/frokens-energy\/","title":{"rendered":"FR\u00d6KENS Energy Date d'expiration : 2024-12-04"},"content":{"rendered":"<h2><strong>FR\u00d6KENS \u00c9nergie<\/strong><\/h2>\n<p><strong>Produit p\u00e9rim\u00e9 - Date d'expiration : 2024-12-04<\/strong><\/p>\n<p><span style=\"font-weight: 400;\">Les sachets de nicotine FR\u00d6KENS Energy offrent un go\u00fbt rafra\u00eechissant de boisson \u00e9nergisante avec une sensation de boosting, id\u00e9al pour les amateurs de boissons \u00e9nergisantes \u00e0 la recherche d'un go\u00fbt sucr\u00e9. Chaque sachet fin, enti\u00e8rement blanc, contient 6 mg de nicotine, offrant une force mod\u00e9r\u00e9e convenant aux nouveaux utilisateurs comme aux utilisateurs exp\u00e9riment\u00e9s. Le design discret permet une utilisation \u00e0 tout moment, n'importe o\u00f9, sans tacher les dents. Fabriqu\u00e9s par Smitify Limited, ces sachets sans tabac garantissent une saveur de boisson \u00e9nergisante satisfaisante.<\/span><\/p>\n<p><b>Sp\u00e9cifications<\/b><\/p>\n<table>\n<tbody>\n<tr>\n<td><b>Attribut<\/b><\/td>\n<td><b>D\u00e9tails<\/b><\/td>\n<\/tr>\n<tr>\n<td><b>Contenu par bo\u00eete<\/b><\/td>\n<td><span style=\"font-weight: 400;\">11g (20 sachets)<\/span><\/td>\n<\/tr>\n<tr>\n<td><b>Teneur en nicotine<\/b><\/td>\n<td><span style=\"font-weight: 400;\">6 mg\/g (3 mg par sachet)<\/span><\/td>\n<\/tr>\n<tr>\n<td><b>Format de la pochette<\/b><\/td>\n<td><span style=\"font-weight: 400;\">Mince<\/span><\/td>\n<\/tr>\n<tr>\n<td><b>Producteur<\/b><\/td>\n<td><span style=\"font-weight: 400;\">Smitify Limited<\/span><\/td>\n<\/tr>\n<tr>\n<td><b>Saveur<\/b><\/td>\n<td><span style=\"font-weight: 400;\">Boisson \u00e9nergisante<\/span><\/td>\n<\/tr>\n<tr>\n<td><b>Taper<\/b><\/td>\n<td><span style=\"font-weight: 400;\">Pochette toute blanche<\/span><\/td>\n<\/tr>\n<\/tbody>\n<\/table>","protected":false},"excerpt":{"rendered":"<p><strong>Produit p\u00e9rim\u00e9 - Date d'expiration : 2024-12-04<\/strong><\/p>\n<p><span style=\"font-weight: 400;\">Les sachets de nicotine FR\u00d6KENS Energy offrent un go\u00fbt rafra\u00eechissant de boisson \u00e9nergisante avec une sensation de boosting, id\u00e9al pour les amateurs de boissons \u00e9nergisantes \u00e0 la recherche d'un go\u00fbt sucr\u00e9. Chaque sachet fin, enti\u00e8rement blanc, contient 6 mg de nicotine, offrant une force mod\u00e9r\u00e9e convenant aux nouveaux utilisateurs comme aux utilisateurs exp\u00e9riment\u00e9s. Le design discret permet une utilisation \u00e0 tout moment, n'importe o\u00f9, sans tacher les dents. Fabriqu\u00e9s par Smitify Limited, ces sachets sans tabac garantissent une saveur de boisson \u00e9nergisante satisfaisante.<\/span><\/p>","protected":false},"featured_media":3285,"comment_status":"open","ping_status":"closed","template":"","format":[206],"meta":{"_acf_changed":false},"product_brand":[],"product_cat":[100],"product_tag":[16579],"flavours":[196],"nicotine":[228,235],"class_list":{"0":"post-9911","1":"product","2":"type-product","3":"status-publish","4":"has-post-thumbnail","6":"product_cat-frokens","7":"product_tag-3-mg-pouch","8":"pa_quantity-30-pack","9":"pa_quantity-60-pack","10":"flavours-fruits-berries","11":"format-slim","12":"nicotine-6-mg-g","13":"nicotine-normal","15":"first","16":"instock","17":"taxable","18":"shipping-taxable","19":"purchasable","20":"product-type-variable"},"acf":[],"_links":{"self":[{"href":"https:\/\/whitelip.com\/fr\/wp-json\/wp\/v2\/product\/9911","targetHints":{"allow":["GET"]}}],"collection":[{"href":"https:\/\/whitelip.com\/fr\/wp-json\/wp\/v2\/product"}],"about":[{"href":"https:\/\/whitelip.com\/fr\/wp-json\/wp\/v2\/types\/product"}],"replies":[{"embeddable":true,"href":"https:\/\/whitelip.com\/fr\/wp-json\/wp\/v2\/comments?post=9911"}],"wp:featuredmedia":[{"embeddable":true,"href":"https:\/\/whitelip.com\/fr\/wp-json\/wp\/v2\/media\/3285"}],"wp:attachment":[{"href":"https:\/\/whitelip.com\/fr\/wp-json\/wp\/v2\/media?parent=9911"}],"wp:term":[{"taxonomy":"product_brand","embeddable":true,"href":"https:\/\/whitelip.com\/fr\/wp-json\/wp\/v2\/product_brand?post=9911"},{"taxonomy":"product_cat","embeddable":true,"href":"https:\/\/whitelip.com\/fr\/wp-json\/wp\/v2\/product_cat?post=9911"},{"taxonomy":"product_tag","embeddable":true,"href":"https:\/\/whitelip.com\/fr\/wp-json\/wp\/v2\/product_tag?post=9911"},{"taxonomy":"flavours","embeddable":true,"href":"https:\/\/whitelip.com\/fr\/wp-json\/wp\/v2\/flavours?post=9911"},{"taxonomy":"format","embeddable":true,"href":"https:\/\/whitelip.com\/fr\/wp-json\/wp\/v2\/format?post=9911"},{"taxonomy":"nicotine","embeddable":true,"href":"https:\/\/whitelip.com\/fr\/wp-json\/wp\/v2\/nicotine?post=9911"}],"curies":[{"name":"wp","href":"https:\/\/api.w.org\/{rel}","templated":true}]}}