{"id":9906,"date":"2025-02-20T13:47:22","date_gmt":"2025-02-20T13:47:22","guid":{"rendered":"https:\/\/whitelip.com\/frokens-red-berries\/"},"modified":"2026-03-05T10:35:11","modified_gmt":"2026-03-05T10:35:11","slug":"frokens-red-berries","status":"publish","type":"product","link":"https:\/\/whitelip.com\/fr\/frokens\/frokens-red-berries\/","title":{"rendered":"FR\u00d6KENS Red Berries Date d'expiration : 2024-12-03"},"content":{"rendered":"<h2><strong>FR\u00d6KENS Baies rouges<\/strong><\/h2>\n<p><strong>Produit p\u00e9rim\u00e9 - Date d'expiration : 2024-12-03<\/strong><\/p>\n<p><span style=\"font-weight: 400;\">Les sachets de nicotine FR\u00d6KENS Red Berries offrent une saveur rafra\u00eechissante de baies d'\u00e9t\u00e9 avec une sensation sucr\u00e9e, id\u00e9ale pour les amateurs de baies \u00e0 la recherche d'un go\u00fbt sucr\u00e9. Chaque sachet fin, enti\u00e8rement blanc, contient 6 mg de nicotine, offrant une force mod\u00e9r\u00e9e convenant aux nouveaux utilisateurs comme aux utilisateurs exp\u00e9riment\u00e9s. Le design discret permet une utilisation \u00e0 tout moment, n'importe o\u00f9, sans tacher les dents. Fabriqu\u00e9s par Smitify Limited, ces sachets sans tabac garantissent une fra\u00eecheur de baies satisfaisante.<\/span><\/p>\n<p><b>Sp\u00e9cifications<\/b><\/p>\n<table>\n<tbody>\n<tr>\n<td><b>Attribut<\/b><\/td>\n<td><b>D\u00e9tails<\/b><\/td>\n<\/tr>\n<tr>\n<td><b>Contenu par bo\u00eete<\/b><\/td>\n<td><span style=\"font-weight: 400;\">11g (20 sachets)<\/span><\/td>\n<\/tr>\n<tr>\n<td><b>Teneur en nicotine<\/b><\/td>\n<td><span style=\"font-weight: 400;\">6 mg\/g (3 mg par sachet)<\/span><\/td>\n<\/tr>\n<tr>\n<td><b>Format de la pochette<\/b><\/td>\n<td><span style=\"font-weight: 400;\">Mince<\/span><\/td>\n<\/tr>\n<tr>\n<td><b>Producteur<\/b><\/td>\n<td><span style=\"font-weight: 400;\">Smitify Limited<\/span><\/td>\n<\/tr>\n<tr>\n<td><b>Saveur<\/b><\/td>\n<td><span style=\"font-weight: 400;\">Baies<\/span><\/td>\n<\/tr>\n<tr>\n<td><b>Taper<\/b><\/td>\n<td><span style=\"font-weight: 400;\">Pochette toute blanche<\/span><\/td>\n<\/tr>\n<\/tbody>\n<\/table>","protected":false},"excerpt":{"rendered":"<p><strong>Produit p\u00e9rim\u00e9 - Date d'expiration : 2024-12-03<\/strong><\/p>\n<p><span style=\"font-weight: 400;\">Les sachets de nicotine FR\u00d6KENS Red Berries offrent une saveur rafra\u00eechissante de baies d'\u00e9t\u00e9 avec une sensation sucr\u00e9e, id\u00e9ale pour les amateurs de baies \u00e0 la recherche d'un go\u00fbt sucr\u00e9. Chaque sachet fin, enti\u00e8rement blanc, contient 6 mg de nicotine, offrant une force mod\u00e9r\u00e9e convenant aux nouveaux utilisateurs comme aux utilisateurs exp\u00e9riment\u00e9s. Le design discret permet une utilisation \u00e0 tout moment, n'importe o\u00f9, sans tacher les dents. Fabriqu\u00e9s par Smitify Limited, ces sachets sans tabac garantissent une fra\u00eecheur de baies satisfaisante.<\/span><\/p>","protected":false},"featured_media":3284,"comment_status":"open","ping_status":"closed","template":"","format":[206],"meta":{"_acf_changed":false},"product_brand":[],"product_cat":[100],"product_tag":[16579],"flavours":[196],"nicotine":[228,235],"class_list":{"0":"post-9906","1":"product","2":"type-product","3":"status-publish","4":"has-post-thumbnail","6":"product_cat-frokens","7":"product_tag-3-mg-pouch","8":"pa_quantity-30-pack","9":"pa_quantity-60-pack","10":"flavours-fruits-berries","11":"format-slim","12":"nicotine-6-mg-g","13":"nicotine-normal","15":"first","16":"outofstock","17":"taxable","18":"shipping-taxable","19":"purchasable","20":"product-type-variable"},"acf":[],"_links":{"self":[{"href":"https:\/\/whitelip.com\/fr\/wp-json\/wp\/v2\/product\/9906","targetHints":{"allow":["GET"]}}],"collection":[{"href":"https:\/\/whitelip.com\/fr\/wp-json\/wp\/v2\/product"}],"about":[{"href":"https:\/\/whitelip.com\/fr\/wp-json\/wp\/v2\/types\/product"}],"replies":[{"embeddable":true,"href":"https:\/\/whitelip.com\/fr\/wp-json\/wp\/v2\/comments?post=9906"}],"wp:featuredmedia":[{"embeddable":true,"href":"https:\/\/whitelip.com\/fr\/wp-json\/wp\/v2\/media\/3284"}],"wp:attachment":[{"href":"https:\/\/whitelip.com\/fr\/wp-json\/wp\/v2\/media?parent=9906"}],"wp:term":[{"taxonomy":"product_brand","embeddable":true,"href":"https:\/\/whitelip.com\/fr\/wp-json\/wp\/v2\/product_brand?post=9906"},{"taxonomy":"product_cat","embeddable":true,"href":"https:\/\/whitelip.com\/fr\/wp-json\/wp\/v2\/product_cat?post=9906"},{"taxonomy":"product_tag","embeddable":true,"href":"https:\/\/whitelip.com\/fr\/wp-json\/wp\/v2\/product_tag?post=9906"},{"taxonomy":"flavours","embeddable":true,"href":"https:\/\/whitelip.com\/fr\/wp-json\/wp\/v2\/flavours?post=9906"},{"taxonomy":"format","embeddable":true,"href":"https:\/\/whitelip.com\/fr\/wp-json\/wp\/v2\/format?post=9906"},{"taxonomy":"nicotine","embeddable":true,"href":"https:\/\/whitelip.com\/fr\/wp-json\/wp\/v2\/nicotine?post=9906"}],"curies":[{"name":"wp","href":"https:\/\/api.w.org\/{rel}","templated":true}]}}