{"id":9901,"date":"2025-02-20T13:47:22","date_gmt":"2025-02-20T13:47:22","guid":{"rendered":"https:\/\/whitelip.com\/frokens-sweet-apple\/"},"modified":"2026-04-23T18:28:00","modified_gmt":"2026-04-23T18:28:00","slug":"frokens-sweet-apple","status":"publish","type":"product","link":"https:\/\/whitelip.com\/fr\/frokens\/frokens-sweet-apple\/","title":{"rendered":"FR\u00d6KENS Sweet Apple Date d'expiration : 2024-12-04"},"content":{"rendered":"<h2><strong>FR\u00d6KENS Pomme douce<\/strong><\/h2>\n<p><strong>Produit p\u00e9rim\u00e9 - Date d'expiration : 2024-12-04<\/strong><\/p>\n<p><span style=\"font-weight: 400;\">Les sachets de nicotine FR\u00d6KENS Sweet Apple offrent une saveur de pomme rafra\u00eechissante avec une sensation sucr\u00e9e, id\u00e9ale pour les amateurs de pommes \u00e0 la recherche d'un go\u00fbt rafra\u00eechissant. Chaque sachet fin, enti\u00e8rement blanc, contient 6 mg de nicotine, offrant une force mod\u00e9r\u00e9e convenant aux nouveaux utilisateurs comme aux utilisateurs exp\u00e9riment\u00e9s. Le design discret permet une utilisation \u00e0 tout moment, n'importe o\u00f9, sans tacher les dents. Fabriqu\u00e9s par Smitify Limited, ces sachets sans tabac garantissent une douceur de pomme satisfaisante.<\/span><\/p>\n<p><b>Sp\u00e9cifications<\/b><\/p>\n<table>\n<tbody>\n<tr>\n<td><b>Attribut<\/b><\/td>\n<td><b>D\u00e9tails<\/b><\/td>\n<\/tr>\n<tr>\n<td><b>Contenu par bo\u00eete<\/b><\/td>\n<td><span style=\"font-weight: 400;\">11g (20 sachets)<\/span><\/td>\n<\/tr>\n<tr>\n<td><b>Teneur en nicotine<\/b><\/td>\n<td><span style=\"font-weight: 400;\">12 mg\/g (6 mg par sachet)<\/span><\/td>\n<\/tr>\n<tr>\n<td><b>Format de la pochette<\/b><\/td>\n<td><span style=\"font-weight: 400;\">Mince<\/span><\/td>\n<\/tr>\n<tr>\n<td><b>Producteur<\/b><\/td>\n<td><span style=\"font-weight: 400;\">Smitify Limited<\/span><\/td>\n<\/tr>\n<tr>\n<td><b>Saveur<\/b><\/td>\n<td><span style=\"font-weight: 400;\">Baies<\/span><\/td>\n<\/tr>\n<tr>\n<td><b>Taper<\/b><\/td>\n<td><span style=\"font-weight: 400;\">Pochette toute blanche<\/span><\/td>\n<\/tr>\n<\/tbody>\n<\/table>","protected":false},"excerpt":{"rendered":"<p><strong>Produit p\u00e9rim\u00e9 - Date d'expiration : 2024-12-04<\/strong><\/p>\n<p><span style=\"font-weight: 400;\">Les sachets de nicotine FR\u00d6KENS Sweet Apple offrent une saveur de pomme rafra\u00eechissante avec une sensation sucr\u00e9e, id\u00e9ale pour les amateurs de pommes \u00e0 la recherche d'un go\u00fbt rafra\u00eechissant. Chaque sachet fin, enti\u00e8rement blanc, contient 6 mg de nicotine, offrant une force mod\u00e9r\u00e9e convenant aux nouveaux utilisateurs comme aux utilisateurs exp\u00e9riment\u00e9s. Le design discret permet une utilisation \u00e0 tout moment, n'importe o\u00f9, sans tacher les dents. Fabriqu\u00e9s par Smitify Limited, ces sachets sans tabac garantissent une douceur de pomme satisfaisante.<\/span><\/p>","protected":false},"featured_media":3283,"comment_status":"open","ping_status":"closed","template":"","format":[206],"meta":{"_acf_changed":false},"product_brand":[],"product_cat":[100],"product_tag":[16559],"flavours":[196],"nicotine":[209,232],"class_list":{"0":"post-9901","1":"product","2":"type-product","3":"status-publish","4":"has-post-thumbnail","6":"product_cat-frokens","7":"product_tag-6-mg-pouch","8":"pa_quantity-30-pack","9":"pa_quantity-60-pack","10":"flavours-fruits-berries","11":"format-slim","12":"nicotine-12-mg-g","13":"nicotine-extra-strong","15":"first","16":"instock","17":"taxable","18":"shipping-taxable","19":"purchasable","20":"product-type-variable"},"acf":[],"_links":{"self":[{"href":"https:\/\/whitelip.com\/fr\/wp-json\/wp\/v2\/product\/9901","targetHints":{"allow":["GET"]}}],"collection":[{"href":"https:\/\/whitelip.com\/fr\/wp-json\/wp\/v2\/product"}],"about":[{"href":"https:\/\/whitelip.com\/fr\/wp-json\/wp\/v2\/types\/product"}],"replies":[{"embeddable":true,"href":"https:\/\/whitelip.com\/fr\/wp-json\/wp\/v2\/comments?post=9901"}],"wp:featuredmedia":[{"embeddable":true,"href":"https:\/\/whitelip.com\/fr\/wp-json\/wp\/v2\/media\/3283"}],"wp:attachment":[{"href":"https:\/\/whitelip.com\/fr\/wp-json\/wp\/v2\/media?parent=9901"}],"wp:term":[{"taxonomy":"product_brand","embeddable":true,"href":"https:\/\/whitelip.com\/fr\/wp-json\/wp\/v2\/product_brand?post=9901"},{"taxonomy":"product_cat","embeddable":true,"href":"https:\/\/whitelip.com\/fr\/wp-json\/wp\/v2\/product_cat?post=9901"},{"taxonomy":"product_tag","embeddable":true,"href":"https:\/\/whitelip.com\/fr\/wp-json\/wp\/v2\/product_tag?post=9901"},{"taxonomy":"flavours","embeddable":true,"href":"https:\/\/whitelip.com\/fr\/wp-json\/wp\/v2\/flavours?post=9901"},{"taxonomy":"format","embeddable":true,"href":"https:\/\/whitelip.com\/fr\/wp-json\/wp\/v2\/format?post=9901"},{"taxonomy":"nicotine","embeddable":true,"href":"https:\/\/whitelip.com\/fr\/wp-json\/wp\/v2\/nicotine?post=9901"}],"curies":[{"name":"wp","href":"https:\/\/api.w.org\/{rel}","templated":true}]}}