{"id":9876,"date":"2025-02-12T15:09:18","date_gmt":"2025-02-12T15:09:18","guid":{"rendered":"https:\/\/whitelip.com\/77-ice-mint-medium\/"},"modified":"2026-04-28T17:33:12","modified_gmt":"2026-04-28T17:33:12","slug":"77-ice-mint-medium","status":"publish","type":"product","link":"https:\/\/whitelip.com\/fr\/77\/77-ice-mint-medium\/","title":{"rendered":"77 Glace menthe moyenne"},"content":{"rendered":"<h2><strong>77 Glace menthe moyenne<\/strong><\/h2>\n<p><span style=\"font-weight: 400;\">77 Ice Mint Medium nicotine pouchs offrent un go\u00fbt de menthe rafra\u00eechissant avec une sensation de fra\u00eecheur, id\u00e9al pour les amateurs de menthe \u00e0 la recherche d'un go\u00fbt croquant. Chaque sachet fin, enti\u00e8rement blanc, contient 10,4 mg de nicotine, offrant une force mod\u00e9r\u00e9e convenant aux nouveaux utilisateurs et aux utilisateurs exp\u00e9riment\u00e9s. Le design discret permet une utilisation \u00e0 tout moment, n'importe o\u00f9, sans tacher les dents. Fabriqu\u00e9s par le Groupe 77, ces sachets sans tabac garantissent une fra\u00eecheur menthol\u00e9e satisfaisante.<\/span><\/p>\n<table>\n<tbody>\n<tr>\n<td><b>Attribut<\/b><\/td>\n<td><b>D\u00e9tails<\/b><\/td>\n<\/tr>\n<tr>\n<td><b>Contenu par bo\u00eete<\/b><\/td>\n<td><span style=\"font-weight: 400;\">10g (20 sachets)<\/span><\/td>\n<\/tr>\n<tr>\n<td><b>Teneur en nicotine<\/b><\/td>\n<td><span style=\"font-weight: 400;\">20 mg\/g (10,4 mg par sachet)<\/span><\/td>\n<\/tr>\n<tr>\n<td><b>Format de la pochette<\/b><\/td>\n<td><span style=\"font-weight: 400;\">Mince<\/span><\/td>\n<\/tr>\n<tr>\n<td><b>Producteur<\/b><\/td>\n<td><span style=\"font-weight: 400;\">77 Groupe<\/span><\/td>\n<\/tr>\n<tr>\n<td><b>Saveur<\/b><\/td>\n<td><span style=\"font-weight: 400;\">Menthe<\/span><\/td>\n<\/tr>\n<tr>\n<td><b>Taper<\/b><\/td>\n<td><span style=\"font-weight: 400;\">Pochette toute blanche<\/span><\/td>\n<\/tr>\n<\/tbody>\n<\/table>","protected":false},"excerpt":{"rendered":"<p>Rafra\u00eechissant <strong data-start=\"11\" data-end=\"19\">menthe<\/strong> avec une sensation de fra\u00eecheur nette pour un go\u00fbt croquant. Les <strong data-start=\"74\" data-end=\"93\">mince, <\/strong>Les sachets enti\u00e8rement blancs se placent discr\u00e8tement et confortablement sous la l\u00e8vre pour une utilisation sans tache, \u00e0 tout moment. Chaque pochette contient <strong data-start=\"196\" data-end=\"216\">10,4 mg de nicotine<\/strong>, Le groupe 77 offre une exp\u00e9rience \u00e9quilibr\u00e9e de force moyenne.<\/p>","protected":false},"featured_media":9877,"comment_status":"open","ping_status":"closed","template":"","format":[206],"meta":{"_acf_changed":false},"product_brand":[],"product_cat":[23],"product_tag":[16543],"flavours":[199],"nicotine":[218,232],"class_list":{"0":"post-9876","1":"product","2":"type-product","3":"status-publish","4":"has-post-thumbnail","6":"product_cat-23","7":"product_tag-10-4-mg-pouch","8":"pa_quantity-1-pack","9":"pa_quantity-10-pack","10":"pa_quantity-3-pack","11":"pa_quantity-30-pack","12":"pa_quantity-5-pack","13":"pa_quantity-60-pack","14":"flavours-mint","15":"format-slim","16":"nicotine-20-mg-g","17":"nicotine-extra-strong","19":"first","20":"instock","21":"taxable","22":"shipping-taxable","23":"purchasable","24":"product-type-variable","25":"has-default-attributes"},"acf":[],"_links":{"self":[{"href":"https:\/\/whitelip.com\/fr\/wp-json\/wp\/v2\/product\/9876","targetHints":{"allow":["GET"]}}],"collection":[{"href":"https:\/\/whitelip.com\/fr\/wp-json\/wp\/v2\/product"}],"about":[{"href":"https:\/\/whitelip.com\/fr\/wp-json\/wp\/v2\/types\/product"}],"replies":[{"embeddable":true,"href":"https:\/\/whitelip.com\/fr\/wp-json\/wp\/v2\/comments?post=9876"}],"wp:featuredmedia":[{"embeddable":true,"href":"https:\/\/whitelip.com\/fr\/wp-json\/wp\/v2\/media\/9877"}],"wp:attachment":[{"href":"https:\/\/whitelip.com\/fr\/wp-json\/wp\/v2\/media?parent=9876"}],"wp:term":[{"taxonomy":"product_brand","embeddable":true,"href":"https:\/\/whitelip.com\/fr\/wp-json\/wp\/v2\/product_brand?post=9876"},{"taxonomy":"product_cat","embeddable":true,"href":"https:\/\/whitelip.com\/fr\/wp-json\/wp\/v2\/product_cat?post=9876"},{"taxonomy":"product_tag","embeddable":true,"href":"https:\/\/whitelip.com\/fr\/wp-json\/wp\/v2\/product_tag?post=9876"},{"taxonomy":"flavours","embeddable":true,"href":"https:\/\/whitelip.com\/fr\/wp-json\/wp\/v2\/flavours?post=9876"},{"taxonomy":"format","embeddable":true,"href":"https:\/\/whitelip.com\/fr\/wp-json\/wp\/v2\/format?post=9876"},{"taxonomy":"nicotine","embeddable":true,"href":"https:\/\/whitelip.com\/fr\/wp-json\/wp\/v2\/nicotine?post=9876"}],"curies":[{"name":"wp","href":"https:\/\/api.w.org\/{rel}","templated":true}]}}