{"id":9826,"date":"2025-02-24T11:02:20","date_gmt":"2025-02-24T11:02:20","guid":{"rendered":"https:\/\/whitelip.com\/camo-green-apple-6mg\/"},"modified":"2026-04-20T15:30:48","modified_gmt":"2026-04-20T15:30:48","slug":"camo-green-apple-6mg","status":"publish","type":"product","link":"https:\/\/whitelip.com\/fr\/camo\/camo-green-apple-6mg\/","title":{"rendered":"CAMO Green Apple 6mg"},"content":{"rendered":"<h2><strong>CAMO Green Apple 6mg<\/strong><\/h2>\n<p><span style=\"font-weight: 400;\">CAMO Green Apple 6mg offre une saveur de pomme verte audacieuse et fra\u00eeche. Chaque pochette slim enti\u00e8rement blanche contient 6 mg de nicotine, offrant une lib\u00e9ration forte mais r\u00e9guli\u00e8re, id\u00e9ale pour ceux qui recherchent un effet puissant.<\/span><\/p>\n<p><span style=\"font-weight: 400;\">Le format slim assure un ajustement discret et confortable sous la l\u00e8vre, permettant une utilisation propre et sans taches \u00e0 tout moment. Enti\u00e8rement fabriqu\u00e9 \u00e0 partir de mat\u00e9riaux de haute qualit\u00e9 \u00e0 base de plantes, CAMO Green Apple 6mg offre une alternative de nicotine moderne et agr\u00e9able avec une saveur vibrante et rafra\u00eechissante.<\/span><\/p>\n<table>\n<tbody>\n<tr>\n<td><b>Attribut<\/b><\/td>\n<td><b>D\u00e9tails<\/b><\/td>\n<\/tr>\n<tr>\n<td><span style=\"font-weight: 400;\">Marque<\/span><\/td>\n<td><span style=\"font-weight: 400;\">CAMO<\/span><\/td>\n<\/tr>\n<tr>\n<td><span style=\"font-weight: 400;\">Type de produit<\/span><\/td>\n<td><span style=\"font-weight: 400;\">Tous les sachets de nicotine blancs<\/span><\/td>\n<\/tr>\n<tr>\n<td><span style=\"font-weight: 400;\">Format<\/span><\/td>\n<td><span style=\"font-weight: 400;\">Mince<\/span><\/td>\n<\/tr>\n<tr>\n<td><span style=\"font-weight: 400;\">Saveur<\/span><\/td>\n<td><span style=\"font-weight: 400;\">Pomme<\/span><\/td>\n<\/tr>\n<tr>\n<td><span style=\"font-weight: 400;\">Intensit\u00e9 de la nicotine<\/span><\/td>\n<td><span style=\"font-weight: 400;\">6 mg par sachet<\/span><\/td>\n<\/tr>\n<tr>\n<td><span style=\"font-weight: 400;\">Poids de la portion<\/span><\/td>\n<td><span style=\"font-weight: 400;\">0,75 grammes<\/span><\/td>\n<\/tr>\n<tr>\n<td><span style=\"font-weight: 400;\">Nombre de portions<\/span><\/td>\n<td><span style=\"font-weight: 400;\">20 par bo\u00eete<\/span><\/td>\n<\/tr>\n<tr>\n<td><span style=\"font-weight: 400;\">Poids total de la bo\u00eete<\/span><\/td>\n<td><span style=\"font-weight: 400;\">15 grammes<\/span><\/td>\n<\/tr>\n<tr>\n<td><span style=\"font-weight: 400;\">Fabricant<\/span><\/td>\n<td><span style=\"font-weight: 400;\">CAMO<\/span><\/td>\n<\/tr>\n<tr>\n<td><span style=\"font-weight: 400;\">Caract\u00e9ristiques notables<\/span><\/td>\n<td><span style=\"font-weight: 400;\">Sans tabac, format slim, saveur de pomme fra\u00eeche<\/span><\/td>\n<\/tr>\n<\/tbody>\n<\/table>\n<p>\u00a0<\/p>","protected":false},"excerpt":{"rendered":"<p>Audacieux, frais <strong data-start=\"12\" data-end=\"27\">pomme verte<\/strong> avec un go\u00fbt croustillant et juteux. Le <strong data-start=\"62\" data-end=\"81\">mince, <\/strong>Les sachets enti\u00e8rement blancs se placent discr\u00e8tement sous la l\u00e8vre pour une sensation de propret\u00e9 et de confort. Chaque sachet contient <strong data-start=\"170\" data-end=\"197\">6 mg de nicotine par sachet<\/strong>, La mise en \u0153uvre de ce programme se fait en douceur, avec une lib\u00e9ration forte et r\u00e9guli\u00e8re.<\/p>","protected":false},"featured_media":9827,"comment_status":"open","ping_status":"closed","template":"","format":[206],"meta":{"_acf_changed":false},"product_brand":[],"product_cat":[95],"product_tag":[16559],"flavours":[196],"nicotine":[208,236],"class_list":{"0":"post-9826","1":"product","2":"type-product","3":"status-publish","4":"has-post-thumbnail","6":"product_cat-camo","7":"product_tag-6-mg-pouch","8":"pa_quantity-1-pack","9":"pa_quantity-10-pack","10":"pa_quantity-3-pack","11":"pa_quantity-30-pack","12":"pa_quantity-5-pack","13":"pa_quantity-60-pack","14":"flavours-fruits-berries","15":"format-slim","16":"nicotine-11-mg-g","17":"nicotine-strong","19":"first","20":"outofstock","21":"taxable","22":"shipping-taxable","23":"purchasable","24":"product-type-variable"},"acf":[],"_links":{"self":[{"href":"https:\/\/whitelip.com\/fr\/wp-json\/wp\/v2\/product\/9826","targetHints":{"allow":["GET"]}}],"collection":[{"href":"https:\/\/whitelip.com\/fr\/wp-json\/wp\/v2\/product"}],"about":[{"href":"https:\/\/whitelip.com\/fr\/wp-json\/wp\/v2\/types\/product"}],"replies":[{"embeddable":true,"href":"https:\/\/whitelip.com\/fr\/wp-json\/wp\/v2\/comments?post=9826"}],"wp:featuredmedia":[{"embeddable":true,"href":"https:\/\/whitelip.com\/fr\/wp-json\/wp\/v2\/media\/9827"}],"wp:attachment":[{"href":"https:\/\/whitelip.com\/fr\/wp-json\/wp\/v2\/media?parent=9826"}],"wp:term":[{"taxonomy":"product_brand","embeddable":true,"href":"https:\/\/whitelip.com\/fr\/wp-json\/wp\/v2\/product_brand?post=9826"},{"taxonomy":"product_cat","embeddable":true,"href":"https:\/\/whitelip.com\/fr\/wp-json\/wp\/v2\/product_cat?post=9826"},{"taxonomy":"product_tag","embeddable":true,"href":"https:\/\/whitelip.com\/fr\/wp-json\/wp\/v2\/product_tag?post=9826"},{"taxonomy":"flavours","embeddable":true,"href":"https:\/\/whitelip.com\/fr\/wp-json\/wp\/v2\/flavours?post=9826"},{"taxonomy":"format","embeddable":true,"href":"https:\/\/whitelip.com\/fr\/wp-json\/wp\/v2\/format?post=9826"},{"taxonomy":"nicotine","embeddable":true,"href":"https:\/\/whitelip.com\/fr\/wp-json\/wp\/v2\/nicotine?post=9826"}],"curies":[{"name":"wp","href":"https:\/\/api.w.org\/{rel}","templated":true}]}}