{"id":97942,"date":"2026-05-11T13:47:58","date_gmt":"2026-05-11T13:47:58","guid":{"rendered":"https:\/\/whitelip.com\/?post_type=product&#038;p=97942"},"modified":"2026-05-16T10:11:08","modified_gmt":"2026-05-16T10:11:08","slug":"apres-raspberry-licorice-zero-nicotine-free","status":"publish","type":"product","link":"https:\/\/whitelip.com\/fr\/uncategorized\/apres-raspberry-licorice-zero-nicotine-free\/","title":{"rendered":"Apr\u00e8s Raspberry Licorice Zero Sans nicotine"},"content":{"rendered":"<h1 data-section-id=\"ap1rl2\" data-start=\"1\" data-end=\"50\"><strong>Apr\u00e8s Raspberry Licorice Zero Sans nicotine<\/strong><\/h1>\n<p data-section-id=\"ap3rl4\" data-start=\"52\" data-end=\"350\">Apr\u00e8s Raspberry Licorice Zero est un snus blanc sans nicotine et sans tabac au format slim avec une combinaison de saveurs audacieuse et distinctive de framboise et de r\u00e9glisse, produit par Apr\u00e8s Nicotine AB en Su\u00e8de. Compl\u00e8tement exempt de nicotine, de tabac et de caf\u00e9ine, ce produit offre une exp\u00e9rience gustative unique et aventureuse pour ceux qui souhaitent profiter du format de la poche sans aucun stimulant. Fond\u00e9e en 2020, Apr\u00e8s fabrique ses portions en utilisant des mat\u00e9riaux \u00e0 base de plantes pour les portions et l'emballage.<\/p>\n<h2 data-section-id=\"ap5rl6\" data-start=\"352\" data-end=\"370\">Saveur et format<\/h2>\n<p data-section-id=\"ap7rl8\" data-start=\"372\" data-end=\"570\">Apr\u00e8s Raspberry Licorice Zero offre une combinaison intrigante et bien \u00e9quilibr\u00e9e de framboise sucr\u00e9e et de r\u00e9glisse profonde et terreuse. La douceur fruit\u00e9e de la framboise compl\u00e8te le caract\u00e8re distinctif et l\u00e9g\u00e8rement amer de la r\u00e9glisse, cr\u00e9ant un profil de saveur \u00e0 la fois audacieux et \u00e9tonnamment harmonieux. Sans nicotine ni caf\u00e9ine, c'est un excellent choix pour ceux qui veulent quelque chose de v\u00e9ritablement diff\u00e9rent et savoureux sans aucun stimulant.<\/p>\n<h2 data-section-id=\"ap9rl0\" data-start=\"572\" data-end=\"590\">Format de la pochette<\/h2>\n<p data-section-id=\"ap2rl5\" data-start=\"592\" data-end=\"780\">Apr\u00e8s Raspberry Licorice Zero se d\u00e9cline au format slim. Chaque bo\u00eete contient 20 portions, toutes compl\u00e8tement exemptes de nicotine, de tabac, de caf\u00e9ine et de fum\u00e9e. La portion slim se place discr\u00e8tement et confortablement sous la l\u00e8vre, offrant une lib\u00e9ration progressive de saveur dans un format pratique et discret adapt\u00e9 \u00e0 une utilisation \u00e0 tout moment et en tout lieu.<\/p>\n<h2 data-section-id=\"ap4rl7\" data-start=\"782\" data-end=\"796\">\u00c0 propos d'Apr\u00e8s<\/h2>\n<p data-section-id=\"ap6rl9\" data-start=\"798\" data-end=\"1050\">Apr\u00e8s was founded in 2020 in Sweden and is produced by Apr\u00e8s Nicotine AB. The range includes both nicotine-free and nicotine-containing products across a variety of flavours, strengths and formats, all made with plant-based materials. Apr\u00e8s Raspberry Licorice Zero is a prime example of Apr\u00e8s&#8217; ambition to offer creative and distinctive flavour profiles in a clean, nicotine-free format.<\/p>\n<table style=\"height: 235px;\" width=\"383\">\n<tbody>\n<tr>\n<td><b>Attribut<\/b><\/td>\n<td><b>D\u00e9tails<\/b><\/td>\n<\/tr>\n<tr>\n<td><b>Marque<\/b><\/td>\n<td><em><strong>Apr\u00e8s<\/strong><\/em><\/td>\n<\/tr>\n<tr>\n<td><b>Format de la pochette<\/b><\/td>\n<td><em><strong>Mince<\/strong><\/em><\/td>\n<\/tr>\n<tr>\n<td><b>Force<\/b><\/td>\n<td><em><strong>Sans nicotine<\/strong><\/em><\/td>\n<\/tr>\n<tr>\n<td><b>Producteur<\/b><\/td>\n<td><em><strong>Apr\u00e8s Nicotine AB<\/strong><\/em><\/td>\n<\/tr>\n<tr>\n<td><b>Saveur<\/b><\/td>\n<td><span style=\"font-weight: 400;\">Raspberry, licorice<\/span><\/td>\n<\/tr>\n<tr>\n<td><b>Teneur en nicotine<\/b><\/td>\n<td><b><span style=\"font-weight: 400;\">0 mg (sans nicotine)<\/span><\/b><\/td>\n<\/tr>\n<tr>\n<td><b>Contenu par bo\u00eete<\/b><\/td>\n<td><span style=\"font-weight: 400;\">20 sachets<\/span><\/td>\n<\/tr>\n<tr>\n<td><b>Cat\u00e9gorie<\/b><\/td>\n<td><em><strong>Sans nicotine<\/strong><\/em><\/td>\n<\/tr>\n<tr>\n<td><b>Taper<\/b><\/td>\n<td><b><span style=\"font-weight: 400;\">Pochette enti\u00e8rement blanche, sans tabac<\/span><\/b><\/td>\n<\/tr>\n<\/tbody>\n<\/table>\n<p>&nbsp;<\/p>","protected":false},"excerpt":{"rendered":"<p>Apr\u00e8s Raspberry Licorice Zero est un snus blanc sans nicotine, sans tabac et sans caf\u00e9ine au format slim avec une combinaison audacieuse et distinctive de framboise et de r\u00e9glisse. Une saveur unique pour ceux qui veulent l'exp\u00e9rience de la poche sans aucun stimulant. 20 portions par bo\u00eete, produit par Apr\u00e8s Nicotine AB en Su\u00e8de.<\/p>","protected":false},"featured_media":97949,"comment_status":"open","ping_status":"closed","template":"","format":[206],"meta":{"_acf_changed":false},"product_brand":[],"product_cat":[15],"product_tag":[],"flavours":[196,198],"nicotine":[],"class_list":{"0":"post-97942","1":"product","2":"type-product","3":"status-publish","4":"has-post-thumbnail","6":"product_cat-uncategorized","7":"pa_quantity-1-pack","8":"pa_quantity-10-pack","9":"pa_quantity-3-pack","10":"pa_quantity-30-pack","11":"pa_quantity-5-pack","12":"pa_quantity-60-pack","13":"flavours-fruits-berries","14":"flavours-licorice","15":"format-slim","17":"first","18":"instock","19":"taxable","20":"shipping-taxable","21":"purchasable","22":"product-type-variable"},"acf":[],"_links":{"self":[{"href":"https:\/\/whitelip.com\/fr\/wp-json\/wp\/v2\/product\/97942","targetHints":{"allow":["GET"]}}],"collection":[{"href":"https:\/\/whitelip.com\/fr\/wp-json\/wp\/v2\/product"}],"about":[{"href":"https:\/\/whitelip.com\/fr\/wp-json\/wp\/v2\/types\/product"}],"replies":[{"embeddable":true,"href":"https:\/\/whitelip.com\/fr\/wp-json\/wp\/v2\/comments?post=97942"}],"wp:featuredmedia":[{"embeddable":true,"href":"https:\/\/whitelip.com\/fr\/wp-json\/wp\/v2\/media\/97949"}],"wp:attachment":[{"href":"https:\/\/whitelip.com\/fr\/wp-json\/wp\/v2\/media?parent=97942"}],"wp:term":[{"taxonomy":"product_brand","embeddable":true,"href":"https:\/\/whitelip.com\/fr\/wp-json\/wp\/v2\/product_brand?post=97942"},{"taxonomy":"product_cat","embeddable":true,"href":"https:\/\/whitelip.com\/fr\/wp-json\/wp\/v2\/product_cat?post=97942"},{"taxonomy":"product_tag","embeddable":true,"href":"https:\/\/whitelip.com\/fr\/wp-json\/wp\/v2\/product_tag?post=97942"},{"taxonomy":"flavours","embeddable":true,"href":"https:\/\/whitelip.com\/fr\/wp-json\/wp\/v2\/flavours?post=97942"},{"taxonomy":"format","embeddable":true,"href":"https:\/\/whitelip.com\/fr\/wp-json\/wp\/v2\/format?post=97942"},{"taxonomy":"nicotine","embeddable":true,"href":"https:\/\/whitelip.com\/fr\/wp-json\/wp\/v2\/nicotine?post=97942"}],"curies":[{"name":"wp","href":"https:\/\/api.w.org\/{rel}","templated":true}]}}