{"id":97934,"date":"2026-05-11T13:45:46","date_gmt":"2026-05-11T13:45:46","guid":{"rendered":"https:\/\/whitelip.com\/?post_type=product&#038;p=97934"},"modified":"2026-05-16T10:11:08","modified_gmt":"2026-05-16T10:11:08","slug":"apres-ice-tea-peach-zero-nicotine-free","status":"publish","type":"product","link":"https:\/\/whitelip.com\/fr\/uncategorized\/apres-ice-tea-peach-zero-nicotine-free\/","title":{"rendered":"Apr\u00e8s Ice Tea Peach Zero Sans nicotine"},"content":{"rendered":"<h1 data-section-id=\"ap1ip2\" data-start=\"1\" data-end=\"50\">Apr\u00e8s Ice Tea Peach Zero Sans nicotine<\/h1>\n<p data-section-id=\"ap3ip4\" data-start=\"52\" data-end=\"350\">Apr\u00e8s Ice Tea Peach Zero est un snus blanc sans nicotine et sans tabac au format slim avec une saveur rafra\u00eechissante et fruit\u00e9e de th\u00e9 glac\u00e9 et de p\u00eache, produit par Apr\u00e8s Nicotine AB en Su\u00e8de. Compl\u00e8tement exempt de nicotine, de tabac et de caf\u00e9ine, ce produit offre une exp\u00e9rience gustative unique et estivale pour ceux qui veulent profiter du format en sachet sans aucun stimulant. Fond\u00e9e en 2020, Apr\u00e8s confectionne ses sachets \u00e0 partir de mat\u00e9riaux \u00e0 base de plantes pour les portions et l'emballage.<\/p>\n<h2 data-section-id=\"ap5ip6\" data-start=\"352\" data-end=\"370\">Saveur et format<\/h2>\n<p data-section-id=\"ap7ip8\" data-start=\"372\" data-end=\"570\">Apr\u00e8s Ice Tea Peach Zero offre un m\u00e9lange l\u00e9ger et rafra\u00eechissant de th\u00e9 glac\u00e9 et de p\u00eache sucr\u00e9e qui se sent estival et agr\u00e9able tout au long de l'utilisation. La combinaison de d\u00e9licates notes de th\u00e9 et de p\u00eache m\u00fbre et juteuse cr\u00e9e un profil de saveur distinctif et bien \u00e9quilibr\u00e9 qui se d\u00e9marque des options plus courantes comme la menthe ou les baies. Sans nicotine ni caf\u00e9ine, c'est un excellent choix pour ceux qui veulent quelque chose de savoureux, rafra\u00eechissant et compl\u00e8tement exempt de stimulants \u00e0 tout moment de la journ\u00e9e.<\/p>\n<h2 data-section-id=\"ap9ip0\" data-start=\"572\" data-end=\"590\">Format de la pochette<\/h2>\n<p data-section-id=\"ap2ip5\" data-start=\"592\" data-end=\"780\">Apr\u00e8s Ice Tea Peach Zero est disponible au format slim. Chaque bo\u00eete contient 20 sachets, tous compl\u00e8tement exempts de nicotine, de tabac, de caf\u00e9ine et de fum\u00e9e. Le sachet slim s'adapte discr\u00e8tement et confortablement sous la l\u00e8vre, offrant une lib\u00e9ration uniforme de la saveur dans un format pratique et discret adapt\u00e9 \u00e0 une utilisation \u00e0 tout moment et n'importe o\u00f9.<\/p>\n<h2 data-section-id=\"ap4ip7\" data-start=\"782\" data-end=\"796\">\u00c0 propos d'Apr\u00e8s<\/h2>\n<p data-section-id=\"ap6ip9\" data-start=\"798\" data-end=\"1050\">Apr\u00e8s a \u00e9t\u00e9 fond\u00e9e en 2020 et op\u00e8re dans le segment des sachets de nicotine, offrant une gamme de saveurs, de forces et de formats. La marque utilise des mat\u00e9riaux d'origine v\u00e9g\u00e9tale dans la production de ses portions et de son emballage. Apr\u00e8s Ice Tea Peach Zero est un excellent exemple de l'ambition d'Apr\u00e8s d'offrir des profils de saveurs cr\u00e9atifs et distinctifs dans un format propre et sans nicotine.<\/p>\n<table style=\"height: 235px;\" width=\"383\">\n<tbody>\n<tr>\n<td><b>Attribut<\/b><\/td>\n<td><b>D\u00e9tails<\/b><\/td>\n<\/tr>\n<tr>\n<td><b>Marque<\/b><\/td>\n<td><em><strong>Apr\u00e8s<\/strong><\/em><\/td>\n<\/tr>\n<tr>\n<td><b>Format de la pochette<\/b><\/td>\n<td><em><strong>Mince<\/strong><\/em><\/td>\n<\/tr>\n<tr>\n<td><b>Force<\/b><\/td>\n<td><em><strong>Sans nicotine<\/strong><\/em><\/td>\n<\/tr>\n<tr>\n<td><b>Producteur<\/b><\/td>\n<td><em><strong>Apr\u00e8s Nicotine AB<\/strong><\/em><\/td>\n<\/tr>\n<tr>\n<td><b>Saveur<\/b><\/td>\n<td><span style=\"font-weight: 400;\">Th\u00e9 glac\u00e9, p\u00eache<\/span><\/td>\n<\/tr>\n<tr>\n<td><b>Teneur en nicotine<\/b><\/td>\n<td><b><span style=\"font-weight: 400;\">0 mg (sans nicotine)<\/span><\/b><\/td>\n<\/tr>\n<tr>\n<td><b>Contenu par bo\u00eete<\/b><\/td>\n<td><span style=\"font-weight: 400;\">20 sachets<\/span><\/td>\n<\/tr>\n<tr>\n<td><b>Cat\u00e9gorie<\/b><\/td>\n<td><em><strong>Sans nicotine<\/strong><\/em><\/td>\n<\/tr>\n<tr>\n<td><b>Taper<\/b><\/td>\n<td><b><span style=\"font-weight: 400;\">Pochette enti\u00e8rement blanche, sans tabac<\/span><\/b><\/td>\n<\/tr>\n<\/tbody>\n<\/table>\n<p>&nbsp;<\/p>","protected":false},"excerpt":{"rendered":"<p>Apr\u00e8s Ice Tea Peach Zero est un snus blanc sans nicotine, sans tabac et sans caf\u00e9ine au format slim avec un m\u00e9lange rafra\u00eechissant de th\u00e9 glac\u00e9 et de p\u00eache. Une saveur unique et estivale pour ceux qui veulent l'exp\u00e9rience du sachet sans aucun stimulant. 20 sachets par bo\u00eete, produit par Apr\u00e8s Nicotine AB en Su\u00e8de.<\/p>","protected":false},"featured_media":97941,"comment_status":"open","ping_status":"closed","template":"","format":[206],"meta":{"_acf_changed":false},"product_brand":[],"product_cat":[15],"product_tag":[],"flavours":[196],"nicotine":[],"class_list":{"0":"post-97934","1":"product","2":"type-product","3":"status-publish","4":"has-post-thumbnail","6":"product_cat-uncategorized","7":"pa_quantity-1-pack","8":"pa_quantity-10-pack","9":"pa_quantity-3-pack","10":"pa_quantity-30-pack","11":"pa_quantity-5-pack","12":"pa_quantity-60-pack","13":"flavours-fruits-berries","14":"format-slim","16":"first","17":"instock","18":"taxable","19":"shipping-taxable","20":"purchasable","21":"product-type-variable"},"acf":[],"_links":{"self":[{"href":"https:\/\/whitelip.com\/fr\/wp-json\/wp\/v2\/product\/97934","targetHints":{"allow":["GET"]}}],"collection":[{"href":"https:\/\/whitelip.com\/fr\/wp-json\/wp\/v2\/product"}],"about":[{"href":"https:\/\/whitelip.com\/fr\/wp-json\/wp\/v2\/types\/product"}],"replies":[{"embeddable":true,"href":"https:\/\/whitelip.com\/fr\/wp-json\/wp\/v2\/comments?post=97934"}],"wp:featuredmedia":[{"embeddable":true,"href":"https:\/\/whitelip.com\/fr\/wp-json\/wp\/v2\/media\/97941"}],"wp:attachment":[{"href":"https:\/\/whitelip.com\/fr\/wp-json\/wp\/v2\/media?parent=97934"}],"wp:term":[{"taxonomy":"product_brand","embeddable":true,"href":"https:\/\/whitelip.com\/fr\/wp-json\/wp\/v2\/product_brand?post=97934"},{"taxonomy":"product_cat","embeddable":true,"href":"https:\/\/whitelip.com\/fr\/wp-json\/wp\/v2\/product_cat?post=97934"},{"taxonomy":"product_tag","embeddable":true,"href":"https:\/\/whitelip.com\/fr\/wp-json\/wp\/v2\/product_tag?post=97934"},{"taxonomy":"flavours","embeddable":true,"href":"https:\/\/whitelip.com\/fr\/wp-json\/wp\/v2\/flavours?post=97934"},{"taxonomy":"format","embeddable":true,"href":"https:\/\/whitelip.com\/fr\/wp-json\/wp\/v2\/format?post=97934"},{"taxonomy":"nicotine","embeddable":true,"href":"https:\/\/whitelip.com\/fr\/wp-json\/wp\/v2\/nicotine?post=97934"}],"curies":[{"name":"wp","href":"https:\/\/api.w.org\/{rel}","templated":true}]}}