{"id":97917,"date":"2026-05-11T13:35:14","date_gmt":"2026-05-11T13:35:14","guid":{"rendered":"https:\/\/whitelip.com\/?post_type=product&#038;p=97917"},"modified":"2026-05-11T13:39:27","modified_gmt":"2026-05-11T13:39:27","slug":"apres-blueberry-zero-nicotine-free","status":"publish","type":"product","link":"https:\/\/whitelip.com\/fr\/uncategorized\/apres-blueberry-zero-nicotine-free\/","title":{"rendered":"Apr\u00e8s Blueberry Zero Sans nicotine"},"content":{"rendered":"<h1 data-section-id=\"ap1bz2\" data-start=\"1\" data-end=\"50\"><strong>Apr\u00e8s Blueberry Zero Sans nicotine<\/strong><\/h1>\n<p data-section-id=\"ap3bz4\" data-start=\"52\" data-end=\"350\">Apr\u00e8s Blueberry Zero est un snus blanc sans nicotine et sans tabac au format slim avec une saveur fra\u00eeche et fruit\u00e9e de myrtille et de baies, produit par Apr\u00e8s Nicotine AB en Su\u00e8de. Compl\u00e8tement exempt de nicotine, de tabac et de caf\u00e9ine, ce produit est le choix parfait pour ceux qui veulent profiter de l'exp\u00e9rience du sachet sans aucune nicotine ni stimulant. Lanc\u00e9 en 2020, Apr\u00e8s s'est b\u00e2ti une r\u00e9putation de qualit\u00e9 avec ses produits sans tabac dans une gamme de saveurs et de formats.<\/p>\n<h2 data-section-id=\"ap5bz6\" data-start=\"352\" data-end=\"370\">Saveur et format<\/h2>\n<p data-section-id=\"ap7bz8\" data-start=\"372\" data-end=\"570\">Apr\u00e8s Blueberry Zero offre une saveur de myrtille douce et naturelle avec des notes subtiles de baies qui se sentent fra\u00eeches et agr\u00e9ables tout au long de l'utilisation. La saveur est propre et bien \u00e9quilibr\u00e9e sans d\u00e9pendre de la nicotine ou de la caf\u00e9ine pour l'effet, ce qui en fait une excellente option pour ceux qui r\u00e9duisent leur consommation de nicotine, restent compl\u00e8tement sans nicotine ou appr\u00e9cient simplement un sachet fruit\u00e9 \u00e0 tout moment de la journ\u00e9e. Le format slim assure un ajustement discret et confortable sous la l\u00e8vre du d\u00e9but \u00e0 la fin.<\/p>\n<h2 data-section-id=\"ap9bz0\" data-start=\"572\" data-end=\"590\">Format de la pochette<\/h2>\n<p data-section-id=\"ap2bz5\" data-start=\"592\" data-end=\"780\">Apr\u00e8s Blueberry Zero est disponible au format slim. Chaque bo\u00eete contient 20 sachets, tous compl\u00e8tement exempts de nicotine, de tabac, de caf\u00e9ine et de fum\u00e9e. Le sachet slim s'adapte discr\u00e8tement et confortablement sous la l\u00e8vre, offrant une lib\u00e9ration uniforme de la saveur dans un format pratique et discret adapt\u00e9 \u00e0 une utilisation \u00e0 tout moment et n'importe o\u00f9.<\/p>\n<h2 data-section-id=\"ap4bz7\" data-start=\"782\" data-end=\"796\">\u00c0 propos d'Apr\u00e8s<\/h2>\n<p data-section-id=\"ap6bz9\" data-start=\"798\" data-end=\"1050\">Apr\u00e8s was established in 2020 and is produced by Apr\u00e8s Nicotine AB in Sweden. The range includes nicotine-free alternatives as well as products in various flavours, strengths and formats &#8211; all made with plant-based materials. No.12 Blueberry Zero is a prime example of Apr\u00e8s&#8217; commitment to offering clean, modern and accessible pouch options for every type of user.<\/p>\n<table style=\"height: 235px;\" width=\"383\">\n<tbody>\n<tr>\n<td><b>Attribut<\/b><\/td>\n<td><b>D\u00e9tails<\/b><\/td>\n<\/tr>\n<tr>\n<td><b>Marque<\/b><\/td>\n<td><em><strong>Apr\u00e8s<\/strong><\/em><\/td>\n<\/tr>\n<tr>\n<td><b>Format de la pochette<\/b><\/td>\n<td><em><strong>Mince<\/strong><\/em><\/td>\n<\/tr>\n<tr>\n<td><b>Force<\/b><\/td>\n<td><em><strong>Sans nicotine<\/strong><\/em><\/td>\n<\/tr>\n<tr>\n<td><b>Producteur<\/b><\/td>\n<td><em><strong>Apr\u00e8s Nicotine AB<\/strong><\/em><\/td>\n<\/tr>\n<tr>\n<td><b>Saveur<\/b><\/td>\n<td><em><strong>Blueberry, berries<\/strong><\/em><\/td>\n<\/tr>\n<tr>\n<td><b>Teneur en nicotine<\/b><\/td>\n<td><b><span style=\"font-weight: 400;\">0 mg (sans nicotine)<\/span><\/b><\/td>\n<\/tr>\n<tr>\n<td><b>Contenu par bo\u00eete<\/b><\/td>\n<td><span style=\"font-weight: 400;\">20 sachets<\/span><\/td>\n<\/tr>\n<tr>\n<td><b>Cat\u00e9gorie<\/b><\/td>\n<td><em><strong>Sans nicotine<\/strong><\/em><\/td>\n<\/tr>\n<tr>\n<td><b>Taper<\/b><\/td>\n<td><b><span style=\"font-weight: 400;\">Pochette enti\u00e8rement blanche, sans tabac<\/span><\/b><\/td>\n<\/tr>\n<\/tbody>\n<\/table>\n<p>&nbsp;<\/p>","protected":false},"excerpt":{"rendered":"<p>Apr\u00e8s Blueberry Zero est un snus blanc sans nicotine, sans tabac et sans caf\u00e9ine au format slim avec une saveur fra\u00eeche de myrtille et de baies. Le choix parfait pour ceux qui veulent l'exp\u00e9rience du sachet sans aucune nicotine. 20 sachets par bo\u00eete, produit par Apr\u00e8s Nicotine AB en Su\u00e8de.<\/p>","protected":false},"featured_media":97924,"comment_status":"open","ping_status":"closed","template":"","format":[],"meta":{"_acf_changed":false},"product_brand":[],"product_cat":[15],"product_tag":[],"flavours":[196],"nicotine":[],"class_list":{"0":"post-97917","1":"product","2":"type-product","3":"status-publish","4":"has-post-thumbnail","6":"product_cat-uncategorized","7":"pa_quantity-1-pack","8":"pa_quantity-10-pack","9":"pa_quantity-3-pack","10":"pa_quantity-30-pack","11":"pa_quantity-5-pack","12":"pa_quantity-60-pack","13":"flavours-fruits-berries","15":"first","16":"instock","17":"taxable","18":"shipping-taxable","19":"purchasable","20":"product-type-variable"},"acf":[],"_links":{"self":[{"href":"https:\/\/whitelip.com\/fr\/wp-json\/wp\/v2\/product\/97917","targetHints":{"allow":["GET"]}}],"collection":[{"href":"https:\/\/whitelip.com\/fr\/wp-json\/wp\/v2\/product"}],"about":[{"href":"https:\/\/whitelip.com\/fr\/wp-json\/wp\/v2\/types\/product"}],"replies":[{"embeddable":true,"href":"https:\/\/whitelip.com\/fr\/wp-json\/wp\/v2\/comments?post=97917"}],"wp:featuredmedia":[{"embeddable":true,"href":"https:\/\/whitelip.com\/fr\/wp-json\/wp\/v2\/media\/97924"}],"wp:attachment":[{"href":"https:\/\/whitelip.com\/fr\/wp-json\/wp\/v2\/media?parent=97917"}],"wp:term":[{"taxonomy":"product_brand","embeddable":true,"href":"https:\/\/whitelip.com\/fr\/wp-json\/wp\/v2\/product_brand?post=97917"},{"taxonomy":"product_cat","embeddable":true,"href":"https:\/\/whitelip.com\/fr\/wp-json\/wp\/v2\/product_cat?post=97917"},{"taxonomy":"product_tag","embeddable":true,"href":"https:\/\/whitelip.com\/fr\/wp-json\/wp\/v2\/product_tag?post=97917"},{"taxonomy":"flavours","embeddable":true,"href":"https:\/\/whitelip.com\/fr\/wp-json\/wp\/v2\/flavours?post=97917"},{"taxonomy":"format","embeddable":true,"href":"https:\/\/whitelip.com\/fr\/wp-json\/wp\/v2\/format?post=97917"},{"taxonomy":"nicotine","embeddable":true,"href":"https:\/\/whitelip.com\/fr\/wp-json\/wp\/v2\/nicotine?post=97917"}],"curies":[{"name":"wp","href":"https:\/\/api.w.org\/{rel}","templated":true}]}}