{"id":9771,"date":"2025-02-12T08:40:06","date_gmt":"2025-02-12T08:40:06","guid":{"rendered":"https:\/\/whitelip.com\/iceberg-cherry-medium\/"},"modified":"2026-04-15T19:49:32","modified_gmt":"2026-04-15T19:49:32","slug":"iceberg-cherry-medium","status":"publish","type":"product","link":"https:\/\/whitelip.com\/fr\/iceberg\/iceberg-cherry-medium\/","title":{"rendered":"ICEBERG Cerise moyenne"},"content":{"rendered":"<h2><strong>ICEBERG Cerise moyenne<\/strong><\/h2>\n<p><span style=\"font-weight: 400;\">Les sachets de nicotine ICEBERG Cherry Medium offrent un puissant ar\u00f4me de cerise et une teneur moyenne en nicotine, destin\u00e9s aux utilisateurs exp\u00e9riment\u00e9s \u00e0 la recherche d'une exp\u00e9rience robuste. Chaque sachet mince contient 20 mg de nicotine par gramme, ce qui \u00e9quivaut \u00e0 environ 12 mg par sachet. Les sachets sont con\u00e7us pour \u00eatre utilis\u00e9s discr\u00e8tement, sans tacher les dents, ce qui les rend id\u00e9aux pour une consommation nomade. Fabriqu\u00e9s par Neoptolem, un fabricant polonais r\u00e9put\u00e9 pour allier m\u00e9thodes contemporaines et qualit\u00e9 traditionnelle, ces sachets sont un exemple de normes \u00e9lev\u00e9es et de combinaisons de saveurs innovantes.<\/span><\/p>\n<table>\n<tbody>\n<tr>\n<td><b>Attribut<\/b><\/td>\n<td><b>D\u00e9tails<\/b><\/td>\n<\/tr>\n<tr>\n<td><b>Contenu par bo\u00eete<\/b><\/td>\n<td><span style=\"font-weight: 400;\">12g (20 sachets)<\/span><\/td>\n<\/tr>\n<tr>\n<td><b>Teneur en nicotine<\/b><\/td>\n<td><span style=\"font-weight: 400;\">20 mg\/g (12 mg par sachet)<\/span><\/td>\n<\/tr>\n<tr>\n<td><b>Format de la pochette<\/b><\/td>\n<td><span style=\"font-weight: 400;\">Mince<\/span><\/td>\n<\/tr>\n<tr>\n<td><b>Producteur<\/b><\/td>\n<td><span style=\"font-weight: 400;\">N\u00e9optol\u00e8me<\/span><\/td>\n<\/tr>\n<tr>\n<td><b>Saveur<\/b><\/td>\n<td><span style=\"font-weight: 400;\">Cerise<\/span><\/td>\n<\/tr>\n<tr>\n<td><b>Taper<\/b><\/td>\n<td><span style=\"font-weight: 400;\">Pochette toute blanche<\/span><\/td>\n<\/tr>\n<\/tbody>\n<\/table>","protected":false},"excerpt":{"rendered":"<p>ICEBERG Cherry offre un go\u00fbt audacieux et juteux. <strong data-start=\"36\" data-end=\"46\">cerise<\/strong> avec une finale douce et l\u00e9g\u00e8rement acidul\u00e9e. <strong data-start=\"90\" data-end=\"98\">Mince<\/strong> Les sachets enti\u00e8rement blancs se placent discr\u00e8tement sous la l\u00e8vre sans la tacher. Chaque sachet contient <strong data-start=\"184\" data-end=\"202\">12 mg de nicotine<\/strong>, Le tabac est un produit de haute qualit\u00e9, qui procure un effet \u00e9quilibr\u00e9 et satisfaisant. Sans tabac. Produit par Neoptolem en Pologne.<\/p>","protected":false},"featured_media":9772,"comment_status":"open","ping_status":"closed","template":"","format":[206],"meta":{"_acf_changed":false},"product_brand":[],"product_cat":[50],"product_tag":[16561],"flavours":[196],"nicotine":[218,232],"class_list":{"0":"post-9771","1":"product","2":"type-product","3":"status-publish","4":"has-post-thumbnail","6":"product_cat-iceberg","7":"product_tag-12-mg-pouch","8":"pa_quantity-1-pack","9":"pa_quantity-10-pack","10":"pa_quantity-3-pack","11":"pa_quantity-30-pack","12":"pa_quantity-5-pack","13":"pa_quantity-60-pack","14":"flavours-fruits-berries","15":"format-slim","16":"nicotine-20-mg-g","17":"nicotine-extra-strong","19":"first","20":"instock","21":"taxable","22":"shipping-taxable","23":"purchasable","24":"product-type-variable","25":"has-default-attributes"},"acf":[],"_links":{"self":[{"href":"https:\/\/whitelip.com\/fr\/wp-json\/wp\/v2\/product\/9771","targetHints":{"allow":["GET"]}}],"collection":[{"href":"https:\/\/whitelip.com\/fr\/wp-json\/wp\/v2\/product"}],"about":[{"href":"https:\/\/whitelip.com\/fr\/wp-json\/wp\/v2\/types\/product"}],"replies":[{"embeddable":true,"href":"https:\/\/whitelip.com\/fr\/wp-json\/wp\/v2\/comments?post=9771"}],"wp:featuredmedia":[{"embeddable":true,"href":"https:\/\/whitelip.com\/fr\/wp-json\/wp\/v2\/media\/9772"}],"wp:attachment":[{"href":"https:\/\/whitelip.com\/fr\/wp-json\/wp\/v2\/media?parent=9771"}],"wp:term":[{"taxonomy":"product_brand","embeddable":true,"href":"https:\/\/whitelip.com\/fr\/wp-json\/wp\/v2\/product_brand?post=9771"},{"taxonomy":"product_cat","embeddable":true,"href":"https:\/\/whitelip.com\/fr\/wp-json\/wp\/v2\/product_cat?post=9771"},{"taxonomy":"product_tag","embeddable":true,"href":"https:\/\/whitelip.com\/fr\/wp-json\/wp\/v2\/product_tag?post=9771"},{"taxonomy":"flavours","embeddable":true,"href":"https:\/\/whitelip.com\/fr\/wp-json\/wp\/v2\/flavours?post=9771"},{"taxonomy":"format","embeddable":true,"href":"https:\/\/whitelip.com\/fr\/wp-json\/wp\/v2\/format?post=9771"},{"taxonomy":"nicotine","embeddable":true,"href":"https:\/\/whitelip.com\/fr\/wp-json\/wp\/v2\/nicotine?post=9771"}],"curies":[{"name":"wp","href":"https:\/\/api.w.org\/{rel}","templated":true}]}}