{"id":97613,"date":"2026-05-08T10:28:53","date_gmt":"2026-05-08T10:28:53","guid":{"rendered":"https:\/\/whitelip.com\/?post_type=product&#038;p=97613"},"modified":"2026-05-10T02:58:39","modified_gmt":"2026-05-10T02:58:39","slug":"smogen-westcoast-berries-exp-02-24-2026","status":"publish","type":"product","link":"https:\/\/whitelip.com\/fr\/smogen\/smogen-westcoast-berries-exp-02-24-2026\/","title":{"rendered":"SM\u00d6GEN Westcoast Berries Exp.02\/24\/2026"},"content":{"rendered":"<h2>SM\u00d6GEN Westcoast Berries Exp.02\/24\/2026<\/h2>\n<p><span style=\"font-weight: 400;\">Les sachets de nicotine SM\u00d6GEN Westcoast Berries s'inspirent du littoral accident\u00e9 de la c\u00f4te ouest de la Su\u00e8de, o\u00f9 les falaises d\u00e9nud\u00e9es rencontrent la force implacable de la mer. Malgr\u00e9 ce terrain rude, battu par le vent, et la quasi-absence d'arbres, les innombrables petites \u00eeles, \u00eelots et \u00e9cueils autour de Sm\u00f6gen sont \u00e9tonnamment riches en buissons de baies sauvages. M\u00eame les plus petits affleurements produisent souvent des quantit\u00e9s surprenantes de m\u00fbres, de framboises et de myrtilles. Ce parfum capture ce m\u00e9lange de baies sauvages et c\u00f4ti\u00e8res - doux, acidul\u00e9 et rafra\u00eechissant. Chaque sachet mince, enti\u00e8rement blanc, contient 8 mg de nicotine, offrant une exp\u00e9rience satisfaisante avec un go\u00fbt de r\u00e9silience nordique naturelle. Fabriqu\u00e9 en Su\u00e8de, SM\u00d6GEN Westcoast Berries allie tradition, nature et force dans un format de sachet sans tabac.<\/span><\/p>\n<table>\n<tbody>\n<tr>\n<td><b>Attribut<\/b><\/td>\n<td><b>D\u00e9tails<\/b><\/td>\n<\/tr>\n<tr>\n<td><b>Contenu par bo\u00eete<\/b><\/td>\n<td><span style=\"font-weight: 400;\">12g (20 sachets)<\/span><\/td>\n<\/tr>\n<tr>\n<td><b>Teneur en nicotine<\/b><\/td>\n<td><span style=\"font-weight: 400;\">13mg\/g (8 mg par sachet)<\/span><\/td>\n<\/tr>\n<tr>\n<td><b>Format de la pochette<\/b><\/td>\n<td><span style=\"font-weight: 400;\">Mince<\/span><\/td>\n<\/tr>\n<tr>\n<td><b>Producteur<\/b><\/td>\n<td><span style=\"font-weight: 400;\">SM\u00d6GEN<\/span><\/td>\n<\/tr>\n<tr>\n<td><b>Saveur<\/b><\/td>\n<td><span style=\"font-weight: 400;\">Baies sauvages (m\u00fbres, framboises, myrtilles)<\/span><\/td>\n<\/tr>\n<tr>\n<td><b>Taper<\/b><\/td>\n<td><span style=\"font-weight: 400;\">Pochette toute blanche<\/span><\/td>\n<\/tr>\n<\/tbody>\n<\/table>","protected":false},"excerpt":{"rendered":"<p>Les sachets de nicotine SM\u00d6GEN Westcoast Berries offrent un go\u00fbt sucr\u00e9 et acidul\u00e9. <strong data-start=\"65\" data-end=\"86\">Baies de la c\u00f4te ouest<\/strong> Saveur inspir\u00e9e de la c\u00f4te ouest accident\u00e9e de la Su\u00e8de. <strong data-start=\"134\" data-end=\"142\">Mince<\/strong>, Le format enti\u00e8rement blanc permet une utilisation discr\u00e8te et confortable. Chaque sachet contient <strong data-start=\"212\" data-end=\"229\">8 mg de nicotine<\/strong>. Fabriqu\u00e9 en Su\u00e8de pour un go\u00fbt rafra\u00eechissant au caract\u00e8re nordique naturel.<\/p>","protected":false},"featured_media":3424,"comment_status":"open","ping_status":"closed","template":"","format":[],"meta":{"_acf_changed":false},"product_brand":[],"product_cat":[114],"product_tag":[17015,16583],"flavours":[],"nicotine":[],"class_list":{"0":"post-97613","1":"product","2":"type-product","3":"status-publish","4":"has-post-thumbnail","6":"product_cat-smogen","7":"product_tag-50-off","8":"product_tag-8-mg-pouch","9":"pa_quantity-1-pack","10":"pa_quantity-10-pack","11":"pa_quantity-3-pack","12":"pa_quantity-30-pack","13":"pa_quantity-5-pack","14":"pa_quantity-60-pack","16":"first","17":"instock","18":"sale","19":"taxable","20":"shipping-taxable","21":"purchasable","22":"product-type-variable"},"acf":[],"_links":{"self":[{"href":"https:\/\/whitelip.com\/fr\/wp-json\/wp\/v2\/product\/97613","targetHints":{"allow":["GET"]}}],"collection":[{"href":"https:\/\/whitelip.com\/fr\/wp-json\/wp\/v2\/product"}],"about":[{"href":"https:\/\/whitelip.com\/fr\/wp-json\/wp\/v2\/types\/product"}],"replies":[{"embeddable":true,"href":"https:\/\/whitelip.com\/fr\/wp-json\/wp\/v2\/comments?post=97613"}],"wp:featuredmedia":[{"embeddable":true,"href":"https:\/\/whitelip.com\/fr\/wp-json\/wp\/v2\/media\/3424"}],"wp:attachment":[{"href":"https:\/\/whitelip.com\/fr\/wp-json\/wp\/v2\/media?parent=97613"}],"wp:term":[{"taxonomy":"product_brand","embeddable":true,"href":"https:\/\/whitelip.com\/fr\/wp-json\/wp\/v2\/product_brand?post=97613"},{"taxonomy":"product_cat","embeddable":true,"href":"https:\/\/whitelip.com\/fr\/wp-json\/wp\/v2\/product_cat?post=97613"},{"taxonomy":"product_tag","embeddable":true,"href":"https:\/\/whitelip.com\/fr\/wp-json\/wp\/v2\/product_tag?post=97613"},{"taxonomy":"flavours","embeddable":true,"href":"https:\/\/whitelip.com\/fr\/wp-json\/wp\/v2\/flavours?post=97613"},{"taxonomy":"format","embeddable":true,"href":"https:\/\/whitelip.com\/fr\/wp-json\/wp\/v2\/format?post=97613"},{"taxonomy":"nicotine","embeddable":true,"href":"https:\/\/whitelip.com\/fr\/wp-json\/wp\/v2\/nicotine?post=97613"}],"curies":[{"name":"wp","href":"https:\/\/api.w.org\/{rel}","templated":true}]}}