{"id":97514,"date":"2026-05-08T09:31:35","date_gmt":"2026-05-08T09:31:35","guid":{"rendered":"https:\/\/whitelip.com\/?post_type=product&#038;p=97514"},"modified":"2026-05-09T10:11:28","modified_gmt":"2026-05-09T10:11:28","slug":"iceberg-cherry-apricot-gum-extreme-exp-05-06-2026","status":"publish","type":"product","link":"https:\/\/whitelip.com\/fr\/iceberg\/iceberg-cherry-apricot-gum-extreme-exp-05-06-2026\/","title":{"rendered":"ICEBERG Cherry Apricot Gum Extreme Exp.05\/06\/2026"},"content":{"rendered":"<h2>ICEBERG Cherry Apricot Gum Extreme Exp.05\/06\/2026<\/h2>\n<p><span style=\"font-weight: 400;\">Les sachets de nicotine ICEBERG Cherry Apricot Gum Extreme combinent la douceur audacieuse de la cerise avec le piquant subtil de l'abricot, le tout agr\u00e9ment\u00e9 d'une gomme onctueuse. Ce profil d'ar\u00f4me unique offre une exp\u00e9rience fruit\u00e9e d\u00e9licieuse associ\u00e9e \u00e0 un coup de pouce nicotinique intense, ce qui le rend parfait pour les utilisateurs exp\u00e9riment\u00e9s. Ces sachets minces, sans tabac, sont con\u00e7us pour une utilisation discr\u00e8te et pratique, offrant une option de nicotine savoureuse et puissante pour ceux qui sont en d\u00e9placement.<\/span><\/p>\n<table>\n<tbody>\n<tr>\n<td><b>Attribut<\/b><\/td>\n<td><b>D\u00e9tails<\/b><\/td>\n<\/tr>\n<tr>\n<td><span style=\"font-weight: 400;\">Contenu par bo\u00eete<\/span><\/td>\n<td><span style=\"font-weight: 400;\">12g (20 sachets)<\/span><\/td>\n<\/tr>\n<tr>\n<td><span style=\"font-weight: 400;\">Teneur en nicotine<\/span><\/td>\n<td><span style=\"font-weight: 400;\">50 mg\/g (35 mg par sachet)<\/span><\/td>\n<\/tr>\n<tr>\n<td><span style=\"font-weight: 400;\">Format de la pochette<\/span><\/td>\n<td><span style=\"font-weight: 400;\">Mince<\/span><\/td>\n<\/tr>\n<tr>\n<td><span style=\"font-weight: 400;\">Producteur<\/span><\/td>\n<td><span style=\"font-weight: 400;\">ICEBERG<\/span><\/td>\n<\/tr>\n<tr>\n<td><span style=\"font-weight: 400;\">Saveur<\/span><\/td>\n<td><span style=\"font-weight: 400;\">Gomme Cerise Abricot<\/span><\/td>\n<\/tr>\n<tr>\n<td><span style=\"font-weight: 400;\">Taper<\/span><\/td>\n<td><span style=\"font-weight: 400;\">Pochette enti\u00e8rement blanche, sans tabac<\/span><\/td>\n<\/tr>\n<\/tbody>\n<\/table>","protected":false},"excerpt":{"rendered":"<p><span style=\"font-weight: 400;\">Les sachets de nicotine ICEBERG Cherry Apricot Gum Extreme combinent la douceur audacieuse de la cerise avec le piquant subtil de l'abricot, le tout agr\u00e9ment\u00e9 d'une gomme onctueuse. Ce profil d'ar\u00f4me unique offre une exp\u00e9rience fruit\u00e9e d\u00e9licieuse associ\u00e9e \u00e0 un coup de pouce nicotinique intense, ce qui le rend parfait pour les utilisateurs exp\u00e9riment\u00e9s. Ces sachets minces, sans tabac, sont con\u00e7us pour une utilisation discr\u00e8te et pratique, offrant une option de nicotine savoureuse et puissante pour ceux qui sont en d\u00e9placement.<\/span><\/p>","protected":false},"featured_media":8043,"comment_status":"open","ping_status":"closed","template":"","format":[],"meta":{"_acf_changed":false},"product_brand":[],"product_cat":[50],"product_tag":[16603,17015],"flavours":[],"nicotine":[],"class_list":{"0":"post-97514","1":"product","2":"type-product","3":"status-publish","4":"has-post-thumbnail","6":"product_cat-iceberg","7":"product_tag-35-mg-pouch","8":"product_tag-50-off","9":"pa_quantity-1-pack","10":"pa_quantity-10-pack","11":"pa_quantity-3-pack","12":"pa_quantity-30-pack","13":"pa_quantity-5-pack","14":"pa_quantity-60-pack","16":"first","17":"instock","18":"sale","19":"taxable","20":"shipping-taxable","21":"purchasable","22":"product-type-variable"},"acf":[],"_links":{"self":[{"href":"https:\/\/whitelip.com\/fr\/wp-json\/wp\/v2\/product\/97514","targetHints":{"allow":["GET"]}}],"collection":[{"href":"https:\/\/whitelip.com\/fr\/wp-json\/wp\/v2\/product"}],"about":[{"href":"https:\/\/whitelip.com\/fr\/wp-json\/wp\/v2\/types\/product"}],"replies":[{"embeddable":true,"href":"https:\/\/whitelip.com\/fr\/wp-json\/wp\/v2\/comments?post=97514"}],"wp:featuredmedia":[{"embeddable":true,"href":"https:\/\/whitelip.com\/fr\/wp-json\/wp\/v2\/media\/8043"}],"wp:attachment":[{"href":"https:\/\/whitelip.com\/fr\/wp-json\/wp\/v2\/media?parent=97514"}],"wp:term":[{"taxonomy":"product_brand","embeddable":true,"href":"https:\/\/whitelip.com\/fr\/wp-json\/wp\/v2\/product_brand?post=97514"},{"taxonomy":"product_cat","embeddable":true,"href":"https:\/\/whitelip.com\/fr\/wp-json\/wp\/v2\/product_cat?post=97514"},{"taxonomy":"product_tag","embeddable":true,"href":"https:\/\/whitelip.com\/fr\/wp-json\/wp\/v2\/product_tag?post=97514"},{"taxonomy":"flavours","embeddable":true,"href":"https:\/\/whitelip.com\/fr\/wp-json\/wp\/v2\/flavours?post=97514"},{"taxonomy":"format","embeddable":true,"href":"https:\/\/whitelip.com\/fr\/wp-json\/wp\/v2\/format?post=97514"},{"taxonomy":"nicotine","embeddable":true,"href":"https:\/\/whitelip.com\/fr\/wp-json\/wp\/v2\/nicotine?post=97514"}],"curies":[{"name":"wp","href":"https:\/\/api.w.org\/{rel}","templated":true}]}}