{"id":97362,"date":"2026-05-07T12:07:09","date_gmt":"2026-05-07T12:07:09","guid":{"rendered":"https:\/\/whitelip.com\/?post_type=product&#038;p=97362"},"modified":"2026-05-09T10:11:28","modified_gmt":"2026-05-09T10:11:28","slug":"apres-ski-limited-edition","status":"publish","type":"product","link":"https:\/\/whitelip.com\/fr\/apres\/apres-ski-limited-edition\/","title":{"rendered":"APR\u00c8S Ski Limited Edition"},"content":{"rendered":"<h1 data-section-id=\"ap1ske2\" data-start=\"1\" data-end=\"50\"><strong>Apr\u00e8s Ski Limited Edition<\/strong><\/h1>\n<p data-section-id=\"ap3ske4\" data-start=\"52\" data-end=\"350\">Apr\u00e8s Ski Limited Edition est une pochette de nicotine sans tabac au format slim avec un profil de saveur fruit\u00e9e et riche en baies de myrtille rouche, cerise et fruits rouges m\u00e9lang\u00e9s, produite par Apr\u00e8s Nicotine AB en Su\u00e8de. Lanc\u00e9e en \u00e9dition limit\u00e9e, ce produit combine une exp\u00e9rience de go\u00fbt naturelle et \u00e9quilibr\u00e9e avec une force de nicotine normale. Avec une teneur en nicotine de 8 mg\/g (4,4 mg par pochette), c'est une option accessible et savoureuse pour ceux qui appr\u00e9cient une pochette de nicotine fruit\u00e9e pour une utilisation quotidienne.<\/p>\n<h2 data-section-id=\"ap5ske6\" data-start=\"352\" data-end=\"370\">Saveur et Force<\/h2>\n<p data-section-id=\"ap7ske8\" data-start=\"372\" data-end=\"570\">Apr\u00e8s Ski Limited Edition delivers a well-balanced and natural flavour where tart lingonberry meets sweet cherry and mixed berries in a fruity and harmonious combination. The flavour profile is fresh and pleasant without being overwhelming, making this a reliable and enjoyable choice throughout the day. At 8mg\/g (4.4mg per pouch), the nicotine level is moderate &#8211; comfortable and approachable for everyday use regardless of experience level.<\/p>\n<h2 data-section-id=\"ap9ske0\" data-start=\"572\" data-end=\"590\">Format de la pochette<\/h2>\n<p data-section-id=\"ap2ske5\" data-start=\"592\" data-end=\"780\">Apr\u00e8s Ski Limited Edition est au format slim. Chaque bo\u00eete contient 20 pochettes, toutes compl\u00e8tement sans tabac et sans fum\u00e9e. La pochette slim s'adapte discr\u00e8tement et confortablement sous la l\u00e8vre, ce qui en fait un choix pratique et discret pour une utilisation n'importe quand et n'importe o\u00f9.<\/p>\n<h2 data-section-id=\"ap4ske7\" data-start=\"782\" data-end=\"796\">\u00c0 propos d'Apr\u00e8s<\/h2>\n<p data-section-id=\"ap6ske9\" data-start=\"798\" data-end=\"1050\">Apr\u00e8s was launched in Stockholm in 2020 by Apr\u00e8s Nicotine AB and is rooted in Sweden. The brand focuses on tobacco-free nicotine pouches made with plant-based materials for both pouches and packaging. No.14 Ski Limited Edition 2 is a prime example of Apr\u00e8s&#8217; ambition to combine creative and seasonal flavour profiles with high quality.<\/p>\n<table style=\"height: 235px;\" width=\"383\">\n<tbody>\n<tr>\n<td><b>Attribut<\/b><\/td>\n<td><b>D\u00e9tails<\/b><\/td>\n<\/tr>\n<tr>\n<td><b>Marque<\/b><\/td>\n<td><em><strong>Apr\u00e8s<\/strong><\/em><\/td>\n<\/tr>\n<tr>\n<td><b>Format de la pochette<\/b><\/td>\n<td><em><strong>Mince<\/strong><\/em><\/td>\n<\/tr>\n<tr>\n<td><b>Force<\/b><\/td>\n<td><em><strong>Fort<\/strong><\/em><\/td>\n<\/tr>\n<tr>\n<td><b>Producteur<\/b><\/td>\n<td><em><strong>Apr\u00e8s Nicotine AB<\/strong><\/em><\/td>\n<\/tr>\n<tr>\n<td><b>Saveur<\/b><\/td>\n<td><span style=\"font-weight: 400;\">Lingonberry, cherry, mixed berries<\/span><\/td>\n<\/tr>\n<tr>\n<td><b>Teneur en nicotine<\/b><\/td>\n<td><b><span style=\"font-weight: 400;\">8mg\/g (4.4mg per pouch)<\/span><\/b><\/td>\n<\/tr>\n<tr>\n<td><b>Contenu par bo\u00eete<\/b><\/td>\n<td><span style=\"font-weight: 400;\">20 sachets<\/span><\/td>\n<\/tr>\n<tr>\n<td><b>Cat\u00e9gorie<\/b><\/td>\n<td><em><strong>Snus blanc<\/strong><\/em><\/td>\n<\/tr>\n<tr>\n<td><b>Taper<\/b><\/td>\n<td><b><span style=\"font-weight: 400;\">Pochette enti\u00e8rement blanche, sans tabac<\/span><\/b><\/td>\n<\/tr>\n<\/tbody>\n<\/table>\n<p>&nbsp;<\/p>","protected":false},"excerpt":{"rendered":"<p>Apr\u00e8s Ski Limited Edition est une pochette de nicotine sans tabac au format slim avec une saveur fruit\u00e9e de myrtille rouche, cerise et fruits rouges m\u00e9lang\u00e9s. Avec 8 mg\/g (4,4 mg par pochette), elle offre une exp\u00e9rience de nicotine de force normale &#8211; accessible et bien adapt\u00e9e pour une utilisation quotidienne. 20 pochettes par bo\u00eete, produites par Apr\u00e8s Nicotine AB en Su\u00e8de.<\/p>","protected":false},"featured_media":97371,"comment_status":"open","ping_status":"closed","template":"","format":[206],"meta":{"_acf_changed":false},"product_brand":[],"product_cat":[41],"product_tag":[16549],"flavours":[196],"nicotine":[230,236],"class_list":{"0":"post-97362","1":"product","2":"type-product","3":"status-publish","4":"has-post-thumbnail","6":"product_cat-apres","7":"product_tag-4-4-mg-pouch","8":"pa_quantity-1-pack","9":"pa_quantity-10-pack","10":"pa_quantity-3-pack","11":"pa_quantity-30-pack","12":"pa_quantity-5-pack","13":"pa_quantity-60-pack","14":"flavours-fruits-berries","15":"format-slim","16":"nicotine-8-mg-g","17":"nicotine-strong","19":"first","20":"instock","21":"taxable","22":"shipping-taxable","23":"purchasable","24":"product-type-variable"},"acf":[],"_links":{"self":[{"href":"https:\/\/whitelip.com\/fr\/wp-json\/wp\/v2\/product\/97362","targetHints":{"allow":["GET"]}}],"collection":[{"href":"https:\/\/whitelip.com\/fr\/wp-json\/wp\/v2\/product"}],"about":[{"href":"https:\/\/whitelip.com\/fr\/wp-json\/wp\/v2\/types\/product"}],"replies":[{"embeddable":true,"href":"https:\/\/whitelip.com\/fr\/wp-json\/wp\/v2\/comments?post=97362"}],"wp:featuredmedia":[{"embeddable":true,"href":"https:\/\/whitelip.com\/fr\/wp-json\/wp\/v2\/media\/97371"}],"wp:attachment":[{"href":"https:\/\/whitelip.com\/fr\/wp-json\/wp\/v2\/media?parent=97362"}],"wp:term":[{"taxonomy":"product_brand","embeddable":true,"href":"https:\/\/whitelip.com\/fr\/wp-json\/wp\/v2\/product_brand?post=97362"},{"taxonomy":"product_cat","embeddable":true,"href":"https:\/\/whitelip.com\/fr\/wp-json\/wp\/v2\/product_cat?post=97362"},{"taxonomy":"product_tag","embeddable":true,"href":"https:\/\/whitelip.com\/fr\/wp-json\/wp\/v2\/product_tag?post=97362"},{"taxonomy":"flavours","embeddable":true,"href":"https:\/\/whitelip.com\/fr\/wp-json\/wp\/v2\/flavours?post=97362"},{"taxonomy":"format","embeddable":true,"href":"https:\/\/whitelip.com\/fr\/wp-json\/wp\/v2\/format?post=97362"},{"taxonomy":"nicotine","embeddable":true,"href":"https:\/\/whitelip.com\/fr\/wp-json\/wp\/v2\/nicotine?post=97362"}],"curies":[{"name":"wp","href":"https:\/\/api.w.org\/{rel}","templated":true}]}}