{"id":9676,"date":"2025-02-12T08:40:20","date_gmt":"2025-02-12T08:40:20","guid":{"rendered":"https:\/\/whitelip.com\/iceberg-capsule-peach\/"},"modified":"2026-05-11T10:11:33","modified_gmt":"2026-05-11T10:11:33","slug":"iceberg-capsule-peach","status":"publish","type":"product","link":"https:\/\/whitelip.com\/fr\/iceberg\/iceberg-capsule-peach\/","title":{"rendered":"ICEBERG Capsule P\u00eache"},"content":{"rendered":"<h2><strong>ICEBERG Capsule P\u00eache<\/strong><\/h2>\n<p><span style=\"font-weight: 400;\">Les sachets de nicotine ICEBERG Capsule Peach offrent un go\u00fbt rafra\u00eechissant de p\u00eache. Chaque sachet mince contient 50 mg de nicotine par gramme, ce qui \u00e9quivaut \u00e0 environ 30 mg par sachet, pour une exp\u00e9rience puissante convenant aux utilisateurs chevronn\u00e9s. Chaque sachet est dot\u00e9 d'une capsule qui se lib\u00e8re d'un simple clic, ce qui vous permet de rehausser l'ar\u00f4me de p\u00eache d'une touche de menthe fra\u00eeche, cr\u00e9ant ainsi un profil bien \u00e9quilibr\u00e9 et rafra\u00eechissant. Les sachets sont con\u00e7us pour une utilisation discr\u00e8te sans tacher les dents, ce qui les rend id\u00e9aux pour une consommation nomade. Fabriqu\u00e9s par Neoptolem, un fabricant polonais connu pour allier m\u00e9thodes contemporaines et qualit\u00e9 traditionnelle, ces sachets sont un exemple de normes \u00e9lev\u00e9es et de combinaisons de saveurs innovantes.<\/span><\/p>\n<table>\n<tbody>\n<tr>\n<td><b>Attribut<\/b><\/td>\n<td><b>D\u00e9tails<\/b><\/td>\n<\/tr>\n<tr>\n<td><b>Contenu par bo\u00eete<\/b><\/td>\n<td><span style=\"font-weight: 400;\">12g (20 sachets)<\/span><\/td>\n<\/tr>\n<tr>\n<td><b>Teneur en nicotine<\/b><\/td>\n<td><span style=\"font-weight: 400;\">50 mg\/g (30 mg par sachet)<\/span><\/td>\n<\/tr>\n<tr>\n<td><b>Format de la pochette<\/b><\/td>\n<td><span style=\"font-weight: 400;\">Mince<\/span><\/td>\n<\/tr>\n<tr>\n<td><b>Producteur<\/b><\/td>\n<td><span style=\"font-weight: 400;\">N\u00e9optol\u00e8me<\/span><\/td>\n<\/tr>\n<tr>\n<td><b>Saveur<\/b><\/td>\n<td><span style=\"font-weight: 400;\">P\u00eache et menthe<\/span><\/td>\n<\/tr>\n<tr>\n<td><b>Taper<\/b><\/td>\n<td><span style=\"font-weight: 400;\">Pochette toute blanche<\/span><\/td>\n<\/tr>\n<\/tbody>\n<\/table>","protected":false},"excerpt":{"rendered":"<p>ICEBERG Capsule Peach offre un rafra\u00eechissement de la peau. <strong data-start=\"40\" data-end=\"49\">p\u00eache<\/strong> avec une capsule \u00e0 d\u00e9clic pour une explosion de menthe extra-fra\u00eeche. <strong data-start=\"112\" data-end=\"120\">Mince<\/strong> Les sachets enti\u00e8rement blancs se placent discr\u00e8tement sous la l\u00e8vre sans la tacher. Chaque sachet contient <strong data-start=\"206\" data-end=\"224\">30 mg de nicotine<\/strong>, La puissance et l'\u00e9quilibre de l'effet sont garantis. Sans tabac. Produit par Neoptolem en Pologne.<\/p>","protected":false},"featured_media":9677,"comment_status":"open","ping_status":"closed","template":"","format":[206],"meta":{"_acf_changed":false},"product_brand":[],"product_cat":[50],"product_tag":[16605],"flavours":[196,199],"nicotine":[226,233],"class_list":{"0":"post-9676","1":"product","2":"type-product","3":"status-publish","4":"has-post-thumbnail","6":"product_cat-iceberg","7":"product_tag-30-mg-pouch","8":"pa_quantity-1-pack","9":"pa_quantity-10-pack","10":"pa_quantity-3-pack","11":"pa_quantity-30-pack","12":"pa_quantity-5-pack","13":"pa_quantity-60-pack","14":"flavours-fruits-berries","15":"flavours-mint","16":"format-slim","17":"nicotine-50-mg-g","18":"nicotine-extreme","20":"first","21":"instock","22":"taxable","23":"shipping-taxable","24":"purchasable","25":"product-type-variable","26":"has-default-attributes"},"acf":[],"_links":{"self":[{"href":"https:\/\/whitelip.com\/fr\/wp-json\/wp\/v2\/product\/9676","targetHints":{"allow":["GET"]}}],"collection":[{"href":"https:\/\/whitelip.com\/fr\/wp-json\/wp\/v2\/product"}],"about":[{"href":"https:\/\/whitelip.com\/fr\/wp-json\/wp\/v2\/types\/product"}],"replies":[{"embeddable":true,"href":"https:\/\/whitelip.com\/fr\/wp-json\/wp\/v2\/comments?post=9676"}],"wp:featuredmedia":[{"embeddable":true,"href":"https:\/\/whitelip.com\/fr\/wp-json\/wp\/v2\/media\/9677"}],"wp:attachment":[{"href":"https:\/\/whitelip.com\/fr\/wp-json\/wp\/v2\/media?parent=9676"}],"wp:term":[{"taxonomy":"product_brand","embeddable":true,"href":"https:\/\/whitelip.com\/fr\/wp-json\/wp\/v2\/product_brand?post=9676"},{"taxonomy":"product_cat","embeddable":true,"href":"https:\/\/whitelip.com\/fr\/wp-json\/wp\/v2\/product_cat?post=9676"},{"taxonomy":"product_tag","embeddable":true,"href":"https:\/\/whitelip.com\/fr\/wp-json\/wp\/v2\/product_tag?post=9676"},{"taxonomy":"flavours","embeddable":true,"href":"https:\/\/whitelip.com\/fr\/wp-json\/wp\/v2\/flavours?post=9676"},{"taxonomy":"format","embeddable":true,"href":"https:\/\/whitelip.com\/fr\/wp-json\/wp\/v2\/format?post=9676"},{"taxonomy":"nicotine","embeddable":true,"href":"https:\/\/whitelip.com\/fr\/wp-json\/wp\/v2\/nicotine?post=9676"}],"curies":[{"name":"wp","href":"https:\/\/api.w.org\/{rel}","templated":true}]}}