{"id":9671,"date":"2025-02-12T08:40:21","date_gmt":"2025-02-12T08:40:21","guid":{"rendered":"https:\/\/whitelip.com\/iceberg-capsule-watermelon-mint\/"},"modified":"2026-04-21T10:11:30","modified_gmt":"2026-04-21T10:11:30","slug":"iceberg-capsule-watermelon-mint","status":"publish","type":"product","link":"https:\/\/whitelip.com\/fr\/iceberg\/iceberg-capsule-watermelon-mint\/","title":{"rendered":"ICEBERG Capsule Past\u00e8que Menthe"},"content":{"rendered":"<h2><strong>ICEBERG Capsule Past\u00e8que Menthe<\/strong><\/h2>\n<p><span style=\"font-weight: 400;\">Les sachets de nicotine ICEBERG Capsule Past\u00e8que Menthe offrent un m\u00e9lange rafra\u00eechissant de past\u00e8que et de menthe. Chaque sachet mince contient 50 mg de nicotine par gramme, ce qui \u00e9quivaut \u00e0 environ 30 mg par sachet, offrant une exp\u00e9rience puissante convenant aux utilisateurs chevronn\u00e9s. Chaque sachet est dot\u00e9 d'une capsule qui se lib\u00e8re d'un simple clic, ce qui vous permet de rehausser l'ar\u00f4me de past\u00e8que d'une touche de menthe fra\u00eeche, cr\u00e9ant ainsi un profil \u00e9quilibr\u00e9 et rafra\u00eechissant. Les sachets sont con\u00e7us pour une utilisation discr\u00e8te sans tacher les dents, ce qui les rend id\u00e9aux pour une consommation en d\u00e9placement. Fabriqu\u00e9s par Neoptolem, un fabricant polonais connu pour allier m\u00e9thodes contemporaines et qualit\u00e9 traditionnelle, ces sachets sont un exemple de normes \u00e9lev\u00e9es et de combinaisons de saveurs innovantes.<\/span><\/p>\n<table>\n<tbody>\n<tr>\n<td><b>Attribut<\/b><\/td>\n<td><b>D\u00e9tails<\/b><\/td>\n<\/tr>\n<tr>\n<td><b>Contenu par bo\u00eete<\/b><\/td>\n<td><span style=\"font-weight: 400;\">12g (20 sachets)<\/span><\/td>\n<\/tr>\n<tr>\n<td><b>Teneur en nicotine<\/b><\/td>\n<td><span style=\"font-weight: 400;\">50 mg\/g (30 mg par sachet)<\/span><\/td>\n<\/tr>\n<tr>\n<td><b>Format de la pochette<\/b><\/td>\n<td><span style=\"font-weight: 400;\">Mince<\/span><\/td>\n<\/tr>\n<tr>\n<td><b>Producteur<\/b><\/td>\n<td><span style=\"font-weight: 400;\">N\u00e9optol\u00e8me<\/span><\/td>\n<\/tr>\n<tr>\n<td><b>Saveur<\/b><\/td>\n<td><span style=\"font-weight: 400;\">Past\u00e8que et menthe<\/span><\/td>\n<\/tr>\n<tr>\n<td><b>Taper<\/b><\/td>\n<td><span style=\"font-weight: 400;\">Pochette toute blanche<\/span><\/td>\n<\/tr>\n<\/tbody>\n<\/table>","protected":false},"excerpt":{"rendered":"<p>La capsule ICEBERG Past\u00e8que-Menthe offre une sensation de fra\u00eecheur. <strong data-start=\"50\" data-end=\"69\">past\u00e8que menthe<\/strong> avec une capsule qui se d\u00e9tache d'un clic pour une explosion de fra\u00eecheur suppl\u00e9mentaire. <strong data-start=\"127\" data-end=\"135\">Mince<\/strong> Les sachets enti\u00e8rement blancs se placent discr\u00e8tement sous la l\u00e8vre sans la tacher. Chaque sachet contient <strong data-start=\"221\" data-end=\"239\">30 mg de nicotine<\/strong>, La puissance et l'\u00e9quilibre de l'effet sont garantis. Sans tabac. Produit par Neoptolem en Pologne.<\/p>","protected":false},"featured_media":9672,"comment_status":"open","ping_status":"closed","template":"","format":[206],"meta":{"_acf_changed":false},"product_brand":[],"product_cat":[50],"product_tag":[16605],"flavours":[196,199],"nicotine":[226,233],"class_list":{"0":"post-9671","1":"product","2":"type-product","3":"status-publish","4":"has-post-thumbnail","6":"product_cat-iceberg","7":"product_tag-30-mg-pouch","8":"pa_quantity-1-pack","9":"pa_quantity-10-pack","10":"pa_quantity-3-pack","11":"pa_quantity-30-pack","12":"pa_quantity-5-pack","13":"pa_quantity-60-pack","14":"flavours-fruits-berries","15":"flavours-mint","16":"format-slim","17":"nicotine-50-mg-g","18":"nicotine-extreme","20":"first","21":"instock","22":"taxable","23":"shipping-taxable","24":"purchasable","25":"product-type-variable"},"acf":[],"_links":{"self":[{"href":"https:\/\/whitelip.com\/fr\/wp-json\/wp\/v2\/product\/9671","targetHints":{"allow":["GET"]}}],"collection":[{"href":"https:\/\/whitelip.com\/fr\/wp-json\/wp\/v2\/product"}],"about":[{"href":"https:\/\/whitelip.com\/fr\/wp-json\/wp\/v2\/types\/product"}],"replies":[{"embeddable":true,"href":"https:\/\/whitelip.com\/fr\/wp-json\/wp\/v2\/comments?post=9671"}],"wp:featuredmedia":[{"embeddable":true,"href":"https:\/\/whitelip.com\/fr\/wp-json\/wp\/v2\/media\/9672"}],"wp:attachment":[{"href":"https:\/\/whitelip.com\/fr\/wp-json\/wp\/v2\/media?parent=9671"}],"wp:term":[{"taxonomy":"product_brand","embeddable":true,"href":"https:\/\/whitelip.com\/fr\/wp-json\/wp\/v2\/product_brand?post=9671"},{"taxonomy":"product_cat","embeddable":true,"href":"https:\/\/whitelip.com\/fr\/wp-json\/wp\/v2\/product_cat?post=9671"},{"taxonomy":"product_tag","embeddable":true,"href":"https:\/\/whitelip.com\/fr\/wp-json\/wp\/v2\/product_tag?post=9671"},{"taxonomy":"flavours","embeddable":true,"href":"https:\/\/whitelip.com\/fr\/wp-json\/wp\/v2\/flavours?post=9671"},{"taxonomy":"format","embeddable":true,"href":"https:\/\/whitelip.com\/fr\/wp-json\/wp\/v2\/format?post=9671"},{"taxonomy":"nicotine","embeddable":true,"href":"https:\/\/whitelip.com\/fr\/wp-json\/wp\/v2\/nicotine?post=9671"}],"curies":[{"name":"wp","href":"https:\/\/api.w.org\/{rel}","templated":true}]}}