{"id":9638,"date":"2025-01-31T10:04:39","date_gmt":"2025-01-31T10:04:39","guid":{"rendered":"https:\/\/whitelip.com\/loop-smooth-mint-hyper-strong\/"},"modified":"2026-05-12T10:11:37","modified_gmt":"2026-05-12T10:11:37","slug":"loop-smooth-mint-hyper-strong","status":"publish","type":"product","link":"https:\/\/whitelip.com\/fr\/loop\/loop-smooth-mint-hyper-strong\/","title":{"rendered":"LOOP Smooth Mint Hyper Strong"},"content":{"rendered":"<h2><strong>LOOP Smooth Mint Hyper Strong<\/strong><\/h2>\n<p>LOOP Smooth Mint Hyper Strong offre un taux de nicotine tr\u00e8s \u00e9lev\u00e9 ainsi qu'une saveur de menthe fra\u00eeche avec des \u00e9l\u00e9ments sucr\u00e9s. Les sachets se pr\u00e9sentent sous un format mince avec un taux de nicotine de 25 mg\/g.<\/p>\n<ul>\n<li>Ar\u00f4me : Menthe<\/li>\n<li>Format : Slim<\/li>\n<li>Nicotine : 25 mg\/g<\/li>\n<li>Pochettes : 22 pi\u00e8ces<\/li>\n<li>Poids : 13,8 g<\/li>\n<li>Marque : <a href=\"https:\/\/whitelip.se\/en\/loop\" target=\"_blank\" rel=\"noopener\">boucle<\/a><\/li>\n<li>Fabricant : <a href=\"https:\/\/anothersnusfactory.com\/about\/\" target=\"_blank\" rel=\"noopener\">boucle<\/a><\/li>\n<\/ul>\n<p><em><strong>A propos de la marque : LOOP<\/strong><\/em><\/p>\n<p>D\u00e9couvrez le confort et la vari\u00e9t\u00e9 des sachets de nicotine LOOP &#8211; une gamme qui combine la haute qualit\u00e9 avec une vari\u00e9t\u00e9 de saveurs et de forces de nicotine passionnantes. Avec son design discret et confortable, LOOP offre une solution \u00e9l\u00e9gante pour satisfaire vos envies de nicotine. Explorez notre large gamme de sachets de nicotine LOOP et trouvez votre saveur pr\u00e9f\u00e9r\u00e9e pour une exp\u00e9rience de nicotine agr\u00e9able et discr\u00e8te \u00e0 tout moment.<\/p>\n<p><em><strong>A propos de Whitelip.se :\u00a0<\/strong><\/em><\/p>\n<p><span data-contrast=\"auto\">Bienvenue sur Whitelip.se, votre destination ultime pour des sachets de nicotine de haute qualit\u00e9. Explorez notre vaste gamme de produits con\u00e7us pour r\u00e9pondre \u00e0 vos besoins en nicotine, avec des livraisons aux \u00c9tats-Unis et en Europe, toutes commod\u00e9ment disponibles avec des options de livraison gratuite \u00e0 la caisse. Am\u00e9liorez votre satisfaction \u00e0 chaque achat, car nous vous proposons des marques de premier ordre et une livraison sans faille \u00e0 votre porte. Faites l'exp\u00e9rience de la commodit\u00e9 ultime et de la qualit\u00e9 sup\u00e9rieure uniquement chez Whitelip.se. Achetez maintenant et laissez-vous tenter par le plaisir des sachets de nicotine blancs de premi\u00e8re qualit\u00e9.<\/span><\/p>","protected":false},"excerpt":{"rendered":"<p>Extra-haut <strong data-start=\"11\" data-end=\"26\">menthe douce<\/strong> avec des notes fra\u00eeches et sucr\u00e9es. <strong data-start=\"52\" data-end=\"60\">Mince<\/strong>, Les sachets sans tabac s'ins\u00e8rent discr\u00e8tement sous la l\u00e8vre pour une utilisation propre et pratique. Teneur en nicotine <strong data-start=\"157\" data-end=\"168\">25 mg\/g<\/strong> pour une exp\u00e9rience hyper forte.<\/p>","protected":false},"featured_media":9639,"comment_status":"open","ping_status":"closed","template":"","format":[206],"meta":{"_acf_changed":false},"product_brand":[],"product_cat":[32],"product_tag":[17005],"flavours":[199],"nicotine":[232,219],"class_list":{"0":"post-9638","1":"product","2":"type-product","3":"status-publish","4":"has-post-thumbnail","6":"product_cat-loop","7":"product_tag-15-6-mg-pouch","8":"pa_quantity-1-pack","9":"pa_quantity-10-pack","10":"pa_quantity-3-pack","11":"pa_quantity-30-pack","12":"pa_quantity-5-pack","13":"pa_quantity-60-pack","14":"flavours-mint","15":"format-slim","16":"nicotine-extra-strong","17":"nicotine-25-mg-g","19":"first","20":"instock","21":"taxable","22":"shipping-taxable","23":"purchasable","24":"product-type-variable","25":"has-default-attributes"},"acf":[],"_links":{"self":[{"href":"https:\/\/whitelip.com\/fr\/wp-json\/wp\/v2\/product\/9638","targetHints":{"allow":["GET"]}}],"collection":[{"href":"https:\/\/whitelip.com\/fr\/wp-json\/wp\/v2\/product"}],"about":[{"href":"https:\/\/whitelip.com\/fr\/wp-json\/wp\/v2\/types\/product"}],"replies":[{"embeddable":true,"href":"https:\/\/whitelip.com\/fr\/wp-json\/wp\/v2\/comments?post=9638"}],"wp:featuredmedia":[{"embeddable":true,"href":"https:\/\/whitelip.com\/fr\/wp-json\/wp\/v2\/media\/9639"}],"wp:attachment":[{"href":"https:\/\/whitelip.com\/fr\/wp-json\/wp\/v2\/media?parent=9638"}],"wp:term":[{"taxonomy":"product_brand","embeddable":true,"href":"https:\/\/whitelip.com\/fr\/wp-json\/wp\/v2\/product_brand?post=9638"},{"taxonomy":"product_cat","embeddable":true,"href":"https:\/\/whitelip.com\/fr\/wp-json\/wp\/v2\/product_cat?post=9638"},{"taxonomy":"product_tag","embeddable":true,"href":"https:\/\/whitelip.com\/fr\/wp-json\/wp\/v2\/product_tag?post=9638"},{"taxonomy":"flavours","embeddable":true,"href":"https:\/\/whitelip.com\/fr\/wp-json\/wp\/v2\/flavours?post=9638"},{"taxonomy":"format","embeddable":true,"href":"https:\/\/whitelip.com\/fr\/wp-json\/wp\/v2\/format?post=9638"},{"taxonomy":"nicotine","embeddable":true,"href":"https:\/\/whitelip.com\/fr\/wp-json\/wp\/v2\/nicotine?post=9638"}],"curies":[{"name":"wp","href":"https:\/\/api.w.org\/{rel}","templated":true}]}}