{"id":9633,"date":"2025-01-31T10:02:02","date_gmt":"2025-01-31T10:02:02","guid":{"rendered":"https:\/\/whitelip.com\/loop-ice-cool-mint-hyper-strong\/"},"modified":"2026-05-12T10:11:37","modified_gmt":"2026-05-12T10:11:37","slug":"loop-ice-cool-mint-hyper-strong","status":"publish","type":"product","link":"https:\/\/whitelip.com\/fr\/loop\/loop-ice-cool-mint-hyper-strong\/","title":{"rendered":"LOOP Ice Cool Mint Hyper Strong"},"content":{"rendered":"<h2><strong>LOOP Ice Cool Mint Hyper Strong<\/strong><\/h2>\n<p><span style=\"font-weight: 400;\">LOOP Ice Cool Mint Hyper Strong offre une explosion croustillante et revigorante d'ar\u00f4me de menthe glac\u00e9e, offrant une exp\u00e9rience nicotinique rafra\u00eechissante et revitalisante. Ces sachets de nicotine minces sont con\u00e7us pour les utilisateurs \u00e0 la recherche d'un taux de nicotine \u00e9quilibr\u00e9 et d'un go\u00fbt net et rafra\u00eechissant. Leur format discret permet de les placer confortablement sous la l\u00e8vre, ce qui les rend parfaits pour une consommation nomade. LOOP Ice Cool Mint Hyper Strong procure une sensation rafra\u00eechissante que les amateurs de menthe appr\u00e9cieront.<\/span><\/p>\n<table>\n<tbody>\n<tr>\n<td><b>Attribut<\/b><\/td>\n<td><b>D\u00e9tails<\/b><\/td>\n<\/tr>\n<tr>\n<td><span style=\"font-weight: 400;\">Contenu par bo\u00eete<\/span><\/td>\n<td><span style=\"font-weight: 400;\">12g (20 sachets)<\/span><\/td>\n<\/tr>\n<tr>\n<td><span style=\"font-weight: 400;\">Teneur en nicotine<\/span><\/td>\n<td><span style=\"font-weight: 400;\">25 mg\/g<\/span><\/td>\n<\/tr>\n<tr>\n<td><span style=\"font-weight: 400;\">Format de la pochette<\/span><\/td>\n<td><span style=\"font-weight: 400;\">Mince<\/span><\/td>\n<\/tr>\n<tr>\n<td><span style=\"font-weight: 400;\">Producteur<\/span><\/td>\n<td><span style=\"font-weight: 400;\">boucle<\/span><\/td>\n<\/tr>\n<tr>\n<td><span style=\"font-weight: 400;\">Saveur<\/span><\/td>\n<td><span style=\"font-weight: 400;\">Menthe Glac\u00e9e Fra\u00eeche<\/span><\/td>\n<\/tr>\n<tr>\n<td><span style=\"font-weight: 400;\">Taper<\/span><\/td>\n<td><span style=\"font-weight: 400;\">Pochette enti\u00e8rement blanche, sans tabac<\/span><\/td>\n<\/tr>\n<\/tbody>\n<\/table>","protected":false},"excerpt":{"rendered":"<p>Frais, vivifiant <strong data-start=\"20\" data-end=\"37\">glace menthe fra\u00eeche<\/strong> avec une fra\u00eecheur propre et rafra\u00eechissante. <strong data-start=\"70\" data-end=\"78\">Mince<\/strong>, Les sachets sans tabac s'ins\u00e8rent discr\u00e8tement sous la l\u00e8vre pour une utilisation confortable en d\u00e9placement. Fournit une <strong data-start=\"173\" data-end=\"203\">un taux de nicotine \u00e9quilibr\u00e9<\/strong> avec un fini menthe revitalisant.<\/p>","protected":false},"featured_media":9634,"comment_status":"open","ping_status":"closed","template":"","format":[206],"meta":{"_acf_changed":false},"product_brand":[],"product_cat":[32],"product_tag":[17005],"flavours":[199],"nicotine":[232,219],"class_list":{"0":"post-9633","1":"product","2":"type-product","3":"status-publish","4":"has-post-thumbnail","6":"product_cat-loop","7":"product_tag-15-6-mg-pouch","8":"pa_quantity-1-pack","9":"pa_quantity-10-pack","10":"pa_quantity-3-pack","11":"pa_quantity-30-pack","12":"pa_quantity-5-pack","13":"pa_quantity-60-pack","14":"flavours-mint","15":"format-slim","16":"nicotine-extra-strong","17":"nicotine-25-mg-g","19":"first","20":"instock","21":"taxable","22":"shipping-taxable","23":"purchasable","24":"product-type-variable","25":"has-default-attributes"},"acf":[],"_links":{"self":[{"href":"https:\/\/whitelip.com\/fr\/wp-json\/wp\/v2\/product\/9633","targetHints":{"allow":["GET"]}}],"collection":[{"href":"https:\/\/whitelip.com\/fr\/wp-json\/wp\/v2\/product"}],"about":[{"href":"https:\/\/whitelip.com\/fr\/wp-json\/wp\/v2\/types\/product"}],"replies":[{"embeddable":true,"href":"https:\/\/whitelip.com\/fr\/wp-json\/wp\/v2\/comments?post=9633"}],"wp:featuredmedia":[{"embeddable":true,"href":"https:\/\/whitelip.com\/fr\/wp-json\/wp\/v2\/media\/9634"}],"wp:attachment":[{"href":"https:\/\/whitelip.com\/fr\/wp-json\/wp\/v2\/media?parent=9633"}],"wp:term":[{"taxonomy":"product_brand","embeddable":true,"href":"https:\/\/whitelip.com\/fr\/wp-json\/wp\/v2\/product_brand?post=9633"},{"taxonomy":"product_cat","embeddable":true,"href":"https:\/\/whitelip.com\/fr\/wp-json\/wp\/v2\/product_cat?post=9633"},{"taxonomy":"product_tag","embeddable":true,"href":"https:\/\/whitelip.com\/fr\/wp-json\/wp\/v2\/product_tag?post=9633"},{"taxonomy":"flavours","embeddable":true,"href":"https:\/\/whitelip.com\/fr\/wp-json\/wp\/v2\/flavours?post=9633"},{"taxonomy":"format","embeddable":true,"href":"https:\/\/whitelip.com\/fr\/wp-json\/wp\/v2\/format?post=9633"},{"taxonomy":"nicotine","embeddable":true,"href":"https:\/\/whitelip.com\/fr\/wp-json\/wp\/v2\/nicotine?post=9633"}],"curies":[{"name":"wp","href":"https:\/\/api.w.org\/{rel}","templated":true}]}}