{"id":9628,"date":"2025-01-31T09:59:25","date_gmt":"2025-01-31T09:59:25","guid":{"rendered":"https:\/\/whitelip.com\/loop-jalapeno-lime-2\/"},"modified":"2026-04-29T10:11:31","modified_gmt":"2026-04-29T10:11:31","slug":"loop-jalapeno-lime-2","status":"publish","type":"product","link":"https:\/\/whitelip.com\/fr\/loop\/loop-jalapeno-lime-2\/","title":{"rendered":"LOOP Jalape\u00f1o Lime #2"},"content":{"rendered":"<h2><strong>LOOP Jalape\u00f1o Lime #2<\/strong><\/h2>\n<p><span style=\"font-weight: 400;\">LOOP Jalape\u00f1o Lime #2 offre un m\u00e9lange audacieux et rafra\u00eechissant de citron vert piquant et de jalape\u00f1o \u00e9pic\u00e9, cr\u00e9ant ainsi une exp\u00e9rience gustative unique et dynamique. Ces sachets de nicotine minces offrent un taux de nicotine mod\u00e9r\u00e9, ce qui les rend id\u00e9aux pour les utilisateurs \u00e0 la recherche d'une option savoureuse et \u00e9quilibr\u00e9e. Con\u00e7u pour une utilisation discr\u00e8te, LOOP Jalape\u00f1o Lime #2 se place confortablement sous la l\u00e8vre, garantissant une exp\u00e9rience nicotinique pratique et revigorante. Sa combinaison vibrante d'\u00e9pices et d'agrumes garantit une sensation vraiment distinctive.<\/span><\/p>\n<table>\n<tbody>\n<tr>\n<td><b>Attribut<\/b><\/td>\n<td><b>D\u00e9tails<\/b><\/td>\n<\/tr>\n<tr>\n<td><span style=\"font-weight: 400;\">Contenu par bo\u00eete<\/span><\/td>\n<td><span style=\"font-weight: 400;\">12g (20 sachets)<\/span><\/td>\n<\/tr>\n<tr>\n<td><span style=\"font-weight: 400;\">Teneur en nicotine<\/span><\/td>\n<td><span style=\"font-weight: 400;\">10 mg\/g<\/span><\/td>\n<\/tr>\n<tr>\n<td><span style=\"font-weight: 400;\">Format de la pochette<\/span><\/td>\n<td><span style=\"font-weight: 400;\">Mince<\/span><\/td>\n<\/tr>\n<tr>\n<td><span style=\"font-weight: 400;\">Producteur<\/span><\/td>\n<td><span style=\"font-weight: 400;\">boucle<\/span><\/td>\n<\/tr>\n<tr>\n<td><span style=\"font-weight: 400;\">Saveur<\/span><\/td>\n<td><span style=\"font-weight: 400;\">Jalape\u00f1o et Citron Vert<\/span><\/td>\n<\/tr>\n<tr>\n<td><span style=\"font-weight: 400;\">Taper<\/span><\/td>\n<td><span style=\"font-weight: 400;\">Pochette enti\u00e8rement blanche, sans tabac<\/span><\/td>\n<\/tr>\n<\/tbody>\n<\/table>","protected":false},"excerpt":{"rendered":"<p>Audacieux, piquant <strong data-start=\"12\" data-end=\"29\">jalape\u00f1o citron vert<\/strong> avec une touche \u00e9pic\u00e9e et une touche d'agrumes. <strong data-start=\"65\" data-end=\"73\">Mince<\/strong>, Les sachets sans tabac se placent discr\u00e8tement sous la l\u00e8vre pour une utilisation pratique. Ils offrent un taux de nicotine mod\u00e9r\u00e9 pour un lift savoureux et \u00e9quilibr\u00e9.<\/p>","protected":false},"featured_media":3224,"comment_status":"open","ping_status":"closed","template":"","format":[206],"meta":{"_acf_changed":false},"product_brand":[],"product_cat":[32],"product_tag":[17013],"flavours":[187,190],"nicotine":[207,236],"class_list":{"0":"post-9628","1":"product","2":"type-product","3":"status-publish","4":"has-post-thumbnail","6":"product_cat-loop","7":"product_tag-6-3-mg-pouch","8":"pa_quantity-1-pack","9":"pa_quantity-10-pack","10":"pa_quantity-3-pack","11":"pa_quantity-30-pack","12":"pa_quantity-5-pack","13":"pa_quantity-60-pack","14":"flavours-chili","15":"flavours-citrus","16":"format-slim","17":"nicotine-10-mg-g","18":"nicotine-strong","20":"first","21":"instock","22":"taxable","23":"shipping-taxable","24":"purchasable","25":"product-type-variable"},"acf":[],"_links":{"self":[{"href":"https:\/\/whitelip.com\/fr\/wp-json\/wp\/v2\/product\/9628","targetHints":{"allow":["GET"]}}],"collection":[{"href":"https:\/\/whitelip.com\/fr\/wp-json\/wp\/v2\/product"}],"about":[{"href":"https:\/\/whitelip.com\/fr\/wp-json\/wp\/v2\/types\/product"}],"replies":[{"embeddable":true,"href":"https:\/\/whitelip.com\/fr\/wp-json\/wp\/v2\/comments?post=9628"}],"wp:featuredmedia":[{"embeddable":true,"href":"https:\/\/whitelip.com\/fr\/wp-json\/wp\/v2\/media\/3224"}],"wp:attachment":[{"href":"https:\/\/whitelip.com\/fr\/wp-json\/wp\/v2\/media?parent=9628"}],"wp:term":[{"taxonomy":"product_brand","embeddable":true,"href":"https:\/\/whitelip.com\/fr\/wp-json\/wp\/v2\/product_brand?post=9628"},{"taxonomy":"product_cat","embeddable":true,"href":"https:\/\/whitelip.com\/fr\/wp-json\/wp\/v2\/product_cat?post=9628"},{"taxonomy":"product_tag","embeddable":true,"href":"https:\/\/whitelip.com\/fr\/wp-json\/wp\/v2\/product_tag?post=9628"},{"taxonomy":"flavours","embeddable":true,"href":"https:\/\/whitelip.com\/fr\/wp-json\/wp\/v2\/flavours?post=9628"},{"taxonomy":"format","embeddable":true,"href":"https:\/\/whitelip.com\/fr\/wp-json\/wp\/v2\/format?post=9628"},{"taxonomy":"nicotine","embeddable":true,"href":"https:\/\/whitelip.com\/fr\/wp-json\/wp\/v2\/nicotine?post=9628"}],"curies":[{"name":"wp","href":"https:\/\/api.w.org\/{rel}","templated":true}]}}