{"id":96175,"date":"2026-04-27T12:12:13","date_gmt":"2026-04-27T12:12:13","guid":{"rendered":"https:\/\/whitelip.com\/?post_type=product&#038;p=96175"},"modified":"2026-04-29T10:11:36","modified_gmt":"2026-04-29T10:11:36","slug":"x-booster-bubble-gum-caffeine-exp-05-22-2026","status":"publish","type":"product","link":"https:\/\/whitelip.com\/fr\/x-booster\/x-booster-bubble-gum-caffeine-exp-05-22-2026\/","title":{"rendered":"X-BOOSTER Bubble Gum Caffeine Exp.05\/22\/2026"},"content":{"rendered":"<h2>X-BOOSTER Bubble Gum Caffeine Exp.05\/22\/2026<\/h2>\n<p class=\"\" data-start=\"76\" data-end=\"609\">Les sachets de caf\u00e9ine X-BOOSTER Bubble Gum offrent une saveur de bubble gum douce et \u00e9quilibr\u00e9e. Chaque sachet mince et blanc contient 80 mg de caf\u00e9ine, offrant un coup de fouet qui convient \u00e0 tous ceux qui appr\u00e9cient une saveur \u00e9quilibr\u00e9e et une intensit\u00e9 constante. Discret, confortable et sans tache, X-BOOSTER Cool Mint Caffeine est fabriqu\u00e9 par 77 Group pour garantir une haute qualit\u00e9, un go\u00fbt audacieux et une exp\u00e9rience sans nicotine.<\/p>\n<table>\n<tbody>\n<tr>\n<td><b>Attribut<\/b><\/td>\n<td><b>D\u00e9tails<\/b><\/td>\n<\/tr>\n<tr>\n<td><b>Contenu par bo\u00eete<\/b><\/td>\n<td><span style=\"font-weight: 400;\">13g (20 sachets)<\/span><\/td>\n<\/tr>\n<tr>\n<td><b>Teneur en nicotine<\/b><\/td>\n<td><span style=\"font-weight: 400;\">80 mg\/pochette<\/span><\/td>\n<\/tr>\n<tr>\n<td><b>Format de la pochette<\/b><\/td>\n<td><span style=\"font-weight: 400;\">Mince<\/span><\/td>\n<\/tr>\n<tr>\n<td><b>Producteur<\/b><\/td>\n<td><span style=\"font-weight: 400;\">77 Groupe<\/span><\/td>\n<\/tr>\n<tr>\n<td><b>Saveur<\/b><\/td>\n<td><span style=\"font-weight: 400;\">Chewing-gum<\/span><\/td>\n<\/tr>\n<tr>\n<td><b>Taper<\/b><\/td>\n<td><span style=\"font-weight: 400;\">Pochette toute blanche<\/span><\/td>\n<\/tr>\n<\/tbody>\n<\/table>","protected":false},"excerpt":{"rendered":"<p>X-BOOSTER <strong data-start=\"10\" data-end=\"24\">Chewing-gum<\/strong> offre un go\u00fbt de bubble-gum doux et \u00e9quilibr\u00e9. Les <strong data-start=\"75\" data-end=\"83\">mince<\/strong>, Les poches blanches sont discr\u00e8tes, confortables et sans taches. Chaque pochette contient <strong data-start=\"162\" data-end=\"180\">80 mg de caf\u00e9ine<\/strong> pour une intensit\u00e9 constante. Fabriqu\u00e9 par le Groupe 77 pour une qualit\u00e9 sup\u00e9rieure, un go\u00fbt prononc\u00e9, une exp\u00e9rience sans tabac et sans nicotine.<\/p>","protected":false},"featured_media":28031,"comment_status":"open","ping_status":"closed","template":"","format":[],"meta":{"_acf_changed":false},"product_brand":[],"product_cat":[241],"product_tag":[17015],"flavours":[],"nicotine":[],"class_list":{"0":"post-96175","1":"product","2":"type-product","3":"status-publish","4":"has-post-thumbnail","6":"product_cat-x-booster","7":"product_tag-50-off","8":"pa_quantity-1-pack","9":"pa_quantity-10-pack","10":"pa_quantity-3-pack","11":"pa_quantity-30-pack","12":"pa_quantity-5-pack","13":"pa_quantity-60-pack","15":"first","16":"instock","17":"sale","18":"taxable","19":"shipping-taxable","20":"purchasable","21":"product-type-variable"},"acf":[],"_links":{"self":[{"href":"https:\/\/whitelip.com\/fr\/wp-json\/wp\/v2\/product\/96175","targetHints":{"allow":["GET"]}}],"collection":[{"href":"https:\/\/whitelip.com\/fr\/wp-json\/wp\/v2\/product"}],"about":[{"href":"https:\/\/whitelip.com\/fr\/wp-json\/wp\/v2\/types\/product"}],"replies":[{"embeddable":true,"href":"https:\/\/whitelip.com\/fr\/wp-json\/wp\/v2\/comments?post=96175"}],"wp:featuredmedia":[{"embeddable":true,"href":"https:\/\/whitelip.com\/fr\/wp-json\/wp\/v2\/media\/28031"}],"wp:attachment":[{"href":"https:\/\/whitelip.com\/fr\/wp-json\/wp\/v2\/media?parent=96175"}],"wp:term":[{"taxonomy":"product_brand","embeddable":true,"href":"https:\/\/whitelip.com\/fr\/wp-json\/wp\/v2\/product_brand?post=96175"},{"taxonomy":"product_cat","embeddable":true,"href":"https:\/\/whitelip.com\/fr\/wp-json\/wp\/v2\/product_cat?post=96175"},{"taxonomy":"product_tag","embeddable":true,"href":"https:\/\/whitelip.com\/fr\/wp-json\/wp\/v2\/product_tag?post=96175"},{"taxonomy":"flavours","embeddable":true,"href":"https:\/\/whitelip.com\/fr\/wp-json\/wp\/v2\/flavours?post=96175"},{"taxonomy":"format","embeddable":true,"href":"https:\/\/whitelip.com\/fr\/wp-json\/wp\/v2\/format?post=96175"},{"taxonomy":"nicotine","embeddable":true,"href":"https:\/\/whitelip.com\/fr\/wp-json\/wp\/v2\/nicotine?post=96175"}],"curies":[{"name":"wp","href":"https:\/\/api.w.org\/{rel}","templated":true}]}}