{"id":95378,"date":"2026-04-20T09:08:02","date_gmt":"2026-04-20T09:08:02","guid":{"rendered":"https:\/\/whitelip.com\/?post_type=product&#038;p=95378"},"modified":"2026-04-20T10:11:20","modified_gmt":"2026-04-20T10:11:20","slug":"zyn-guava-spice-11mg-exp-05-07-2026","status":"publish","type":"product","link":"https:\/\/whitelip.com\/fr\/zyn\/zyn-guava-spice-11mg-exp-05-07-2026\/","title":{"rendered":"ZYN Guava Spice 11mg Exp.05\/07\/2026"},"content":{"rendered":"<h2>ZYN Guava Spice 11mg Exp.05\/07\/2026<\/h2>\n<p><span style=\"font-weight: 400;\">ZYN Guava Spice 11mg d\u00e9livre une <\/span><b>Go\u00fbt de goyave \u00e9pic\u00e9 et rafra\u00eechissant<\/b><span style=\"font-weight: 400;\">, renforc\u00e9e par une forte <\/span><b>effet de chauffage<\/b><span style=\"font-weight: 400;\">, Le profil pur et \u00e9pic\u00e9 offre une sensation douce et rafra\u00eechissante, parfaite pour les amateurs de go\u00fbt \u00e9pic\u00e9 et pur. Le profil pur et \u00e9pic\u00e9 offre une sensation douce et rafra\u00eechissante, parfaite pour ceux qui appr\u00e9cient un go\u00fbt propre et \u00e9pic\u00e9. Chaque sachet mince, enti\u00e8rement blanc, contient <\/span><b>11 mg de nicotine<\/b><span style=\"font-weight: 400;\">, La nicotine est lib\u00e9r\u00e9e de mani\u00e8re forte et r\u00e9guli\u00e8re, ce qui convient aux utilisateurs qui recherchent une exp\u00e9rience nicotinique plus intense.<\/span><\/p>\n<p><span style=\"font-weight: 400;\">Le format fin assure une tenue discr\u00e8te et confortable sous la l\u00e8vre, permettant une utilisation propre et sans tache, partout et \u00e0 tout moment. Enti\u00e8rement sans tabac et fabriqu\u00e9 \u00e0 partir de mat\u00e9riaux v\u00e9g\u00e9taux de haute qualit\u00e9, ZYN Guava Spice 11mg offre une alternative moderne et satisfaisante \u00e0 la nicotine avec une sensation audacieuse et rafra\u00eechissante de goyave \u00e9pic\u00e9e.<\/span><\/p>\n<table>\n<tbody>\n<tr>\n<td><b>Attribut<\/b><\/td>\n<td><b>D\u00e9tails<\/b><\/td>\n<\/tr>\n<tr>\n<td><b>Marque<\/b><\/td>\n<td><span style=\"font-weight: 400;\">ZYN<\/span><\/td>\n<\/tr>\n<tr>\n<td><b>Type de produit<\/b><\/td>\n<td><span style=\"font-weight: 400;\">Tous les sachets de nicotine blancs<\/span><\/td>\n<\/tr>\n<tr>\n<td><b>Format<\/b><\/td>\n<td><span style=\"font-weight: 400;\">Mince<\/span><\/td>\n<\/tr>\n<tr>\n<td><b>Saveur<\/b><\/td>\n<td><span style=\"font-weight: 400;\">Goyave<\/span><\/td>\n<\/tr>\n<tr>\n<td><b>Intensit\u00e9 de la nicotine<\/b><\/td>\n<td><span style=\"font-weight: 400;\">11 mg par sachet<\/span><\/td>\n<\/tr>\n<tr>\n<td><b>Poids de la portion<\/b><\/td>\n<td><span style=\"font-weight: 400;\">0,7 grammes<\/span><\/td>\n<\/tr>\n<tr>\n<td><b>Nombre de portions<\/b><\/td>\n<td><span style=\"font-weight: 400;\">21 par bo\u00eete<\/span><\/td>\n<\/tr>\n<tr>\n<td><b>Poids total de la bo\u00eete<\/b><\/td>\n<td><span style=\"font-weight: 400;\">14,7 grammes<\/span><\/td>\n<\/tr>\n<tr>\n<td><b>Fabricant<\/b><\/td>\n<td><span style=\"font-weight: 400;\">Swedish Match<\/span><\/td>\n<\/tr>\n<tr>\n<td><b>Caract\u00e9ristiques notables<\/b><\/td>\n<td><span style=\"font-weight: 400;\">Sans tabac, format mince, go\u00fbt fort de menthe avec un effet rafra\u00eechissant<\/span><\/td>\n<\/tr>\n<\/tbody>\n<\/table>","protected":false},"excerpt":{"rendered":"<p>ZYN <strong data-start=\"4\" data-end=\"19\">Epices de goyave<\/strong> <strong data-start=\"20\" data-end=\"28\">mince<\/strong> offre une goyave \u00e9pic\u00e9e et rafra\u00eechissante avec un fort effet chauffant pour un profil propre et revigorant. Chaque sachet contient <strong data-start=\"146\" data-end=\"164\">11 mg de nicotine<\/strong> pour une lib\u00e9ration forte et r\u00e9guli\u00e8re.<\/p>","protected":false},"featured_media":29223,"comment_status":"open","ping_status":"closed","template":"","format":[],"meta":{"_acf_changed":false},"product_brand":[],"product_cat":[37],"product_tag":[16551,16519],"flavours":[],"nicotine":[],"class_list":{"0":"post-95378","1":"product","2":"type-product","3":"status-publish","4":"has-post-thumbnail","6":"product_cat-zyn","7":"product_tag-11-mg-pouch","8":"product_tag-25-off","9":"pa_quantity-1-pack","10":"pa_quantity-10-pack","11":"pa_quantity-3-pack","12":"pa_quantity-30-pack","13":"pa_quantity-5-pack","14":"pa_quantity-60-pack","16":"first","17":"instock","18":"sale","19":"purchasable","20":"product-type-variable"},"acf":[],"_links":{"self":[{"href":"https:\/\/whitelip.com\/fr\/wp-json\/wp\/v2\/product\/95378","targetHints":{"allow":["GET"]}}],"collection":[{"href":"https:\/\/whitelip.com\/fr\/wp-json\/wp\/v2\/product"}],"about":[{"href":"https:\/\/whitelip.com\/fr\/wp-json\/wp\/v2\/types\/product"}],"replies":[{"embeddable":true,"href":"https:\/\/whitelip.com\/fr\/wp-json\/wp\/v2\/comments?post=95378"}],"wp:featuredmedia":[{"embeddable":true,"href":"https:\/\/whitelip.com\/fr\/wp-json\/wp\/v2\/media\/29223"}],"wp:attachment":[{"href":"https:\/\/whitelip.com\/fr\/wp-json\/wp\/v2\/media?parent=95378"}],"wp:term":[{"taxonomy":"product_brand","embeddable":true,"href":"https:\/\/whitelip.com\/fr\/wp-json\/wp\/v2\/product_brand?post=95378"},{"taxonomy":"product_cat","embeddable":true,"href":"https:\/\/whitelip.com\/fr\/wp-json\/wp\/v2\/product_cat?post=95378"},{"taxonomy":"product_tag","embeddable":true,"href":"https:\/\/whitelip.com\/fr\/wp-json\/wp\/v2\/product_tag?post=95378"},{"taxonomy":"flavours","embeddable":true,"href":"https:\/\/whitelip.com\/fr\/wp-json\/wp\/v2\/flavours?post=95378"},{"taxonomy":"format","embeddable":true,"href":"https:\/\/whitelip.com\/fr\/wp-json\/wp\/v2\/format?post=95378"},{"taxonomy":"nicotine","embeddable":true,"href":"https:\/\/whitelip.com\/fr\/wp-json\/wp\/v2\/nicotine?post=95378"}],"curies":[{"name":"wp","href":"https:\/\/api.w.org\/{rel}","templated":true}]}}