{"id":9520,"date":"2025-01-03T12:09:01","date_gmt":"2025-01-03T12:09:01","guid":{"rendered":"https:\/\/whitelip.com\/xqs-berrynana-twist-strong\/"},"modified":"2026-05-12T10:11:36","modified_gmt":"2026-05-12T10:11:36","slug":"xqs-berrynana-twist-strong","status":"publish","type":"product","link":"https:\/\/whitelip.com\/fr\/xqs\/xqs-berrynana-twist-strong\/","title":{"rendered":"XQS Berrynana Twist Strong"},"content":{"rendered":"<h2><strong>XQS Berrynana Twist Strong<\/strong><\/h2>\n<p>XQS Berrynana Twist Strong est une pochette de nicotine enti\u00e8rement blanche avec un go\u00fbt de fraise et banane. Les pochettes se pr\u00e9sentent dans un format mince avec une concentration de nicotine de 16 mg\/g.<\/p>\n<ul>\n<li>Saveur : Fraise et banane<\/li>\n<li>Format : Slim<\/li>\n<li>Nicotine : 16 mg\/g<\/li>\n<li>Pochettes : 20 pi\u00e8ces<\/li>\n<li>Poids : 10 g<\/li>\n<li>Marque : <a href=\"https:\/\/whitelip.se\/en\/xqs\/\" target=\"_blank\" rel=\"noopener\">XQS<\/a><\/li>\n<li>Fabricant : <a href=\"https:\/\/www.st-group.com\/\" target=\"_blank\" rel=\"noopener\">Insurgent Ventures II<\/a><\/li>\n<\/ul>\n<p><em><strong>A propos de la marque : XQS<\/strong><\/em><\/p>\n<p>Explorez un monde de saveurs et de commodit\u00e9 avec les sachets de nicotine XQS - une gamme qui offre une vari\u00e9t\u00e9 de saveurs et une discr\u00e9tion exceptionnelles. Avec diff\u00e9rents ar\u00f4mes et dosages de nicotine, XQS offre une solution pratique et \u00e9l\u00e9gante pour satisfaire vos besoins en nicotine. D\u00e9couvrez \u00e9galement le caract\u00e8re naturel de XQS - ses pilules sont naturellement color\u00e9es pour une exp\u00e9rience authentique et agr\u00e9able de la nicotine. Explorez la vaste gamme de sachets de nicotine XQS et trouvez votre pr\u00e9f\u00e9r\u00e9 pour une exp\u00e9rience nicotinique agr\u00e9able et personnalis\u00e9e \u00e0 votre convenance.<\/p>\n<p><em><strong>A propos de Whitelip.se :\u00a0<\/strong><\/em><\/p>\n<p><span data-contrast=\"auto\">Bienvenue sur Whitelip.se, votre destination ultime pour des sachets de nicotine de haute qualit\u00e9. Explorez notre vaste gamme de produits con\u00e7us pour r\u00e9pondre \u00e0 vos besoins en nicotine, avec des livraisons aux \u00c9tats-Unis et en Europe, toutes commod\u00e9ment disponibles avec des options de livraison gratuite \u00e0 la caisse. Am\u00e9liorez votre satisfaction \u00e0 chaque achat, car nous vous proposons des marques de premier ordre et une livraison sans faille \u00e0 votre porte. Faites l'exp\u00e9rience de la commodit\u00e9 ultime et de la qualit\u00e9 sup\u00e9rieure uniquement chez Whitelip.se. Achetez maintenant et laissez-vous tenter par le plaisir des sachets de nicotine blancs de premi\u00e8re qualit\u00e9.<\/span><\/p>","protected":false},"excerpt":{"rendered":"<p>XQS Berrynana Twist Strong est une pochette de nicotine enti\u00e8rement blanche avec un go\u00fbt de <strong>fraise et banane<\/strong>. Les pochettes se pr\u00e9sentent dans un <strong>mince<\/strong> avec un taux de nicotine de <strong>16 mg\/g<\/strong>.<\/p>","protected":false},"featured_media":63912,"comment_status":"open","ping_status":"closed","template":"","format":[206],"meta":{"_acf_changed":false},"product_brand":[],"product_cat":[27],"product_tag":[16583],"flavours":[196],"nicotine":[213,232],"class_list":{"0":"post-9520","1":"product","2":"type-product","3":"status-publish","4":"has-post-thumbnail","6":"product_cat-xqs","7":"product_tag-8-mg-pouch","8":"pa_quantity-1-pack","9":"pa_quantity-10-pack","10":"pa_quantity-3-pack","11":"pa_quantity-30-pack","12":"pa_quantity-5-pack","13":"pa_quantity-60-pack","14":"flavours-fruits-berries","15":"format-slim","16":"nicotine-16-mg-g","17":"nicotine-extra-strong","19":"first","20":"instock","21":"taxable","22":"shipping-taxable","23":"purchasable","24":"product-type-variable"},"acf":[],"_links":{"self":[{"href":"https:\/\/whitelip.com\/fr\/wp-json\/wp\/v2\/product\/9520","targetHints":{"allow":["GET"]}}],"collection":[{"href":"https:\/\/whitelip.com\/fr\/wp-json\/wp\/v2\/product"}],"about":[{"href":"https:\/\/whitelip.com\/fr\/wp-json\/wp\/v2\/types\/product"}],"replies":[{"embeddable":true,"href":"https:\/\/whitelip.com\/fr\/wp-json\/wp\/v2\/comments?post=9520"}],"wp:featuredmedia":[{"embeddable":true,"href":"https:\/\/whitelip.com\/fr\/wp-json\/wp\/v2\/media\/63912"}],"wp:attachment":[{"href":"https:\/\/whitelip.com\/fr\/wp-json\/wp\/v2\/media?parent=9520"}],"wp:term":[{"taxonomy":"product_brand","embeddable":true,"href":"https:\/\/whitelip.com\/fr\/wp-json\/wp\/v2\/product_brand?post=9520"},{"taxonomy":"product_cat","embeddable":true,"href":"https:\/\/whitelip.com\/fr\/wp-json\/wp\/v2\/product_cat?post=9520"},{"taxonomy":"product_tag","embeddable":true,"href":"https:\/\/whitelip.com\/fr\/wp-json\/wp\/v2\/product_tag?post=9520"},{"taxonomy":"flavours","embeddable":true,"href":"https:\/\/whitelip.com\/fr\/wp-json\/wp\/v2\/flavours?post=9520"},{"taxonomy":"format","embeddable":true,"href":"https:\/\/whitelip.com\/fr\/wp-json\/wp\/v2\/format?post=9520"},{"taxonomy":"nicotine","embeddable":true,"href":"https:\/\/whitelip.com\/fr\/wp-json\/wp\/v2\/nicotine?post=9520"}],"curies":[{"name":"wp","href":"https:\/\/api.w.org\/{rel}","templated":true}]}}