{"id":9506,"date":"2024-12-10T11:14:40","date_gmt":"2024-12-10T11:14:40","guid":{"rendered":"https:\/\/whitelip.com\/zxs-exotic-chill-jumbo-can\/"},"modified":"2026-04-30T03:24:09","modified_gmt":"2026-04-30T03:24:09","slug":"zxs-exotic-chill-jumbo-can","status":"publish","type":"product","link":"https:\/\/whitelip.com\/fr\/jumbo-can\/zxs-exotic-chill-jumbo-can\/","title":{"rendered":"Z!XS Exotic Chill Jumbo Can"},"content":{"rendered":"<h2><b>Z!XS Exotic Chill Jumbo Can<\/b><\/h2>\n<p><span style=\"font-weight: 400;\">Z!XS Exotic Chill Jumbo Can offre un m\u00e9lange unique de <\/span><b>ar\u00f4mes de fruits tropicaux<\/b><span style=\"font-weight: 400;\"> associ\u00e9 \u00e0 un subtil <\/span><b>sensation de fra\u00eecheur<\/b><span style=\"font-weight: 400;\">, Les sachets contiennent de la nicotine, ce qui offre une exp\u00e9rience nicotinique rafra\u00eechissante et vibrante. Parfait pour les utilisateurs qui appr\u00e9cient une touche fruit\u00e9e et revigorante, chaque sachet mince, enti\u00e8rement blanc, contient <\/span><b>12 mg de nicotine<\/b><span style=\"font-weight: 400;\">, La force de lib\u00e9ration est puissante et r\u00e9guli\u00e8re, id\u00e9ale pour les utilisateurs exp\u00e9riment\u00e9s \u00e0 la recherche d'une force suppl\u00e9mentaire.<\/span><\/p>\n<p><span style=\"font-weight: 400;\">Emball\u00e9 dans un <\/span><b>bo\u00eete jumbo<\/b><span style=\"font-weight: 400;\"> Avec ses 320 portions, Z!XS Exotic Chill est id\u00e9al pour une utilisation prolong\u00e9e, offrant un excellent rapport qualit\u00e9-prix et une grande commodit\u00e9. Le format mince assure une tenue confortable et discr\u00e8te sous la l\u00e8vre, tandis que la conception sans tabac garantit un plaisir propre et sans tache. Z!XS Exotic Chill Jumbo Can est le choix parfait pour ceux qui ont envie d'une saveur tropicale audacieuse combin\u00e9e \u00e0 un fini frais et rafra\u00eechissant.<\/span><\/p>\n<table>\n<tbody>\n<tr>\n<td><b>Attribut<\/b><\/td>\n<td><b>D\u00e9tails<\/b><\/td>\n<\/tr>\n<tr>\n<td><b>Marque<\/b><\/td>\n<td><span style=\"font-weight: 400;\">Z!XS<\/span><\/td>\n<\/tr>\n<tr>\n<td><b>Type de produit<\/b><\/td>\n<td><span style=\"font-weight: 400;\">Tous les sachets de nicotine blancs<\/span><\/td>\n<\/tr>\n<tr>\n<td><b>Format<\/b><\/td>\n<td><span style=\"font-weight: 400;\">Mince<\/span><\/td>\n<\/tr>\n<tr>\n<td><b>Saveur<\/b><\/td>\n<td><span style=\"font-weight: 400;\">Fruits tropicaux et refroidissement<\/span><\/td>\n<\/tr>\n<tr>\n<td><b>Intensit\u00e9 de la nicotine<\/b><\/td>\n<td><span style=\"font-weight: 400;\">12 mg par sachet<\/span><\/td>\n<\/tr>\n<tr>\n<td><b>Poids de la portion<\/b><\/td>\n<td><span style=\"font-weight: 400;\">0,7 grammes<\/span><\/td>\n<\/tr>\n<tr>\n<td><b>Nombre de portions<\/b><\/td>\n<td><span style=\"font-weight: 400;\">320 par canette (Bo\u00eete Jumbo)<\/span><\/td>\n<\/tr>\n<tr>\n<td><b>Poids total de la bo\u00eete<\/b><\/td>\n<td><span style=\"font-weight: 400;\">46,2 grammes<\/span><\/td>\n<\/tr>\n<tr>\n<td><b>Fabricant<\/b><\/td>\n<td><span style=\"font-weight: 400;\">Z!XS International<\/span><\/td>\n<\/tr>\n<tr>\n<td><b>Caract\u00e9ristiques notables<\/b><\/td>\n<td><span style=\"font-weight: 400;\">Sans tabac, format slim, saveur de fruit tropical avec sensation de refroidissement, grande bo\u00eete avec 66 portions<\/span><\/td>\n<\/tr>\n<\/tbody>\n<\/table>","protected":false},"excerpt":{"rendered":"<p>Z!XS <strong data-start=\"5\" data-end=\"21\">Refroidissement exotique<\/strong> <strong data-start=\"22\" data-end=\"38\">Extra fort<\/strong> m\u00e9lange des fruits tropicaux avec une subtile finale rafra\u00eechissante pour un profil rafra\u00eechissant et vibrant. La <strong data-start=\"130\" data-end=\"138\">mince<\/strong>, Les pochettes enti\u00e8rement blanches sont discr\u00e8tes et confortables. Chaque pochette contient <strong data-start=\"208\" data-end=\"226\">12 mg de nicotine<\/strong>, Les utilisateurs exp\u00e9riment\u00e9s peuvent ainsi b\u00e9n\u00e9ficier d'une lib\u00e9ration puissante et r\u00e9guli\u00e8re. La bo\u00eete jumbo contient environ <strong>320 Slim<\/strong> Les bo\u00eetes de conserve peuvent \u00eatre utilis\u00e9es dans des sachets en plastique, ce qui permet d'obtenir un volume nettement sup\u00e9rieur \u00e0 celui des bo\u00eetes de conserve standard.<\/p>","protected":false},"featured_media":9507,"comment_status":"open","ping_status":"closed","template":"","format":[206],"meta":{"_acf_changed":false},"product_brand":[],"product_cat":[92,39],"product_tag":[16561],"flavours":[196],"nicotine":[213,232],"class_list":{"0":"post-9506","1":"product","2":"type-product","3":"status-publish","4":"has-post-thumbnail","6":"product_cat-jumbo-can","7":"product_cat-zxs","8":"product_tag-12-mg-pouch","9":"pa_quantity-1-pack","10":"pa_quantity-10-pack","11":"pa_quantity-2-pack","12":"pa_quantity-3-pack","13":"pa_quantity-30-pack","14":"pa_quantity-5-pack","15":"pa_quantity-60-pack","16":"flavours-fruits-berries","17":"format-slim","18":"nicotine-16-mg-g","19":"nicotine-extra-strong","21":"first","22":"instock","23":"taxable","24":"shipping-taxable","25":"purchasable","26":"product-type-variable"},"acf":[],"_links":{"self":[{"href":"https:\/\/whitelip.com\/fr\/wp-json\/wp\/v2\/product\/9506","targetHints":{"allow":["GET"]}}],"collection":[{"href":"https:\/\/whitelip.com\/fr\/wp-json\/wp\/v2\/product"}],"about":[{"href":"https:\/\/whitelip.com\/fr\/wp-json\/wp\/v2\/types\/product"}],"replies":[{"embeddable":true,"href":"https:\/\/whitelip.com\/fr\/wp-json\/wp\/v2\/comments?post=9506"}],"wp:featuredmedia":[{"embeddable":true,"href":"https:\/\/whitelip.com\/fr\/wp-json\/wp\/v2\/media\/9507"}],"wp:attachment":[{"href":"https:\/\/whitelip.com\/fr\/wp-json\/wp\/v2\/media?parent=9506"}],"wp:term":[{"taxonomy":"product_brand","embeddable":true,"href":"https:\/\/whitelip.com\/fr\/wp-json\/wp\/v2\/product_brand?post=9506"},{"taxonomy":"product_cat","embeddable":true,"href":"https:\/\/whitelip.com\/fr\/wp-json\/wp\/v2\/product_cat?post=9506"},{"taxonomy":"product_tag","embeddable":true,"href":"https:\/\/whitelip.com\/fr\/wp-json\/wp\/v2\/product_tag?post=9506"},{"taxonomy":"flavours","embeddable":true,"href":"https:\/\/whitelip.com\/fr\/wp-json\/wp\/v2\/flavours?post=9506"},{"taxonomy":"format","embeddable":true,"href":"https:\/\/whitelip.com\/fr\/wp-json\/wp\/v2\/format?post=9506"},{"taxonomy":"nicotine","embeddable":true,"href":"https:\/\/whitelip.com\/fr\/wp-json\/wp\/v2\/nicotine?post=9506"}],"curies":[{"name":"wp","href":"https:\/\/api.w.org\/{rel}","templated":true}]}}