{"id":9494,"date":"2024-12-05T14:40:24","date_gmt":"2024-12-05T14:40:24","guid":{"rendered":"https:\/\/whitelip.com\/gilo-lemon-chock\/"},"modified":"2026-03-05T11:31:26","modified_gmt":"2026-03-05T11:31:26","slug":"gilo-lemon-chock","status":"publish","type":"product","link":"https:\/\/whitelip.com\/fr\/gilo\/gilo-lemon-chock\/","title":{"rendered":"GILO Lemon Chock"},"content":{"rendered":"<h2><b>GILO Lemon Chock<\/b><\/h2>\n<p><span style=\"font-weight: 400;\">Les sachets de nicotine GILO Lemon Chock offrent une saveur de citron zest\u00e9e et rafra\u00eechissante, capturant l'essence des citrons m\u00fbris au soleil. Chaque sachet contient 8 mg de nicotine, offrant une exp\u00e9rience \u00e9quilibr\u00e9e et satisfaisante pour les nouveaux utilisateurs comme pour les plus exp\u00e9riment\u00e9s. Le design fin assure une tenue discr\u00e8te, permettant une utilisation pratique sans tacher les dents. Produites par GILO, une marque connue pour son engagement en faveur de la qualit\u00e9 et de profils aromatiques innovants, ces pochettes t\u00e9moignent de normes \u00e9lev\u00e9es et d'une volont\u00e9 d'am\u00e9liorer l'exp\u00e9rience de l'utilisateur.<\/span><\/p>\n<p><b>Sp\u00e9cifications<\/b><\/p>\n<table>\n<tbody>\n<tr>\n<td><b>Attribut<\/b><\/td>\n<td><b>D\u00e9tails<\/b><\/td>\n<\/tr>\n<tr>\n<td><b>Teneur en nicotine<\/b><\/td>\n<td><span style=\"font-weight: 400;\">8 mg par sachet<\/span><\/td>\n<\/tr>\n<tr>\n<td><b>Format de la pochette<\/b><\/td>\n<td><span style=\"font-weight: 400;\">Mince<\/span><\/td>\n<\/tr>\n<tr>\n<td><b>Saveur<\/b><\/td>\n<td><span style=\"font-weight: 400;\">Citron<\/span><\/td>\n<\/tr>\n<tr>\n<td><b>Taper<\/b><\/td>\n<td><span style=\"font-weight: 400;\">Sachet sans tabac<\/span><\/td>\n<\/tr>\n<\/tbody>\n<\/table>","protected":false},"excerpt":{"rendered":"<p><span style=\"font-weight: 400;\">Les sachets de nicotine GILO Lemon Chock offrent une saveur de citron zest\u00e9e et rafra\u00eechissante, capturant l'essence des citrons m\u00fbris au soleil. Chaque sachet contient 8 mg de nicotine, offrant une exp\u00e9rience \u00e9quilibr\u00e9e et satisfaisante pour les nouveaux utilisateurs comme pour les plus exp\u00e9riment\u00e9s. Le design fin assure une tenue discr\u00e8te, permettant une utilisation pratique sans tacher les dents. Produites par GILO, une marque connue pour son engagement en faveur de la qualit\u00e9 et de profils aromatiques innovants, ces pochettes t\u00e9moignent de normes \u00e9lev\u00e9es et d'une volont\u00e9 d'am\u00e9liorer l'exp\u00e9rience de l'utilisateur.<\/span><\/p>","protected":false},"featured_media":9495,"comment_status":"open","ping_status":"closed","template":"","format":[206],"meta":{"_acf_changed":false},"product_brand":[],"product_cat":[89],"product_tag":[16583],"flavours":[190],"nicotine":[209,232],"class_list":{"0":"post-9494","1":"product","2":"type-product","3":"status-publish","4":"has-post-thumbnail","6":"product_cat-gilo","7":"product_tag-8-mg-pouch","8":"pa_quantity-1-pack","9":"pa_quantity-10-pack","10":"pa_quantity-3-pack","11":"pa_quantity-30-pack","12":"pa_quantity-5-pack","13":"pa_quantity-60-pack","14":"flavours-citrus","15":"format-slim","16":"nicotine-12-mg-g","17":"nicotine-extra-strong","19":"first","20":"outofstock","21":"taxable","22":"shipping-taxable","23":"purchasable","24":"product-type-variable","25":"has-default-attributes"},"acf":[],"_links":{"self":[{"href":"https:\/\/whitelip.com\/fr\/wp-json\/wp\/v2\/product\/9494","targetHints":{"allow":["GET"]}}],"collection":[{"href":"https:\/\/whitelip.com\/fr\/wp-json\/wp\/v2\/product"}],"about":[{"href":"https:\/\/whitelip.com\/fr\/wp-json\/wp\/v2\/types\/product"}],"replies":[{"embeddable":true,"href":"https:\/\/whitelip.com\/fr\/wp-json\/wp\/v2\/comments?post=9494"}],"wp:featuredmedia":[{"embeddable":true,"href":"https:\/\/whitelip.com\/fr\/wp-json\/wp\/v2\/media\/9495"}],"wp:attachment":[{"href":"https:\/\/whitelip.com\/fr\/wp-json\/wp\/v2\/media?parent=9494"}],"wp:term":[{"taxonomy":"product_brand","embeddable":true,"href":"https:\/\/whitelip.com\/fr\/wp-json\/wp\/v2\/product_brand?post=9494"},{"taxonomy":"product_cat","embeddable":true,"href":"https:\/\/whitelip.com\/fr\/wp-json\/wp\/v2\/product_cat?post=9494"},{"taxonomy":"product_tag","embeddable":true,"href":"https:\/\/whitelip.com\/fr\/wp-json\/wp\/v2\/product_tag?post=9494"},{"taxonomy":"flavours","embeddable":true,"href":"https:\/\/whitelip.com\/fr\/wp-json\/wp\/v2\/flavours?post=9494"},{"taxonomy":"format","embeddable":true,"href":"https:\/\/whitelip.com\/fr\/wp-json\/wp\/v2\/format?post=9494"},{"taxonomy":"nicotine","embeddable":true,"href":"https:\/\/whitelip.com\/fr\/wp-json\/wp\/v2\/nicotine?post=9494"}],"curies":[{"name":"wp","href":"https:\/\/api.w.org\/{rel}","templated":true}]}}