{"id":94370,"date":"2026-04-13T10:08:45","date_gmt":"2026-04-13T10:08:45","guid":{"rendered":"https:\/\/whitelip.com\/?post_type=product&#038;p=94370"},"modified":"2026-04-18T17:42:36","modified_gmt":"2026-04-18T17:42:36","slug":"killa-exclusive-dark-cherry-exp-02-17-2026","status":"publish","type":"product","link":"https:\/\/whitelip.com\/fr\/killa\/killa-exclusive-dark-cherry-exp-02-17-2026\/","title":{"rendered":"KILLA Exclusive Dark Cherry Exp.02\/17\/2026"},"content":{"rendered":"<h2>KILLA Exclusive Dark Cherry Exp.02\/17\/2026<\/h2>\n<p data-start=\"528\" data-end=\"818\">KILLA Exclusive Dark Cherry est un sachet de nicotine sans tabac de la gamme KILLA Exclusive, d\u00e9velopp\u00e9 pour une exp\u00e9rience raffin\u00e9e et sans fum\u00e9e. Le produit offre une saveur de cerise noire audacieuse, d\u00e9livrant un profil de go\u00fbt l\u00e9g\u00e8rement sucr\u00e9 et profond qui se d\u00e9marque parmi les alternatives \u00e0 base de fruits.<\/p>\n<p data-start=\"820\" data-end=\"1030\">Les sachets sont con\u00e7us dans un format slim, permettant un ajustement discret et confortable sous la l\u00e8vre. Chaque sachet p\u00e8se 0,8 gramme et est optimis\u00e9 pour une lib\u00e9ration constante de saveur et de nicotine au fil du temps.<\/p>\n<p data-start=\"1032\" data-end=\"1195\">Avec une teneur en nicotine de 16,5 mg\/g, KILLA Exclusive Dark Cherry offre une force \u00e9quilibr\u00e9e adapt\u00e9e aux utilisateurs recherchant une exp\u00e9rience notable mais contr\u00f4l\u00e9e.<\/p>\n<table style=\"width: 100%; max-width: 400px;\">\n<tbody>\n<tr>\n<td><b>Attribut<\/b><\/td>\n<td><b>D\u00e9tails<\/b><\/td>\n<\/tr>\n<tr>\n<td><b>Marque<\/b><\/td>\n<td>KILLA Exclusive<\/td>\n<\/tr>\n<tr>\n<td><b>Saveur<\/b><\/td>\n<td>Cerise fonc\u00e9e<\/td>\n<\/tr>\n<tr>\n<td><b>Format de la pochette<\/b><\/td>\n<td>Mince<\/td>\n<\/tr>\n<tr>\n<td><b>Intensit\u00e9 de la nicotine<\/b><\/td>\n<td>16,5 mg\/g<\/td>\n<\/tr>\n<tr>\n<td><b>Nicotine per pouch<\/b><\/td>\n<td>13.2 mg<\/td>\n<\/tr>\n<tr>\n<td><b>Pouches per can<\/b><\/td>\n<td>20<\/td>\n<\/tr>\n<tr>\n<td><b>Weight per pouch<\/b><\/td>\n<td>0.8 g<\/td>\n<\/tr>\n<tr>\n<td><b>Net weight<\/b><\/td>\n<td>16 g<\/td>\n<\/tr>\n<tr>\n<td><b>Cat\u00e9gorie<\/b><\/td>\n<td>Tobacco-free nicotine pouches<\/td>\n<\/tr>\n<tr>\n<td><b>Taper<\/b><\/td>\n<td>Pochette toute blanche<\/td>\n<\/tr>\n<\/tbody>\n<\/table>","protected":false},"excerpt":{"rendered":"<p>KILLA Exclusive Dark Cherry est un sachet de nicotine sans tabac de la gamme KILLA Exclusive, d\u00e9velopp\u00e9 pour une exp\u00e9rience raffin\u00e9e et sans fum\u00e9e.<\/p>","protected":false},"featured_media":94378,"comment_status":"open","ping_status":"closed","template":"","format":[206],"meta":{"_acf_changed":false},"product_brand":[],"product_cat":[64],"product_tag":[16693,17015],"flavours":[],"nicotine":[213,232],"class_list":{"0":"post-94370","1":"product","2":"type-product","3":"status-publish","4":"has-post-thumbnail","6":"product_cat-killa","7":"product_tag-13-2-mg-pouch","8":"product_tag-50-off","9":"pa_quantity-1-pack","10":"pa_quantity-10-pack","11":"pa_quantity-3-pack","12":"pa_quantity-30-pack","13":"pa_quantity-5-pack","14":"pa_quantity-60-pack","15":"format-slim","16":"nicotine-16-mg-g","17":"nicotine-extra-strong","19":"first","20":"instock","21":"sale","22":"taxable","23":"shipping-taxable","24":"purchasable","25":"product-type-variable"},"acf":[],"_links":{"self":[{"href":"https:\/\/whitelip.com\/fr\/wp-json\/wp\/v2\/product\/94370","targetHints":{"allow":["GET"]}}],"collection":[{"href":"https:\/\/whitelip.com\/fr\/wp-json\/wp\/v2\/product"}],"about":[{"href":"https:\/\/whitelip.com\/fr\/wp-json\/wp\/v2\/types\/product"}],"replies":[{"embeddable":true,"href":"https:\/\/whitelip.com\/fr\/wp-json\/wp\/v2\/comments?post=94370"}],"wp:featuredmedia":[{"embeddable":true,"href":"https:\/\/whitelip.com\/fr\/wp-json\/wp\/v2\/media\/94378"}],"wp:attachment":[{"href":"https:\/\/whitelip.com\/fr\/wp-json\/wp\/v2\/media?parent=94370"}],"wp:term":[{"taxonomy":"product_brand","embeddable":true,"href":"https:\/\/whitelip.com\/fr\/wp-json\/wp\/v2\/product_brand?post=94370"},{"taxonomy":"product_cat","embeddable":true,"href":"https:\/\/whitelip.com\/fr\/wp-json\/wp\/v2\/product_cat?post=94370"},{"taxonomy":"product_tag","embeddable":true,"href":"https:\/\/whitelip.com\/fr\/wp-json\/wp\/v2\/product_tag?post=94370"},{"taxonomy":"flavours","embeddable":true,"href":"https:\/\/whitelip.com\/fr\/wp-json\/wp\/v2\/flavours?post=94370"},{"taxonomy":"format","embeddable":true,"href":"https:\/\/whitelip.com\/fr\/wp-json\/wp\/v2\/format?post=94370"},{"taxonomy":"nicotine","embeddable":true,"href":"https:\/\/whitelip.com\/fr\/wp-json\/wp\/v2\/nicotine?post=94370"}],"curies":[{"name":"wp","href":"https:\/\/api.w.org\/{rel}","templated":true}]}}