{"id":94009,"date":"2026-04-10T11:41:35","date_gmt":"2026-04-10T11:41:35","guid":{"rendered":"https:\/\/whitelip.com\/?post_type=product&#038;p=94009"},"modified":"2026-05-06T10:11:39","modified_gmt":"2026-05-06T10:11:39","slug":"mynt-winter-green-9mg","status":"publish","type":"product","link":"https:\/\/whitelip.com\/fr\/mynt\/mynt-winter-green-9mg\/","title":{"rendered":"MYNT Menthe d'Hiver 9mg"},"content":{"rendered":"<p data-start=\"212\" data-end=\"505\">MYNT Menthe d'Hiver 9mg offre une saveur de menthe poivr\u00e9e douce et rafra\u00eechissante avec une finition fra\u00eeche et propre. Le go\u00fbt m\u00e9lange des notes de menthe sucr\u00e9e avec une profondeur terreuse, offrant un profil \u00e9quilibr\u00e9 et tonifiant id\u00e9al pour une utilisation quotidienne. Il procure une exp\u00e9rience de menthe poivr\u00e9e classique qui est \u00e0 la fois audacieuse et satisfaisante sans douceur accablante.<\/p>\n<p data-start=\"507\" data-end=\"827\">Chaque sachet slim contient 9 mg de nicotine, offrant une force moyenne qui assure une lib\u00e9ration claire et r\u00e9guli\u00e8re adapt\u00e9e aux utilisateurs r\u00e9guliers. Le format sans tabac, enti\u00e8rement blanc, garantit une exp\u00e9rience propre sans taches, sans fum\u00e9e ou odeur persistante, parfait pour un plaisir discret et rafra\u00eechissant \u00e0 tout moment.<\/p>\n<table>\n<tbody>\n<tr>\n<td><b>Attribut<\/b><\/td>\n<td><b>D\u00e9tails<\/b><\/td>\n<\/tr>\n<tr>\n<td><b>Marque<\/b><\/td>\n<td><span style=\"font-weight: 400;\">MYNT<\/span><\/td>\n<\/tr>\n<tr>\n<td><b>Type de produit<\/b><\/td>\n<td><span style=\"font-weight: 400;\">Tous les sachets de nicotine blancs<\/span><\/td>\n<\/tr>\n<tr>\n<td><b>Format<\/b><\/td>\n<td>Mince<\/td>\n<\/tr>\n<tr>\n<td><b>Saveur<\/b><\/td>\n<td>Gaulth\u00e9rie<\/td>\n<\/tr>\n<tr>\n<td><b>Intensit\u00e9 de la nicotine<\/b><\/td>\n<td><span style=\"font-weight: 400;\">9 mg per pouch (18 mg\/g)<\/span><\/td>\n<\/tr>\n<tr>\n<td><b>Poids de la portion<\/b><\/td>\n<td><span style=\"font-weight: 400;\">0,5 grammes<\/span><\/td>\n<\/tr>\n<tr>\n<td><b>Nombre de portions<\/b><\/td>\n<td><span style=\"font-weight: 400;\">20 par bo\u00eete<\/span><\/td>\n<\/tr>\n<tr>\n<td><b>Poids total de la bo\u00eete<\/b><\/td>\n<td><span style=\"font-weight: 400;\">8 grammes<\/span><\/td>\n<\/tr>\n<tr>\n<td><b>Fabricant<\/b><\/td>\n<td>Satyam's Sun Products Pvt Ltd<\/td>\n<\/tr>\n<tr>\n<td><b>Caract\u00e9ristiques notables<\/b><\/td>\n<td><span style=\"font-weight: 400;\">Sans tabac, format mince, ar\u00f4me rafra\u00eechissant de th\u00e9 des bois<\/span><\/td>\n<\/tr>\n<\/tbody>\n<\/table>","protected":false},"excerpt":{"rendered":"<p data-start=\"1386\" data-end=\"1459\"><strong>Gaulth\u00e9rie<\/strong> saveur dans un <b>mince <\/b>pochette avec <strong data-start=\"1494\" data-end=\"1513\">9 mg de nicotine<\/strong> par pochette.<\/p>","protected":false},"featured_media":95444,"comment_status":"open","ping_status":"closed","template":"","format":[206],"meta":{"_acf_changed":false},"product_brand":[],"product_cat":[11212],"product_tag":[16563],"flavours":[203],"nicotine":[215,232],"class_list":{"0":"post-94009","1":"product","2":"type-product","3":"status-publish","4":"has-post-thumbnail","6":"product_cat-mynt","7":"product_tag-9-mg-pouch","8":"pa_quantity-1-pack","9":"pa_quantity-10-pack","10":"pa_quantity-3-pack","11":"pa_quantity-30-pack","12":"pa_quantity-5-pack","13":"pa_quantity-60-pack","14":"flavours-wintergreen","15":"format-slim","16":"nicotine-18-mg-g","17":"nicotine-extra-strong","19":"first","20":"instock","21":"taxable","22":"shipping-taxable","23":"purchasable","24":"product-type-variable"},"acf":[],"_links":{"self":[{"href":"https:\/\/whitelip.com\/fr\/wp-json\/wp\/v2\/product\/94009","targetHints":{"allow":["GET"]}}],"collection":[{"href":"https:\/\/whitelip.com\/fr\/wp-json\/wp\/v2\/product"}],"about":[{"href":"https:\/\/whitelip.com\/fr\/wp-json\/wp\/v2\/types\/product"}],"replies":[{"embeddable":true,"href":"https:\/\/whitelip.com\/fr\/wp-json\/wp\/v2\/comments?post=94009"}],"wp:featuredmedia":[{"embeddable":true,"href":"https:\/\/whitelip.com\/fr\/wp-json\/wp\/v2\/media\/95444"}],"wp:attachment":[{"href":"https:\/\/whitelip.com\/fr\/wp-json\/wp\/v2\/media?parent=94009"}],"wp:term":[{"taxonomy":"product_brand","embeddable":true,"href":"https:\/\/whitelip.com\/fr\/wp-json\/wp\/v2\/product_brand?post=94009"},{"taxonomy":"product_cat","embeddable":true,"href":"https:\/\/whitelip.com\/fr\/wp-json\/wp\/v2\/product_cat?post=94009"},{"taxonomy":"product_tag","embeddable":true,"href":"https:\/\/whitelip.com\/fr\/wp-json\/wp\/v2\/product_tag?post=94009"},{"taxonomy":"flavours","embeddable":true,"href":"https:\/\/whitelip.com\/fr\/wp-json\/wp\/v2\/flavours?post=94009"},{"taxonomy":"format","embeddable":true,"href":"https:\/\/whitelip.com\/fr\/wp-json\/wp\/v2\/format?post=94009"},{"taxonomy":"nicotine","embeddable":true,"href":"https:\/\/whitelip.com\/fr\/wp-json\/wp\/v2\/nicotine?post=94009"}],"curies":[{"name":"wp","href":"https:\/\/api.w.org\/{rel}","templated":true}]}}