{"id":93167,"date":"2026-04-02T13:36:48","date_gmt":"2026-04-02T13:36:48","guid":{"rendered":"https:\/\/whitelip.com\/?post_type=product&#038;p=93167"},"modified":"2026-04-10T09:40:36","modified_gmt":"2026-04-10T09:40:36","slug":"lind-spearmint","status":"publish","type":"product","link":"https:\/\/whitelip.com\/fr\/lind\/lind-spearmint\/","title":{"rendered":"Lind Spearmint"},"content":{"rendered":"<h2>Lind Spearmint<\/h2>\n<p data-start=\"30\" data-end=\"241\">LIND Spearmint Slim contient 5 mg de nicotine par sachet et offre un profil de saveur menthe verte. Le produit est fabriqu\u00e9 par HS Factory Sweden AB \u00e0 Stockholm et se pr\u00e9sente au format sachet Slim.<\/p>\n<p data-start=\"243\" data-end=\"598\">Le profil de saveur est bas\u00e9 sur la menthe verte avec un caract\u00e8re frais et rafra\u00eechissant, fournissant une sensation de refroidissement lisse. Le format Slim est compos\u00e9 de sachets plus \u00e9troits con\u00e7us pour s'adapter r\u00e9guli\u00e8rement sous la l\u00e8vre et offrir un ajustement discret et confortable pendant l'utilisation. La structure du sachet supporte une lib\u00e9ration coh\u00e9rente et graduelle de saveur et de nicotine au fil du temps.<\/p>\n<p data-start=\"600\" data-end=\"896\">La concentration de nicotine est de 10 mg par gramme, correspondant \u00e0 5 mg de nicotine par sachet. Chaque sachet p\u00e8se 0,5 gramme. Chaque bo\u00eete contient 20 sachets pour un poids net total de 10 grammes, fournissant environ 100 mg de nicotine par bo\u00eete au total. Le niveau de nicotine est g\u00e9n\u00e9ralement consid\u00e9r\u00e9 comme normal.<\/p>\n<p data-start=\"898\" data-end=\"1046\">LIND est une s\u00e9rie de produits d\u00e9velopp\u00e9e par HS Factory Sweden AB, se concentrant sur des profils de saveur \u00e9quilibr\u00e9s, une qualit\u00e9 coh\u00e9rente et des m\u00e9thodes de production modernes.<\/p>\n<table>\n<tbody>\n<tr>\n<td><b>Attribut<\/b><\/td>\n<td><b>D\u00e9tails<\/b><\/td>\n<\/tr>\n<tr>\n<td><b>Contenu par bo\u00eete<\/b><\/td>\n<td><span style=\"font-weight: 400;\">10g (20 sachets)<\/span><\/td>\n<\/tr>\n<tr>\n<td><b>Teneur en nicotine<\/b><\/td>\n<td><span style=\"font-weight: 400;\">100 mg\/g (5 mg par sachet)<\/span><\/td>\n<\/tr>\n<tr>\n<td><b>Format de la pochette<\/b><\/td>\n<td><span style=\"font-weight: 400;\">Mince<\/span><\/td>\n<\/tr>\n<tr>\n<td><b>Producteur<\/b><\/td>\n<td><span style=\"font-weight: 400;\">HS Factory Sweden AB<\/span><\/td>\n<\/tr>\n<tr>\n<td><b>Saveur<\/b><\/td>\n<td><span style=\"font-weight: 400;\">Menthe verte<\/span><\/td>\n<\/tr>\n<tr>\n<td><b>Taper<\/b><\/td>\n<td><span style=\"font-weight: 400;\">Pochette toute blanche<\/span><\/td>\n<\/tr>\n<\/tbody>\n<\/table>","protected":false},"excerpt":{"rendered":"<p>LIND Spearmint Slim contient <strong data-start=\"1114\" data-end=\"1131\">5 mg de nicotine<\/strong> par sachet avec un profil de saveur menthe verte. Chaque bo\u00eete contient 20 <strong data-start=\"1196\" data-end=\"1204\">Mince<\/strong> sachets pesant 0,5 gramme chacun, avec une concentration de nicotine de 10 mg par gramme. Le produit est fabriqu\u00e9 \u00e0 Stockholm et correspond \u00e0 une force de nicotine normale.<\/p>","protected":false},"featured_media":93174,"comment_status":"open","ping_status":"closed","template":"","format":[206],"meta":{"_acf_changed":false},"product_brand":[],"product_cat":[17017],"product_tag":[16421],"flavours":[199],"nicotine":[207,236],"class_list":{"0":"post-93167","1":"product","2":"type-product","3":"status-publish","4":"has-post-thumbnail","6":"product_cat-lind","7":"product_tag-new","8":"pa_quantity-1-pack","9":"pa_quantity-10-pack","10":"pa_quantity-3-pack","11":"pa_quantity-30-pack","12":"pa_quantity-5-pack","13":"pa_quantity-60-pack","14":"flavours-mint","15":"format-slim","16":"nicotine-10-mg-g","17":"nicotine-strong","19":"first","20":"instock","21":"sale","22":"taxable","23":"shipping-taxable","24":"purchasable","25":"product-type-variable"},"acf":[],"_links":{"self":[{"href":"https:\/\/whitelip.com\/fr\/wp-json\/wp\/v2\/product\/93167","targetHints":{"allow":["GET"]}}],"collection":[{"href":"https:\/\/whitelip.com\/fr\/wp-json\/wp\/v2\/product"}],"about":[{"href":"https:\/\/whitelip.com\/fr\/wp-json\/wp\/v2\/types\/product"}],"replies":[{"embeddable":true,"href":"https:\/\/whitelip.com\/fr\/wp-json\/wp\/v2\/comments?post=93167"}],"wp:featuredmedia":[{"embeddable":true,"href":"https:\/\/whitelip.com\/fr\/wp-json\/wp\/v2\/media\/93174"}],"wp:attachment":[{"href":"https:\/\/whitelip.com\/fr\/wp-json\/wp\/v2\/media?parent=93167"}],"wp:term":[{"taxonomy":"product_brand","embeddable":true,"href":"https:\/\/whitelip.com\/fr\/wp-json\/wp\/v2\/product_brand?post=93167"},{"taxonomy":"product_cat","embeddable":true,"href":"https:\/\/whitelip.com\/fr\/wp-json\/wp\/v2\/product_cat?post=93167"},{"taxonomy":"product_tag","embeddable":true,"href":"https:\/\/whitelip.com\/fr\/wp-json\/wp\/v2\/product_tag?post=93167"},{"taxonomy":"flavours","embeddable":true,"href":"https:\/\/whitelip.com\/fr\/wp-json\/wp\/v2\/flavours?post=93167"},{"taxonomy":"format","embeddable":true,"href":"https:\/\/whitelip.com\/fr\/wp-json\/wp\/v2\/format?post=93167"},{"taxonomy":"nicotine","embeddable":true,"href":"https:\/\/whitelip.com\/fr\/wp-json\/wp\/v2\/nicotine?post=93167"}],"curies":[{"name":"wp","href":"https:\/\/api.w.org\/{rel}","templated":true}]}}